{"id":15930,"date":"2024-02-28T13:54:10","date_gmt":"2024-02-28T18:54:10","guid":{"rendered":"https:\/\/cafo.org\/?page_id=15930"},"modified":"2024-03-11T10:34:04","modified_gmt":"2024-03-11T14:34:04","slug":"purereligion-church-ministry-essentials-special-offers","status":"publish","type":"page","link":"https:\/\/cafo.org\/es\/purereligion\/church-ministry-essentials-special-offers\/","title":{"rendered":"Ofertas especiales de Church Ministry Essentials"},"content":{"rendered":"\n<h1>\n\t\tChurch Ministry Essentials\n\t<\/h1>\n\n\t\tBuilding an &#8220;Everyone Can Do Something&#8221; Culture in Your Church&#8217;s Foster, Adoption or Family Support Ministry\n\t\n<h2>\n\t\tChurch Ministry Essentials <br \/>Special Offers Request\n\t<\/h2>\n\t\t\t\n\t\t\n                            <h2>Church Ministry Essentials Special Offers<\/h2>\n                            \n\t\t\t\t\t\t\t&quot;*&quot; indicates required fields\n                        <form method='post' enctype='multipart\/form-data' target='gform_ajax_frame_70' id='gform_70'  action='\/purereligion\/church-ministry-essentials-special-offers\/?fl_builder#gf_70' data-formid='70' novalidate>\n                        <fieldset id=\"field_70_1\"  data-js-reload=\"field_70_1\"><legend class='gfield_label gform-field-label gfield_label_before_complex'>Contact Name*<\/legend>\n                                                    <input type='text' name='input_1.3' id='input_70_1_3' value='' tabindex='101'  aria-required='true'     \/>\n                                                    <label for='input_70_1_3' class='gform-field-label gform-field-label--type-sub '>First<\/label>\n                                                    <input type='text' name='input_1.6' id='input_70_1_6' value='' tabindex='103'  aria-required='true'     \/>\n                                                    <label for='input_70_1_6' class='gform-field-label gform-field-label--type-sub '>Last<\/label>\n                        <\/fieldset><label class='gfield_label gform-field-label' for='input_70_3'>Contact Email*<\/label>\n                            <input name='input_3' id='input_70_3' type='email' value='' class='large' tabindex='105'   aria-required=\"true\" aria-invalid=\"false\"  \/>\n                        <label class='gfield_label gform-field-label' for='input_70_4'>Contact Phone*<\/label><input name='input_4' id='input_70_4' type='tel' value='' class='large' tabindex='106'  aria-required=\"true\" aria-invalid=\"false\"   \/><fieldset id=\"field_70_5\"  data-js-reload=\"field_70_5\"><legend class='gfield_label gform-field-label'>Which special offer applies to you?*<\/legend>\n\t\t\t\t\t<input class='gfield-choice-input' name='input_5' type='radio' value='CAFO Member'  id='choice_70_5_0' onchange='gformToggleRadioOther( this )'  tabindex='107'  \/>\n\t\t\t\t\t<label for='choice_70_5_0' id='label_70_5_0' class='gform-field-label gform-field-label--type-inline'>CAFO Member<\/label>\n\t\t\t\t\t<input class='gfield-choice-input' name='input_5' type='radio' value='Single Church (Looking to share internally with your church and\/or ministry team)'  id='choice_70_5_1' onchange='gformToggleRadioOther( this )'  tabindex='108'  \/>\n\t\t\t\t\t<label for='choice_70_5_1' id='label_70_5_1' class='gform-field-label gform-field-label--type-inline'>Single Church (Looking to share internally with your church and\/or ministry team)<\/label>\n\t\t\t\t\t<input class='gfield-choice-input' name='input_5' type='radio' value='Network\/Group (Looking to share externally with churches that are official members of your network, denomination, group, etc.)'  id='choice_70_5_2' onchange='gformToggleRadioOther( this )'  tabindex='109'  \/>\n\t\t\t\t\t<label for='choice_70_5_2' id='label_70_5_2' class='gform-field-label gform-field-label--type-inline'>Network\/Group (Looking to share externally with churches that are official members of your network, denomination, group, etc.)<\/label>\n\t\t\t<\/fieldset><label class='gfield_label gform-field-label' for='input_70_17'>Name of your Network\/Group\/Denomination*<\/label><input name='input_17' id='input_70_17' type='text' value='' class='large'   tabindex='110'  aria-required=\"true\" aria-invalid=\"false\"   \/> <label class='gfield_label gform-field-label' for='input_70_6'>Who would you like to give access to Church Ministry Essentials?*<\/label><input name='input_6' id='input_70_6' type='text' value='' class='large'   tabindex='111'  aria-required=\"true\" aria-invalid=\"false\"   \/> <label class='gfield_label gform-field-label' for='input_70_8'>Roughly how many churches are in your network?*<\/label><input name='input_8' id='input_70_8' type='text' value='' class='large'   tabindex='112'  aria-required=\"true\" aria-invalid=\"false\"   \/> <label class='gfield_label gform-field-label' for='input_70_9'>What is the name of your church?*<\/label><input name='input_9' id='input_70_9' type='text' value='' class='large'   tabindex='113'  aria-required=\"true\" aria-invalid=\"false\"   \/> <fieldset id=\"field_70_12\"  data-js-reload=\"field_70_12\"><legend class='gfield_label gform-field-label'>Is your church a CAFO Member?*<\/legend>\n\t\t\t\t\t<input class='gfield-choice-input' name='input_12' type='radio' value='Yes'  id='choice_70_12_0' onchange='gformToggleRadioOther( this )'  tabindex='114'  \/>\n\t\t\t\t\t<label for='choice_70_12_0' id='label_70_12_0' class='gform-field-label gform-field-label--type-inline'>Yes<\/label>\n\t\t\t\t\t<input class='gfield-choice-input' name='input_12' type='radio' value='No'  id='choice_70_12_1' onchange='gformToggleRadioOther( this )'  tabindex='115'  \/>\n\t\t\t\t\t<label for='choice_70_12_1' id='label_70_12_1' class='gform-field-label gform-field-label--type-inline'>No<\/label>\n\t\t\t<\/fieldset><label class='gfield_label gform-field-label' for='input_70_10'>Roughly how many people from your team do you envision completing Church Ministry Essentials?*<\/label><input name='input_10' id='input_70_10' type='text' value='' class='large'   tabindex='116'  aria-required=\"true\" aria-invalid=\"false\"   \/> <label class='gfield_label gform-field-label' for='input_70_13'>What is the name of your church?*<\/label><input name='input_13' id='input_70_13' type='text' value='' class='large'   tabindex='117'  aria-required=\"true\" aria-invalid=\"false\"   \/> <fieldset id=\"field_70_15\"  data-js-reload=\"field_70_15\"><legend class='gfield_label gform-field-label gfield_label_before_complex'>CAFO Membership Contact (If different from above)<\/legend>\n                                                    <input type='text' name='input_15.3' id='input_70_15_3' value='' tabindex='119'  aria-required='false'     \/>\n                                                    <label for='input_70_15_3' class='gform-field-label gform-field-label--type-sub '>First<\/label>\n                                                    <input type='text' name='input_15.6' id='input_70_15_6' value='' tabindex='121'  aria-required='false'     \/>\n                                                    <label for='input_70_15_6' class='gform-field-label gform-field-label--type-sub '>Last<\/label>\n                        <\/fieldset><label class='gfield_label gform-field-label' for='input_70_16'>CAFO Membership Email (If different from above)<\/label>\n                            <input name='input_16' id='input_70_16' type='email' value='' class='large' tabindex='123'    aria-invalid=\"false\"  \/>\n         <input type='submit' id='gform_submit_button_70' class='gform_button button' value='Submit' tabindex='124' onclick='if(window[\"gf_submitting_70\"]){return false;}  if( !jQuery(\"#gform_70\")[0].checkValidity || jQuery(\"#gform_70\")[0].checkValidity()){window[\"gf_submitting_70\"]=true;}  ' onkeypress='if( event.keyCode == 13 ){ if(window[\"gf_submitting_70\"]){return false;} if( !jQuery(\"#gform_70\")[0].checkValidity || jQuery(\"#gform_70\")[0].checkValidity()){window[\"gf_submitting_70\"]=true;}  jQuery(\"#gform_70\").trigger(\"submit\",[true]); }' \/> <input type='hidden' name='gform_ajax' value='form_id=70&amp;title=1&amp;description=1&amp;tabindex=100&amp;theme=data-form-theme=&#039;gravity-theme&#039;' \/>\n            <input type='hidden' class='gform_hidden' name='is_submit_70' value='1' \/>\n            <input type='hidden' class='gform_hidden' name='gform_submit' value='70' \/>\n            <input type='hidden' class='gform_hidden' name='gform_unique_id' value='' \/>\n            <input type='hidden' class='gform_hidden' name='state_70' value='WyJ7XCI1XCI6W1wiOWJjZTBhNmM1ZjRmYWQ2ZWNhNzMwNmJhMmM1M2Q5MzJcIixcIjZhMmRjZDY5OTE1Mzk2MDRmZGQ4NmM3OWU1MzcxMDZmXCIsXCJlNzVjZjlkOTYwZjA4ODgwNjk5ZTAxMjUxYTQxOTk0YlwiXSxcIjEyXCI6W1wiNjEyYzY2ZDg2NDUzZTkzZTk3MjcxZDMxNGM2ODk3OWJcIixcImFkMzM4OTU3MDE3MTc0ZWZlNDhkZmUxMGQ1ZjMzMmIyXCJdfSIsIjczNzc1MTc5ZTY0OGUxN2E3MzNlYjk4ZWY5MjdlOTA2Il0=' \/>\n            <input type='hidden' class='gform_hidden' name='gform_target_page_number_70' id='gform_target_page_number_70' value='0' \/>\n            <input type='hidden' class='gform_hidden' name='gform_source_page_number_70' id='gform_source_page_number_70' value='1' \/>\n            <input type='hidden' name='gform_field_values' value='' \/>\n                        <label>&#916;<textarea name=\"ak_hp_textarea\" cols=\"45\" rows=\"8\" maxlength=\"100\"><\/textarea><\/label><input type=\"hidden\" id=\"ak_js_1\" name=\"ak_js\" value=\"58\"\/><\/form>\n\t\t                <iframe style='display:none;width:0px;height:0px;' src='about:blank' name='gform_ajax_frame_70' id='gform_ajax_frame_70' title='This iframe contains the logic required to handle Ajax powered Gravity Forms.'><\/iframe>\n<h2>\n\t\tDiscover More Resources from the <em>Pure Religion Project\n\t<\/em><\/h2>\n\t\t\t\t\t<a href=\"https:\/\/cafo.org\/resources\/mission-wise-scripture-science-and-serving-the-worlds-most-vulnerable\/\">\n\t\t\t\t\t\t\t\t\t\t\t\t\t<img decoding=\"async\" src=\"https:\/\/cafo.org\/wp-content\/uploads\/2023\/10\/Missionwise-scaled.jpg\" alt=\"\"\/>\n\t\t\t\t\t\t\t\t\t\t\t<\/a>\n\t\t\t\t\t\t\t<a href=\"https:\/\/cafo.org\/resource\/type\/book\/\" rel=\"tag\">Book<\/a>\t\t\t\t\t\t\n\t\t\t\t\t\t\t\t\t\t<h3><a href=\"https:\/\/cafo.org\/resources\/mission-wise-scripture-science-and-serving-the-worlds-most-vulnerable\/\">Mission Wise: Scripture, Science, and Serving the World&#8217;s Most Vulnerable<\/a><\/h3>\n\t\t\t\t\t<a href=\"https:\/\/cafo.org\/resources\/everyone-can-do-something\/\">\n\t\t\t\t\t\t\t\t\t\t\t\t\t<img decoding=\"async\" src=\"https:\/\/cafo.org\/wp-content\/uploads\/2023\/10\/Everyone-Can-Do-Something-1-scaled.jpg\" alt=\"\"\/>\n\t\t\t\t\t\t\t\t\t\t\t<\/a>\n\t\t\t\t\t\t\t<a href=\"https:\/\/cafo.org\/resource\/type\/book\/\" rel=\"tag\">Book<\/a>\t\t\t\t\t\t\n\t\t\t\t\t\t\t\t\t\t<h3><a href=\"https:\/\/cafo.org\/resources\/everyone-can-do-something\/\">Everyone Can Do Something<\/a><\/h3>\n\t\t\t\t\t<a href=\"https:\/\/cafo.org\/resources\/2023-pure-religion-sunday-field-guide\/\">\n\t\t\t\t\t\t\t\t\t\t\t\t\t<img decoding=\"async\" src=\"https:\/\/cafo.org\/wp-content\/uploads\/2023\/08\/PRP-Field-Guide-1.jpg\" alt=\"Pure Religion Project Field guide\"\/>\n\t\t\t\t\t\t\t\t\t\t\t<\/a>\n\t\t\t\t\t\t\t<a href=\"https:\/\/cafo.org\/resource\/type\/booklet\/\" rel=\"tag\">Booklet<\/a>\t\t\t\t\t\t\n\t\t\t\t\t\t\t\t\t\t<h3><a href=\"https:\/\/cafo.org\/resources\/2023-pure-religion-sunday-field-guide\/\">2023 Pure Religion Project Field Guide<\/a><\/h3>\n\t\t\t\t\t<a href=\"https:\/\/cafo.org\/resources\/know-seven-things-to-know-when-considering-foster-care-adoption-and-global-orphan-care\/\">\n\t\t\t\t\t\t\t\t\t\t\t\t\t<img decoding=\"async\" src=\"https:\/\/cafo.org\/wp-content\/uploads\/2023\/09\/PRP-Know-ECDS-mockup.jpg\" alt=\"\"\/>\n\t\t\t\t\t\t\t\t\t\t\t<\/a>\n\t\t\t\t\t\t\t<a href=\"https:\/\/cafo.org\/resource\/type\/booklet\/\" rel=\"tag\">Booklet<\/a>\t\t\t\t\t\t\n\t\t\t\t\t\t\t\t\t\t<h3><a href=\"https:\/\/cafo.org\/resources\/know-seven-things-to-know-when-considering-foster-care-adoption-and-global-orphan-care\/\">Know: Seven Things to Know When Considering Foster Care, Adoption and Global Orphan Care<\/a><\/h3>\n\t\t\t\t\t<a href=\"https:\/\/cafo.org\/resources\/effectively-engaging-churches\/\">\n\t\t\t\t\t\t\t\t\t\t\t\t\t<img decoding=\"async\" src=\"https:\/\/cafo.org\/wp-content\/uploads\/2023\/10\/Effectively-Engaging-Churches-1-scaled.jpg\" alt=\"\"\/>\n\t\t\t\t\t\t\t\t\t\t\t<\/a>\n\t\t\t\t\t\t\t<a href=\"https:\/\/cafo.org\/resource\/type\/book\/\" rel=\"tag\">Book<\/a>\t\t\t\t\t\t\n\t\t\t\t\t\t\t\t\t\t<h3><a href=\"https:\/\/cafo.org\/resources\/effectively-engaging-churches\/\">Effectively Engaging Churches<\/a><\/h3>\n\t\t\t\t\t<a href=\"https:\/\/cafo.org\/resources\/launch-principles-to-consider-and-common-pitfalls-to-avoid-when-launching-and-leading-ministry\/\">\n\t\t\t\t\t\t\t\t\t\t\t\t\t<img decoding=\"async\" src=\"https:\/\/cafo.org\/wp-content\/uploads\/2023\/09\/PRP-Launch-ECDS-mockup.jpg\" alt=\"\"\/>\n\t\t\t\t\t\t\t\t\t\t\t<\/a>\n\t\t\t\t\t\t\t<a href=\"https:\/\/cafo.org\/resource\/type\/booklet\/\" rel=\"tag\">Booklet<\/a>\t\t\t\t\t\t\n\t\t\t\t\t\t\t\t\t\t<h3><a href=\"https:\/\/cafo.org\/resources\/launch-principles-to-consider-and-common-pitfalls-to-avoid-when-launching-and-leading-ministry\/\">Launch: Principles to Consider and Common Pitfalls to Avoid when Launching and Leading Ministry<\/a><\/h3>\n\n","protected":false},"excerpt":{"rendered":"<p>Puntos esenciales del ministerio eclesi\u00e1stico Crear una cultura de \"todos podemos hacer algo\" en el ministerio de acogida, adopci\u00f3n o apoyo familiar de su iglesia Ofertas especiales de Puntos esenciales del ministerio eclesi\u00e1stico Solicitar Ofertas especiales de Puntos esenciales del ministerio eclesi\u00e1stico \"*\" indica que los campos son obligatorios Nombre de contacto* Primer apellido Correo electr\u00f3nico de contacto* Tel\u00e9fono de contacto* \u00bfQu\u00e9 oferta especial se aplica a su caso?* CAFO Miembro Iglesia soltera (Busca compartir ... <a title=\"Ofertas especiales de Church Ministry Essentials\" class=\"read-more\" href=\"https:\/\/cafo.org\/es\/purereligion\/church-ministry-essentials-special-offers\/\" aria-label=\"Leer m\u00e1s sobre Ofertas especiales de Church Ministry Essentials\">Seguir leyendo<\/a><\/p>","protected":false},"author":24,"featured_media":0,"parent":3398,"menu_order":0,"comment_status":"closed","ping_status":"closed","template":"page-church-ministry-initiative.php","meta":{"_acf_changed":false,"footnotes":""},"class_list":["post-15930","page","type-page","status-publish"],"acf":[],"yoast_head":"<!-- This site is optimized with the Yoast SEO plugin v27.4 - https:\/\/yoast.com\/product\/yoast-seo-wordpress\/ -->\n<title>Church Ministry Essentials Special Offers - Christian Alliance for Orphans<\/title>\n<meta name=\"robots\" content=\"index, follow, max-snippet:-1, max-image-preview:large, max-video-preview:-1\" \/>\n<link rel=\"canonical\" href=\"https:\/\/cafo.org\/es\/purereligion\/church-ministry-essentials-special-offers\/\" \/>\n<meta property=\"og:locale\" content=\"es_MX\" \/>\n<meta property=\"og:type\" content=\"article\" \/>\n<meta property=\"og:title\" content=\"Church Ministry Essentials Special Offers - Christian Alliance for Orphans\" \/>\n<meta property=\"og:description\" content=\"Church Ministry Essentials Building an &#8220;Everyone Can Do Something&#8221; Culture in Your Church&#8217;s Foster, Adoption or Family Support Ministry Church Ministry Essentials Special Offers Request Church Ministry Essentials Special Offers &quot;*&quot; indicates required fields Contact Name* First Last Contact Email* Contact Phone* Which special offer applies to you?* CAFO Member Single Church (Looking to share ... Read more\" \/>\n<meta property=\"og:url\" content=\"https:\/\/cafo.org\/es\/purereligion\/church-ministry-essentials-special-offers\/\" \/>\n<meta property=\"og:site_name\" content=\"Christian Alliance for Orphans\" \/>\n<meta property=\"article:modified_time\" content=\"2024-03-11T14:34:04+00:00\" \/>\n<meta property=\"og:image\" content=\"https:\/\/cafo.org\/wp-content\/uploads\/2023\/10\/Missionwise-scaled.jpg\" \/>\n<meta name=\"twitter:card\" content=\"summary_large_image\" \/>\n<meta name=\"twitter:label1\" content=\"Tiempo de lectura\" \/>\n\t<meta name=\"twitter:data1\" content=\"1 minuto\" \/>\n<script type=\"application\/ld+json\" class=\"yoast-schema-graph\">{\"@context\":\"https:\\\/\\\/schema.org\",\"@graph\":[{\"@type\":\"WebPage\",\"@id\":\"https:\\\/\\\/cafo.org\\\/es\\\/purereligion\\\/church-ministry-essentials-special-offers\\\/\",\"url\":\"https:\\\/\\\/cafo.org\\\/es\\\/purereligion\\\/church-ministry-essentials-special-offers\\\/\",\"name\":\"Church Ministry Essentials Special Offers - Christian Alliance for Orphans\",\"isPartOf\":{\"@id\":\"https:\\\/\\\/cafo.org\\\/es\\\/#website\"},\"primaryImageOfPage\":{\"@id\":\"https:\\\/\\\/cafo.org\\\/es\\\/purereligion\\\/church-ministry-essentials-special-offers\\\/#primaryimage\"},\"image\":{\"@id\":\"https:\\\/\\\/cafo.org\\\/es\\\/purereligion\\\/church-ministry-essentials-special-offers\\\/#primaryimage\"},\"thumbnailUrl\":\"https:\\\/\\\/cafo.org\\\/wp-content\\\/uploads\\\/2023\\\/10\\\/Missionwise-scaled.jpg\",\"datePublished\":\"2024-02-28T18:54:10+00:00\",\"dateModified\":\"2024-03-11T14:34:04+00:00\",\"breadcrumb\":{\"@id\":\"https:\\\/\\\/cafo.org\\\/es\\\/purereligion\\\/church-ministry-essentials-special-offers\\\/#breadcrumb\"},\"inLanguage\":\"es\",\"potentialAction\":[{\"@type\":\"ReadAction\",\"target\":[\"https:\\\/\\\/cafo.org\\\/es\\\/purereligion\\\/church-ministry-essentials-special-offers\\\/\"]}]},{\"@type\":\"ImageObject\",\"inLanguage\":\"es\",\"@id\":\"https:\\\/\\\/cafo.org\\\/es\\\/purereligion\\\/church-ministry-essentials-special-offers\\\/#primaryimage\",\"url\":\"https:\\\/\\\/cafo.org\\\/wp-content\\\/uploads\\\/2023\\\/10\\\/Missionwise-scaled.jpg\",\"contentUrl\":\"https:\\\/\\\/cafo.org\\\/wp-content\\\/uploads\\\/2023\\\/10\\\/Missionwise-scaled.jpg\"},{\"@type\":\"BreadcrumbList\",\"@id\":\"https:\\\/\\\/cafo.org\\\/es\\\/purereligion\\\/church-ministry-essentials-special-offers\\\/#breadcrumb\",\"itemListElement\":[{\"@type\":\"ListItem\",\"position\":1,\"name\":\"Home\",\"item\":\"https:\\\/\\\/cafo.org\\\/\"},{\"@type\":\"ListItem\",\"position\":2,\"name\":\"Pure Religion\",\"item\":\"https:\\\/\\\/cafo.org\\\/purereligion\\\/\"},{\"@type\":\"ListItem\",\"position\":3,\"name\":\"Church Ministry Essentials Special Offers\"}]},{\"@type\":\"WebSite\",\"@id\":\"https:\\\/\\\/cafo.org\\\/es\\\/#website\",\"url\":\"https:\\\/\\\/cafo.org\\\/es\\\/\",\"name\":\"Christian Alliance for Orphans\",\"description\":\"\",\"potentialAction\":[{\"@type\":\"SearchAction\",\"target\":{\"@type\":\"EntryPoint\",\"urlTemplate\":\"https:\\\/\\\/cafo.org\\\/es\\\/?s={search_term_string}\"},\"query-input\":{\"@type\":\"PropertyValueSpecification\",\"valueRequired\":true,\"valueName\":\"search_term_string\"}}],\"inLanguage\":\"es\"}]}<\/script>\n<!-- \/ Yoast SEO plugin. -->","yoast_head_json":{"title":"Church Ministry Essentials Special Offers - Christian Alliance for Orphans","robots":{"index":"index","follow":"follow","max-snippet":"max-snippet:-1","max-image-preview":"max-image-preview:large","max-video-preview":"max-video-preview:-1"},"canonical":"https:\/\/cafo.org\/es\/purereligion\/church-ministry-essentials-special-offers\/","og_locale":"es_MX","og_type":"article","og_title":"Church Ministry Essentials Special Offers - Christian Alliance for Orphans","og_description":"Church Ministry Essentials Building an &#8220;Everyone Can Do Something&#8221; Culture in Your Church&#8217;s Foster, Adoption or Family Support Ministry Church Ministry Essentials Special Offers Request Church Ministry Essentials Special Offers &quot;*&quot; indicates required fields Contact Name* First Last Contact Email* Contact Phone* Which special offer applies to you?* CAFO Member Single Church (Looking to share ... Read more","og_url":"https:\/\/cafo.org\/es\/purereligion\/church-ministry-essentials-special-offers\/","og_site_name":"Christian Alliance for Orphans","article_modified_time":"2024-03-11T14:34:04+00:00","og_image":[{"url":"https:\/\/cafo.org\/wp-content\/uploads\/2023\/10\/Missionwise-scaled.jpg","type":"","width":"","height":""}],"twitter_card":"summary_large_image","twitter_misc":{"Tiempo de lectura":"1 minuto"},"schema":{"@context":"https:\/\/schema.org","@graph":[{"@type":"WebPage","@id":"https:\/\/cafo.org\/es\/purereligion\/church-ministry-essentials-special-offers\/","url":"https:\/\/cafo.org\/es\/purereligion\/church-ministry-essentials-special-offers\/","name":"Church Ministry Essentials Special Offers - Christian Alliance for Orphans","isPartOf":{"@id":"https:\/\/cafo.org\/es\/#website"},"primaryImageOfPage":{"@id":"https:\/\/cafo.org\/es\/purereligion\/church-ministry-essentials-special-offers\/#primaryimage"},"image":{"@id":"https:\/\/cafo.org\/es\/purereligion\/church-ministry-essentials-special-offers\/#primaryimage"},"thumbnailUrl":"https:\/\/cafo.org\/wp-content\/uploads\/2023\/10\/Missionwise-scaled.jpg","datePublished":"2024-02-28T18:54:10+00:00","dateModified":"2024-03-11T14:34:04+00:00","breadcrumb":{"@id":"https:\/\/cafo.org\/es\/purereligion\/church-ministry-essentials-special-offers\/#breadcrumb"},"inLanguage":"es","potentialAction":[{"@type":"ReadAction","target":["https:\/\/cafo.org\/es\/purereligion\/church-ministry-essentials-special-offers\/"]}]},{"@type":"ImageObject","inLanguage":"es","@id":"https:\/\/cafo.org\/es\/purereligion\/church-ministry-essentials-special-offers\/#primaryimage","url":"https:\/\/cafo.org\/wp-content\/uploads\/2023\/10\/Missionwise-scaled.jpg","contentUrl":"https:\/\/cafo.org\/wp-content\/uploads\/2023\/10\/Missionwise-scaled.jpg"},{"@type":"BreadcrumbList","@id":"https:\/\/cafo.org\/es\/purereligion\/church-ministry-essentials-special-offers\/#breadcrumb","itemListElement":[{"@type":"ListItem","position":1,"name":"Home","item":"https:\/\/cafo.org\/"},{"@type":"ListItem","position":2,"name":"Pure Religion","item":"https:\/\/cafo.org\/purereligion\/"},{"@type":"ListItem","position":3,"name":"Church Ministry Essentials Special Offers"}]},{"@type":"WebSite","@id":"https:\/\/cafo.org\/es\/#website","url":"https:\/\/cafo.org\/es\/","name":"Christian Alliance for Orphans","description":"","potentialAction":[{"@type":"SearchAction","target":{"@type":"EntryPoint","urlTemplate":"https:\/\/cafo.org\/es\/?s={search_term_string}"},"query-input":{"@type":"PropertyValueSpecification","valueRequired":true,"valueName":"search_term_string"}}],"inLanguage":"es"}]}},"_links":{"self":[{"href":"https:\/\/cafo.org\/es\/wp-json\/wp\/v2\/pages\/15930","targetHints":{"allow":["GET"]}}],"collection":[{"href":"https:\/\/cafo.org\/es\/wp-json\/wp\/v2\/pages"}],"about":[{"href":"https:\/\/cafo.org\/es\/wp-json\/wp\/v2\/types\/page"}],"author":[{"embeddable":true,"href":"https:\/\/cafo.org\/es\/wp-json\/wp\/v2\/users\/24"}],"replies":[{"embeddable":true,"href":"https:\/\/cafo.org\/es\/wp-json\/wp\/v2\/comments?post=15930"}],"version-history":[{"count":13,"href":"https:\/\/cafo.org\/es\/wp-json\/wp\/v2\/pages\/15930\/revisions"}],"predecessor-version":[{"id":16016,"href":"https:\/\/cafo.org\/es\/wp-json\/wp\/v2\/pages\/15930\/revisions\/16016"}],"up":[{"embeddable":true,"href":"https:\/\/cafo.org\/es\/wp-json\/wp\/v2\/pages\/3398"}],"wp:attachment":[{"href":"https:\/\/cafo.org\/es\/wp-json\/wp\/v2\/media?parent=15930"}],"curies":[{"name":"wp","href":"https:\/\/api.w.org\/{rel}","templated":true}]}}