{"id":16516,"date":"2024-04-10T14:46:34","date_gmt":"2024-04-10T18:46:34","guid":{"rendered":"https:\/\/cafo.org\/?page_id=16516"},"modified":"2026-03-13T16:09:12","modified_gmt":"2026-03-13T20:09:12","slug":"data-contribution-form-copy","status":"publish","type":"page","link":"https:\/\/cafo.org\/es\/morethanenough\/share-your-data\/","title":{"rendered":"Comparta sus datos"},"content":{"rendered":"More Than Enough\t\n<h1>\n\t\t\tComparta sus datos\t<\/h1>\n\n\t\t\tConstruir un espacio para los datos recientes y locales sobre acogimiento familiar... Juntos.\n\t\n\n\t\tEl Intercambio de Datos More Than Enough re\u00fane la mayor cantidad posible de datos de plataformas p\u00fablicas en l\u00ednea para cada estado. La realidad es que la mayor\u00eda de los datos recientes de cuidado de crianza a nivel de condado no est\u00e1 disponible de manera consistente de esta manera. Sin embargo, debido a las relaciones que tiene en su estado, es muy posible que s\u00ed tenga acceso a este tipo de datos. Si cree que puede ayudarnos a obtener datos locales y recientes sobre el acogimiento familiar en su estado, h\u00e1ganoslo saber a continuaci\u00f3n.\t\n\t<p><a href=\"https:\/\/docs.google.com\/document\/d\/1FouhzDObCdgoko2q4uOToc7kH9IhUzOp0_kOKoCUZQ8\/edit?usp=sharing\" target=\"_blank\" rel=\"noopener\">Pulse aqu\u00ed<\/a> para saber m\u00e1s sobre los datos que recopilamos.<\/p>\n<p>Por favor, rellene las siguientes preguntas para contribuir con sus datos al Cuadro de Mando de M\u00e1s que Suficiente. Si es necesario, un miembro del equipo de More than Enough se pondr\u00e1 en contacto con usted para proporcionarle m\u00e1s informaci\u00f3n o formularle preguntas.<\/p>","protected":false},"excerpt":{"rendered":"<p>More Than Enough Comparte tus datos Construyendo un espacio para los datos recientes y locales sobre el acogimiento familiar... Juntos. El Intercambio de Datos More Than Enough re\u00fane la mayor cantidad posible de datos de plataformas p\u00fablicas en l\u00ednea para cada estado. La realidad es que la mayor\u00eda de los datos recientes de acogida a nivel de condado no est\u00e1n disponibles de esta manera. Sin embargo, ... <a title=\"Comparta sus datos\" class=\"read-more\" href=\"https:\/\/cafo.org\/es\/morethanenough\/share-your-data\/\" aria-label=\"Leer m\u00e1s sobre Comparte tus datos\">Seguir leyendo<\/a><\/p>","protected":false},"author":24,"featured_media":0,"parent":2868,"menu_order":79,"comment_status":"closed","ping_status":"closed","template":"page-more-than-enough.php","meta":{"_acf_changed":false,"footnotes":""},"class_list":["post-16516","page","type-page","status-publish"],"acf":[],"yoast_head":"<!-- This site is optimized with the Yoast SEO plugin v27.4 - https:\/\/yoast.com\/product\/yoast-seo-wordpress\/ -->\n<title>Share Your Data - Christian Alliance for Orphans<\/title>\n<meta name=\"robots\" content=\"index, follow, max-snippet:-1, max-image-preview:large, max-video-preview:-1\" \/>\n<link rel=\"canonical\" href=\"https:\/\/cafo.org\/es\/morethanenough\/share-your-data\/\" \/>\n<meta property=\"og:locale\" content=\"es_MX\" \/>\n<meta property=\"og:type\" content=\"article\" \/>\n<meta property=\"og:title\" content=\"Share Your Data - Christian Alliance for Orphans\" \/>\n<meta property=\"og:description\" content=\"More Than Enough Share Your Data Building a Space for Recent and Local Foster Care Data&#8230; Together. The More Than Enough Data Exchange gathers as much data as possible from public, online platforms for each state. The reality is that most recent county-level foster care data is not consistently available in this way. However, because ... Read more\" \/>\n<meta property=\"og:url\" content=\"https:\/\/cafo.org\/es\/morethanenough\/share-your-data\/\" \/>\n<meta property=\"og:site_name\" content=\"Christian Alliance for Orphans\" \/>\n<meta property=\"article:modified_time\" content=\"2026-03-13T20:09:12+00:00\" \/>\n<meta property=\"og:image\" content=\"https:\/\/cafo.org\/wp-content\/uploads\/2023\/08\/HOMEPAGE-RONNIE.png\" \/>\n\t<meta property=\"og:image:width\" content=\"2400\" \/>\n\t<meta property=\"og:image:height\" content=\"942\" \/>\n\t<meta property=\"og:image:type\" content=\"image\/png\" \/>\n<meta name=\"twitter:card\" content=\"summary_large_image\" \/>\n<meta name=\"twitter:label1\" content=\"Tiempo de lectura\" \/>\n\t<meta name=\"twitter:data1\" content=\"1 minuto\" \/>\n<script type=\"application\/ld+json\" class=\"yoast-schema-graph\">{\"@context\":\"https:\\\/\\\/schema.org\",\"@graph\":[{\"@type\":\"WebPage\",\"@id\":\"https:\\\/\\\/cafo.org\\\/es\\\/morethanenough\\\/share-your-data\\\/\",\"url\":\"https:\\\/\\\/cafo.org\\\/es\\\/morethanenough\\\/share-your-data\\\/\",\"name\":\"Share Your Data - Christian Alliance for Orphans\",\"isPartOf\":{\"@id\":\"https:\\\/\\\/cafo.org\\\/es\\\/#website\"},\"datePublished\":\"2024-04-10T18:46:34+00:00\",\"dateModified\":\"2026-03-13T20:09:12+00:00\",\"breadcrumb\":{\"@id\":\"https:\\\/\\\/cafo.org\\\/es\\\/morethanenough\\\/share-your-data\\\/#breadcrumb\"},\"inLanguage\":\"es\",\"potentialAction\":[{\"@type\":\"ReadAction\",\"target\":[\"https:\\\/\\\/cafo.org\\\/es\\\/morethanenough\\\/share-your-data\\\/\"]}]},{\"@type\":\"BreadcrumbList\",\"@id\":\"https:\\\/\\\/cafo.org\\\/es\\\/morethanenough\\\/share-your-data\\\/#breadcrumb\",\"itemListElement\":[{\"@type\":\"ListItem\",\"position\":1,\"name\":\"Home\",\"item\":\"https:\\\/\\\/cafo.org\\\/\"},{\"@type\":\"ListItem\",\"position\":2,\"name\":\"More Than Enough\",\"item\":\"https:\\\/\\\/cafo.org\\\/morethanenough\\\/\"},{\"@type\":\"ListItem\",\"position\":3,\"name\":\"Share Your Data\"}]},{\"@type\":\"WebSite\",\"@id\":\"https:\\\/\\\/cafo.org\\\/es\\\/#website\",\"url\":\"https:\\\/\\\/cafo.org\\\/es\\\/\",\"name\":\"Christian Alliance for Orphans\",\"description\":\"\",\"potentialAction\":[{\"@type\":\"SearchAction\",\"target\":{\"@type\":\"EntryPoint\",\"urlTemplate\":\"https:\\\/\\\/cafo.org\\\/es\\\/?s={search_term_string}\"},\"query-input\":{\"@type\":\"PropertyValueSpecification\",\"valueRequired\":true,\"valueName\":\"search_term_string\"}}],\"inLanguage\":\"es\"}]}<\/script>\n<!-- \/ Yoast SEO plugin. -->","yoast_head_json":{"title":"Comparte tus datos - Christian Alliance for Orphans","robots":{"index":"index","follow":"follow","max-snippet":"max-snippet:-1","max-image-preview":"max-image-preview:large","max-video-preview":"max-video-preview:-1"},"canonical":"https:\/\/cafo.org\/es\/morethanenough\/share-your-data\/","og_locale":"es_MX","og_type":"article","og_title":"Share Your Data - Christian Alliance for Orphans","og_description":"More Than Enough Share Your Data Building a Space for Recent and Local Foster Care Data&#8230; Together. The More Than Enough Data Exchange gathers as much data as possible from public, online platforms for each state. The reality is that most recent county-level foster care data is not consistently available in this way. However, because ... Read more","og_url":"https:\/\/cafo.org\/es\/morethanenough\/share-your-data\/","og_site_name":"Christian Alliance for Orphans","article_modified_time":"2026-03-13T20:09:12+00:00","og_image":[{"width":2400,"height":942,"url":"https:\/\/cafo.org\/wp-content\/uploads\/2023\/08\/HOMEPAGE-RONNIE.png","type":"image\/png"}],"twitter_card":"summary_large_image","twitter_misc":{"Tiempo de lectura":"1 minuto"},"schema":{"@context":"https:\/\/schema.org","@graph":[{"@type":"WebPage","@id":"https:\/\/cafo.org\/es\/morethanenough\/share-your-data\/","url":"https:\/\/cafo.org\/es\/morethanenough\/share-your-data\/","name":"Comparte tus datos - Christian Alliance for Orphans","isPartOf":{"@id":"https:\/\/cafo.org\/es\/#website"},"datePublished":"2024-04-10T18:46:34+00:00","dateModified":"2026-03-13T20:09:12+00:00","breadcrumb":{"@id":"https:\/\/cafo.org\/es\/morethanenough\/share-your-data\/#breadcrumb"},"inLanguage":"es","potentialAction":[{"@type":"ReadAction","target":["https:\/\/cafo.org\/es\/morethanenough\/share-your-data\/"]}]},{"@type":"BreadcrumbList","@id":"https:\/\/cafo.org\/es\/morethanenough\/share-your-data\/#breadcrumb","itemListElement":[{"@type":"ListItem","position":1,"name":"Home","item":"https:\/\/cafo.org\/"},{"@type":"ListItem","position":2,"name":"More Than Enough","item":"https:\/\/cafo.org\/morethanenough\/"},{"@type":"ListItem","position":3,"name":"Share Your Data"}]},{"@type":"WebSite","@id":"https:\/\/cafo.org\/es\/#website","url":"https:\/\/cafo.org\/es\/","name":"Christian Alliance for Orphans","description":"","potentialAction":[{"@type":"SearchAction","target":{"@type":"EntryPoint","urlTemplate":"https:\/\/cafo.org\/es\/?s={search_term_string}"},"query-input":{"@type":"PropertyValueSpecification","valueRequired":true,"valueName":"search_term_string"}}],"inLanguage":"es"}]}},"_links":{"self":[{"href":"https:\/\/cafo.org\/es\/wp-json\/wp\/v2\/pages\/16516","targetHints":{"allow":["GET"]}}],"collection":[{"href":"https:\/\/cafo.org\/es\/wp-json\/wp\/v2\/pages"}],"about":[{"href":"https:\/\/cafo.org\/es\/wp-json\/wp\/v2\/types\/page"}],"author":[{"embeddable":true,"href":"https:\/\/cafo.org\/es\/wp-json\/wp\/v2\/users\/24"}],"replies":[{"embeddable":true,"href":"https:\/\/cafo.org\/es\/wp-json\/wp\/v2\/comments?post=16516"}],"version-history":[{"count":5,"href":"https:\/\/cafo.org\/es\/wp-json\/wp\/v2\/pages\/16516\/revisions"}],"predecessor-version":[{"id":25694,"href":"https:\/\/cafo.org\/es\/wp-json\/wp\/v2\/pages\/16516\/revisions\/25694"}],"up":[{"embeddable":true,"href":"https:\/\/cafo.org\/es\/wp-json\/wp\/v2\/pages\/2868"}],"wp:attachment":[{"href":"https:\/\/cafo.org\/es\/wp-json\/wp\/v2\/media?parent=16516"}],"curies":[{"name":"wp","href":"https:\/\/api.w.org\/{rel}","templated":true}]}}