{"id":18501,"date":"2024-09-06T15:52:22","date_gmt":"2024-09-06T19:52:22","guid":{"rendered":"https:\/\/cafo.org\/?page_id=18501"},"modified":"2025-06-24T14:09:48","modified_gmt":"2025-06-24T18:09:48","slug":"pt-discussion-download","status":"publish","type":"page","link":"https:\/\/cafo.org\/es\/purereligion\/pt-discussion-download\/","title":{"rendered":"Gu\u00eda de debate de Possum Trot Descargar"},"content":{"rendered":"<h1>\n\t\t\tDescargar el<br \/> <em>El sonido de la esperanza: la historia de Possum Trot Gu\u00eda de debate<\/em><br \/>\t<\/h1>\n<h2>\n\t\t\t<em>Gu\u00eda de debate para grupos reducidos<\/em>\t<\/h2>\n\t<p>Gracias por su inter\u00e9s en llevar esta conversaci\u00f3n a su iglesia. Puede descargar su Gu\u00eda haciendo clic en el bot\u00f3n de abajo. Adem\u00e1s, aseg\u00farese de revisar su bandeja de entrada de correo electr\u00f3nico para obtener m\u00e1s informaci\u00f3n sobre el Pure Religion Project.<\/p>\n\t\t\t<a href=\"https:\/\/issuu.com\/christianalliancefororphans\/docs\/sound_of_hope_discussion_guide?fr=sMzMyMTYyODI1NDE\" download target=\"_blank\" rel=\"noopener\">\n\t\t\t\t\t\t\tGu\u00eda de debate\n\t\t\t\t\t<\/a>\n\t\t\t<a href=\"https:\/\/cafo.org\/es\/purereligion\/possum-trot\/\" target=\"_self\">\n\t\t\t\t\t\t\tVolver a Recursos de Possum Trot\n\t\t\t\t\t<\/a>","protected":false},"excerpt":{"rendered":"<p>Descarga la gu\u00eda de debate de \u00abEl sonido de la esperanza: La historia de Possum Trot\u00bb \u2014 Gu\u00eda para grupos peque\u00f1os. \u00a1Gracias por tu inter\u00e9s en llevar esta conversaci\u00f3n a tu iglesia! Puedes descargar la gu\u00eda haciendo clic en el bot\u00f3n de abajo. Adem\u00e1s, no olvides revisar tu bandeja de entrada para obtener m\u00e1s informaci\u00f3n sobre el Pure Religion Project. Obt\u00e9n\u2026 <a title=\"Gu\u00eda de debate de Possum Trot Descargar\" class=\"read-more\" href=\"https:\/\/cafo.org\/es\/purereligion\/pt-discussion-download\/\" aria-label=\"M\u00e1s informaci\u00f3n sobre la gu\u00eda de debate de \u00abPossum Trot\u00bb Descargar\">Seguir leyendo<\/a><\/p>","protected":false},"author":24,"featured_media":0,"parent":3398,"menu_order":0,"comment_status":"closed","ping_status":"closed","template":"page-church-ministry-initiative.php","meta":{"_acf_changed":false,"footnotes":""},"class_list":["post-18501","page","type-page","status-publish"],"acf":[],"yoast_head":"<!-- This site is optimized with the Yoast SEO plugin v27.4 - https:\/\/yoast.com\/product\/yoast-seo-wordpress\/ -->\n<title>Possum Trot Discussion Guide Download - Christian Alliance for Orphans<\/title>\n<meta name=\"robots\" content=\"index, follow, max-snippet:-1, max-image-preview:large, max-video-preview:-1\" \/>\n<link rel=\"canonical\" href=\"https:\/\/cafo.org\/es\/purereligion\/pt-discussion-download\/\" \/>\n<meta property=\"og:locale\" content=\"es_MX\" \/>\n<meta property=\"og:type\" content=\"article\" \/>\n<meta property=\"og:title\" content=\"Possum Trot Discussion Guide Download - Christian Alliance for Orphans\" \/>\n<meta property=\"og:description\" content=\"Download the Sound of Hope: The Story of Possum Trot Discussion Guide Small Group Discussion Guide Thank you for your interest in bringing this conversation to your church! You can download your Guide by clicking the button below. Also, be sure to check your email inbox for more information about the Pure Religion Project. Get ... Read more\" \/>\n<meta property=\"og:url\" content=\"https:\/\/cafo.org\/es\/purereligion\/pt-discussion-download\/\" \/>\n<meta property=\"og:site_name\" content=\"Christian Alliance for Orphans\" \/>\n<meta property=\"article:modified_time\" content=\"2025-06-24T18:09:48+00:00\" \/>\n<meta property=\"og:image\" content=\"https:\/\/cafo.org\/wp-content\/uploads\/2023\/08\/HOMEPAGE-RONNIE.png\" \/>\n\t<meta property=\"og:image:width\" content=\"2400\" \/>\n\t<meta property=\"og:image:height\" content=\"942\" \/>\n\t<meta property=\"og:image:type\" content=\"image\/png\" \/>\n<meta name=\"twitter:card\" content=\"summary_large_image\" \/>\n<meta name=\"twitter:label1\" content=\"Tiempo de lectura\" \/>\n\t<meta name=\"twitter:data1\" content=\"1 minuto\" \/>\n<script type=\"application\/ld+json\" class=\"yoast-schema-graph\">{\"@context\":\"https:\\\/\\\/schema.org\",\"@graph\":[{\"@type\":\"WebPage\",\"@id\":\"https:\\\/\\\/cafo.org\\\/es\\\/purereligion\\\/pt-discussion-download\\\/\",\"url\":\"https:\\\/\\\/cafo.org\\\/es\\\/purereligion\\\/pt-discussion-download\\\/\",\"name\":\"Possum Trot Discussion Guide Download - Christian Alliance for Orphans\",\"isPartOf\":{\"@id\":\"https:\\\/\\\/cafo.org\\\/es\\\/#website\"},\"datePublished\":\"2024-09-06T19:52:22+00:00\",\"dateModified\":\"2025-06-24T18:09:48+00:00\",\"breadcrumb\":{\"@id\":\"https:\\\/\\\/cafo.org\\\/es\\\/purereligion\\\/pt-discussion-download\\\/#breadcrumb\"},\"inLanguage\":\"es\",\"potentialAction\":[{\"@type\":\"ReadAction\",\"target\":[\"https:\\\/\\\/cafo.org\\\/es\\\/purereligion\\\/pt-discussion-download\\\/\"]}]},{\"@type\":\"BreadcrumbList\",\"@id\":\"https:\\\/\\\/cafo.org\\\/es\\\/purereligion\\\/pt-discussion-download\\\/#breadcrumb\",\"itemListElement\":[{\"@type\":\"ListItem\",\"position\":1,\"name\":\"Home\",\"item\":\"https:\\\/\\\/cafo.org\\\/\"},{\"@type\":\"ListItem\",\"position\":2,\"name\":\"Pure Religion\",\"item\":\"https:\\\/\\\/cafo.org\\\/purereligion\\\/\"},{\"@type\":\"ListItem\",\"position\":3,\"name\":\"Possum Trot Discussion Guide Download\"}]},{\"@type\":\"WebSite\",\"@id\":\"https:\\\/\\\/cafo.org\\\/es\\\/#website\",\"url\":\"https:\\\/\\\/cafo.org\\\/es\\\/\",\"name\":\"Christian Alliance for Orphans\",\"description\":\"\",\"potentialAction\":[{\"@type\":\"SearchAction\",\"target\":{\"@type\":\"EntryPoint\",\"urlTemplate\":\"https:\\\/\\\/cafo.org\\\/es\\\/?s={search_term_string}\"},\"query-input\":{\"@type\":\"PropertyValueSpecification\",\"valueRequired\":true,\"valueName\":\"search_term_string\"}}],\"inLanguage\":\"es\"}]}<\/script>\n<!-- \/ Yoast SEO plugin. -->","yoast_head_json":{"title":"Descargar la gu\u00eda de debate de \u00abPossum Trot\u00bb - Christian Alliance for Orphans","robots":{"index":"index","follow":"follow","max-snippet":"max-snippet:-1","max-image-preview":"max-image-preview:large","max-video-preview":"max-video-preview:-1"},"canonical":"https:\/\/cafo.org\/es\/purereligion\/pt-discussion-download\/","og_locale":"es_MX","og_type":"article","og_title":"Possum Trot Discussion Guide Download - Christian Alliance for Orphans","og_description":"Download the Sound of Hope: The Story of Possum Trot Discussion Guide Small Group Discussion Guide Thank you for your interest in bringing this conversation to your church! You can download your Guide by clicking the button below. Also, be sure to check your email inbox for more information about the Pure Religion Project. Get ... Read more","og_url":"https:\/\/cafo.org\/es\/purereligion\/pt-discussion-download\/","og_site_name":"Christian Alliance for Orphans","article_modified_time":"2025-06-24T18:09:48+00:00","og_image":[{"width":2400,"height":942,"url":"https:\/\/cafo.org\/wp-content\/uploads\/2023\/08\/HOMEPAGE-RONNIE.png","type":"image\/png"}],"twitter_card":"summary_large_image","twitter_misc":{"Tiempo de lectura":"1 minuto"},"schema":{"@context":"https:\/\/schema.org","@graph":[{"@type":"WebPage","@id":"https:\/\/cafo.org\/es\/purereligion\/pt-discussion-download\/","url":"https:\/\/cafo.org\/es\/purereligion\/pt-discussion-download\/","name":"Descargar la gu\u00eda de debate de \u00abPossum Trot\u00bb - Christian Alliance for Orphans","isPartOf":{"@id":"https:\/\/cafo.org\/es\/#website"},"datePublished":"2024-09-06T19:52:22+00:00","dateModified":"2025-06-24T18:09:48+00:00","breadcrumb":{"@id":"https:\/\/cafo.org\/es\/purereligion\/pt-discussion-download\/#breadcrumb"},"inLanguage":"es","potentialAction":[{"@type":"ReadAction","target":["https:\/\/cafo.org\/es\/purereligion\/pt-discussion-download\/"]}]},{"@type":"BreadcrumbList","@id":"https:\/\/cafo.org\/es\/purereligion\/pt-discussion-download\/#breadcrumb","itemListElement":[{"@type":"ListItem","position":1,"name":"Home","item":"https:\/\/cafo.org\/"},{"@type":"ListItem","position":2,"name":"Pure Religion","item":"https:\/\/cafo.org\/purereligion\/"},{"@type":"ListItem","position":3,"name":"Possum Trot Discussion Guide Download"}]},{"@type":"WebSite","@id":"https:\/\/cafo.org\/es\/#website","url":"https:\/\/cafo.org\/es\/","name":"Christian Alliance for Orphans","description":"","potentialAction":[{"@type":"SearchAction","target":{"@type":"EntryPoint","urlTemplate":"https:\/\/cafo.org\/es\/?s={search_term_string}"},"query-input":{"@type":"PropertyValueSpecification","valueRequired":true,"valueName":"search_term_string"}}],"inLanguage":"es"}]}},"_links":{"self":[{"href":"https:\/\/cafo.org\/es\/wp-json\/wp\/v2\/pages\/18501","targetHints":{"allow":["GET"]}}],"collection":[{"href":"https:\/\/cafo.org\/es\/wp-json\/wp\/v2\/pages"}],"about":[{"href":"https:\/\/cafo.org\/es\/wp-json\/wp\/v2\/types\/page"}],"author":[{"embeddable":true,"href":"https:\/\/cafo.org\/es\/wp-json\/wp\/v2\/users\/24"}],"replies":[{"embeddable":true,"href":"https:\/\/cafo.org\/es\/wp-json\/wp\/v2\/comments?post=18501"}],"version-history":[{"count":9,"href":"https:\/\/cafo.org\/es\/wp-json\/wp\/v2\/pages\/18501\/revisions"}],"predecessor-version":[{"id":22347,"href":"https:\/\/cafo.org\/es\/wp-json\/wp\/v2\/pages\/18501\/revisions\/22347"}],"up":[{"embeddable":true,"href":"https:\/\/cafo.org\/es\/wp-json\/wp\/v2\/pages\/3398"}],"wp:attachment":[{"href":"https:\/\/cafo.org\/es\/wp-json\/wp\/v2\/media?parent=18501"}],"curies":[{"name":"wp","href":"https:\/\/api.w.org\/{rel}","templated":true}]}}