{"id":22316,"date":"2025-07-21T17:37:56","date_gmt":"2025-07-21T21:37:56","guid":{"rendered":"https:\/\/cafo.org\/?page_id=22316"},"modified":"2026-02-02T09:58:53","modified_gmt":"2026-02-02T14:58:53","slug":"until-theres-more-than-enough","status":"publish","type":"page","link":"https:\/\/cafo.org\/es\/morethanenough\/until-theres-more-than-enough\/","title":{"rendered":"Hasta que haya More Than Enough"},"content":{"rendered":"Pedir ahora\t\n<h1>\n\t\t\tHasta que haya More Than Enough\t<\/h1>\n\n\t\t\tExplore una gu\u00eda de campo para la transformaci\u00f3n colaborativa del acogimiento familiar en su comunidad.\t\n\t\t\t<a href=\"https:\/\/www.amazon.com\/dp\/1625863144\" target=\"_blank\" rel=\"noopener\">\n\t\t\t\t\t\t\tPedir ahora\n\t\t\t\t\t<\/a>\n\t\t\t<a href=\"https:\/\/shop.cafo.org\/products\/until-theres-more-than-enough-second-edition\" target=\"_blank\" rel=\"noopener\">\n\t\t\t\t\t\t\tPedidos al por mayor\n\t\t\t\t\t<\/a>\n\t\t\t\t<img decoding=\"async\" src=\"https:\/\/cafo.org\/wp-content\/uploads\/2025\/07\/hero-books.webp\" alt=\"hero-books\" itemprop=\"image\" height=\"984\" width=\"884\" title=\"libros-h\u00e9roe\" onerror=\"this.style.display='none'\" loading=\"lazy\" \/>\n<h2>\n\t\t\tLas palabras \"no es suficiente\" se oyen todos los d\u00edas en el sistema de acogida de nuestro pa\u00eds.\t<\/h2>\n\n\t\t\t<i>Recursos insuficientes. No hay suficiente apoyo. No hay suficientes familias.<\/i>\t\n\t<p>Iglesias, organizaciones y defensores como usted en comunidades de todo el pa\u00eds est\u00e1n haciendo un trabajo incre\u00edble al servicio de los ni\u00f1os y las familias en este sistema, pero la obstinada <i>no<\/i> <i>enoughs<\/i> no parecen ir a ninguna parte.<\/p>\n<p><b>No tiene por qu\u00e9 ser as\u00ed donde vives.<\/b> 1TP20Usted puede colaborar con otras personas de su comunidad para que su condado pase de <i>insuficiente <\/i>a <i>m\u00e1s que suficiente.<\/i><\/p>\n\t\t\tEl cambio es posible\t\n<h2>\n\t\t\tHasta que haya More Than Enough\t<\/h2>\n\n\t\t\tTrabajar juntos para transformar el acogimiento familiar en su lugar de residencia\n\n\t\t\tLa segunda edici\u00f3n ampliada de <i>Hasta que haya More Than Enough<\/i> es una gu\u00eda de campo para la transformaci\u00f3n colaborativa del acogimiento familiar en su comunidad.\t\n\t<p>A trav\u00e9s de los principios y las pr\u00e1cticas concretas de una colaboraci\u00f3n sana, encontrar\u00e1 el camino para lograr una mayor participaci\u00f3n de la comunidad, forjar relaciones m\u00e1s s\u00f3lidas y obtener mejores resultados para los ni\u00f1os y las familias que trabajando solo.<\/p>\n\t\t\t<a href=\"https:\/\/www.amazon.com\/dp\/1625863144\" target=\"_blank\" rel=\"noopener\">\n\t\t\t\t\t\t\tLibro de pedidos\n\t\t\t\t\t<\/a>\n\t\t\t<a href=\"https:\/\/www.amazon.com\/Until-Theres-More-Than-Enough\/dp\/B0FL3T2GBP\/ref=tmm_aud_swatch_0\" target=\"_blank\" rel=\"noopener\">\n\t\t\t\t\t\t\tSolicitar audiolibro\n\t\t\t\t\t<\/a>\n\t\t\t<a href=\"#cbfa631b8f\" target=\"_self\">\n\t\t\t\t\t\t\tObtenga un cap\u00edtulo gratuito\n\t\t\t\t\t<\/a>\n\t\t\t<a href=\"https:\/\/shop.cafo.org\/products\/until-theres-more-than-enough-second-edition\" target=\"_blank\" rel=\"noopener\">\n\t\t\t\t\t\t\tVer opciones de pedido a granel\n\t\t\t<\/a>\n\t\t\t\t<img decoding=\"async\" src=\"https:\/\/cafo.org\/wp-content\/uploads\/2025\/07\/items.webp\" alt=\"items\" itemprop=\"image\" height=\"1134\" width=\"1253\" title=\"art\u00edculos\" onerror=\"this.style.display='none'\" loading=\"lazy\" \/>\n<h2>\n\t\t\tLo que ganar\u00e1s\t<\/h2>\n\t<p>En\u00a0<em>Hasta que haya More Than Enough<\/em>Encontrar\u00e1 orientaci\u00f3n pr\u00e1ctica e inspiraci\u00f3n para empezar a trabajar con otros con el fin de colmar las lagunas que marcar\u00e1n la mayor diferencia para los ni\u00f1os y las familias en acogida.<\/p>\n\t\t\t <p><b>Ideas de l\u00edderes locales y nacionales: <\/b>A partir de la experiencia de docenas de l\u00edderes gubernamentales, religiosos y de organizaciones sin \u00e1nimo de lucro de todo el pa\u00eds, se explorar\u00e1n las perspectivas de personas que han estado en primera l\u00ednea de la acogida temporal.\u00a0<\/p>\t\t\n\t\t\t <p><b>Pr\u00e1cticas concretas para fomentar la colaboraci\u00f3n: <\/b>Bas\u00e1ndose en las Escrituras y en las ciencias sociales, descubrir\u00e1 c\u00f3mo trabajar juntos de forma que se marque una diferencia a largo plazo para los ni\u00f1os y las familias.<\/p>\t\t\n\t\t\t <p><b>Pr\u00f3ximos pasos ampliados para empezar a transformar el acogimiento familiar: <\/b>En esta segunda edici\u00f3n, en la que se incorporan nuevas investigaciones y puntos de vista, encontrar\u00e1 medidas tangibles para transformar la acogida en su lugar de residencia.<\/p>\t\t\n\t<h2>\n\t\t\tSolicite hoy mismo un ejemplar de Your en:\t<\/h2>\n\t\t\t\t<a href=\"https:\/\/kdp.amazon.com\/amazon-dp-action\/us\/dualbookshelf.marketplacelink\/B0DNB7CSCW\"  target=\"_blank\" rel=\"noopener\"  itemprop=\"url\">\n\t\t\t\t<img decoding=\"async\" src=\"https:\/\/cafo.org\/wp-content\/uploads\/2024\/07\/logo-amazon.png\" alt=\"logo-amazon\" itemprop=\"image\" height=\"117\" width=\"618\" title=\"logo-amazon\" onerror=\"this.style.display='none'\" loading=\"lazy\" \/>\n\t\t\t\t<\/a>\n\t\t\t<a href=\"https:\/\/www.amazon.com\/dp\/1625863144\" target=\"_blank\" rel=\"noopener\">\n\t\t\t\t\t\t\tLibro de pedidos\n\t\t\t\t\t<\/a>\n\t\t\t<a href=\"https:\/\/www.amazon.com\/Until-Theres-More-Than-Enough\/dp\/B0FL3T2GBP\/ref=tmm_aud_swatch_0\" target=\"_blank\" rel=\"noopener\">\n\t\t\t\t\t\t\tSolicitar audiolibro\n\t\t\t\t\t<\/a>\n\t\t\t\t<img decoding=\"async\" src=\"https:\/\/cafo.org\/wp-content\/uploads\/2024\/07\/five-stars.png\" alt=\"five-stars\" itemprop=\"image\" height=\"74\" width=\"448\" title=\"cinco estrellas\" onerror=\"this.style.display='none'\" loading=\"lazy\" \/>\n\t<p>\"Atender a ni\u00f1os y familias en crisis es una responsabilidad que todos compartimos: es algo comunitario. En Hasta que haya More Than Enough, Jason Weber nos recuerda que no somos impotentes; estamos posicionados. Esta segunda edici\u00f3n nos conecta con nuestra responsabilidad compartida, una oportunidad real y un camino claro para responder con excelencia. La primera edici\u00f3n fue fuerte. \u00bfEsta? Transformadora\".<\/p>\n\t\t\t\t<img decoding=\"async\" src=\"https:\/\/cafo.org\/wp-content\/uploads\/2025\/07\/Adrien-Lewis-testimonial.png\" alt=\"Adrien Lewis testimonial\" itemprop=\"image\" height=\"1080\" width=\"1080\" title=\"Testimonio de Adrien Lewis\" onerror=\"this.style.display='none'\" loading=\"lazy\" \/>\n\t\t\tAdrien Lewis\n\t\t\tFundador y Presidente de CarePortal \t\n\t\t\t\t<img decoding=\"async\" src=\"https:\/\/cafo.org\/wp-content\/uploads\/2024\/07\/five-stars.png\" alt=\"five-stars\" itemprop=\"image\" height=\"74\" width=\"448\" title=\"cinco estrellas\" onerror=\"this.style.display='none'\" loading=\"lazy\" \/>\n\t<p>\u201c<em>Hasta que haya More Than Enough<\/em> es una lectura obligada para todos los que trabajan en el \u00e1mbito de la acogida. Sorprendentemente completo para un libro tan peque\u00f1o, capta magistralmente tanto el coraz\u00f3n como el c\u00f3mo del ministerio de acogida. A trav\u00e9s de una lente de verdad b\u00edblica, sabidur\u00eda pr\u00e1ctica y mejores pr\u00e1cticas informadas sobre el trauma, ofrece tanto convicci\u00f3n como claridad a la llamada de la Iglesia a cuidar de los ni\u00f1os y familias vulnerables - con compasi\u00f3n y colaboraci\u00f3n ... \"<\/p>\n\t\t\t\t<img decoding=\"async\" src=\"https:\/\/cafo.org\/wp-content\/uploads\/2025\/07\/MTE-UTMTE-Jamie-Finn-Square.png\" alt=\"MTE-UTMTE-Jamie-Finn-Square\" itemprop=\"image\" height=\"1080\" width=\"1080\" title=\"MTE-UTMTE-Jamie-Finn-Square\" onerror=\"this.style.display='none'\" loading=\"lazy\" \/>\n\t\t\tJamie Finn\n\t\t\tAutora, fundadora y presidenta de Foster the Family\t\n\t\t\t\t<img decoding=\"async\" src=\"https:\/\/cafo.org\/wp-content\/uploads\/2024\/07\/five-stars.png\" alt=\"five-stars\" itemprop=\"image\" height=\"74\" width=\"448\" title=\"cinco estrellas\" onerror=\"this.style.display='none'\" loading=\"lazy\" \/>\n\t<p>\"Hasta que haya More Than Enough\" transmite un profundo mensaje junto con una hoja de ruta pr\u00e1ctica para cambiar la crisis de la acogida. Esta segunda edici\u00f3n nos recuerda que el objetivo no es simplemente satisfacer las necesidades, sino encarnar la abundancia. Jason Weber nos desaf\u00eda a ver que no estamos simplemente reaccionando a una crisis, estamos respondiendo al Evangelio que nos asegura que hay m\u00e1s que suficiente. Dios est\u00e1 escribiendo una historia mejor en los hogares de acogida, una historia llena de esperanza, restauraci\u00f3n y redenci\u00f3n. Con humildad y sabidur\u00eda, Jason nos ayuda a ver esa historia y nos invita a formar parte de ella\". <\/p>\n\t\t\t\t<img decoding=\"async\" src=\"https:\/\/cafo.org\/wp-content\/uploads\/2025\/07\/Austin-Ludwig-testimonial.png\" alt=\"Austin Ludwig testimonial\" itemprop=\"image\" height=\"1080\" width=\"1080\" title=\"Testimonio de Austin Ludwig\" onerror=\"this.style.display='none'\" loading=\"lazy\" \/>\n\t\t\tAustin Ludwig\n\t\t\tEx joven de acogida, director de marketing de WinShape Homes y artista discogr\u00e1fico\t\n\t\t\t\t<img decoding=\"async\" src=\"https:\/\/cafo.org\/wp-content\/uploads\/2024\/07\/five-stars.png\" alt=\"five-stars\" itemprop=\"image\" height=\"74\" width=\"448\" title=\"cinco estrellas\" onerror=\"this.style.display='none'\" loading=\"lazy\" \/>\n\t<p>\"Si quieres dar el gran salto de la actividad de la brigada del cubo al movimiento de colaboraci\u00f3n con visi\u00f3n de futuro en el cuidado de acogida, la segunda edici\u00f3n de Until There's More Than Enough de Jason Weber es para ti. Weber nos gu\u00eda con \u00e9xito en una mejor comprensi\u00f3n de las nueve piezas del cuidado de crianza y c\u00f3mo unirse para mejores soluciones ... Si a\u00fan no has descubierto c\u00f3mo puedes cuidar de los ni\u00f1os vulnerables, deja que te gu\u00eden para descubrir tu propio lugar en el cuidado de acogida.\"<\/p>\n\t\t\t\t<img decoding=\"async\" src=\"https:\/\/cafo.org\/wp-content\/uploads\/2025\/07\/MTEP-EP17-Shelly-Radic-Headshot-1.png\" alt=\"MTEP EP17 Shelly Radic Headshot (1)\" itemprop=\"image\" height=\"284\" width=\"284\" title=\"MTEP EP17 Shelly Radic Headshot (1)\" onerror=\"this.style.display='none'\" loading=\"lazy\" \/>\n\t\t\tShelly Radic\n\t\t\tPresidenta del Proyecto 1.27\t\n\t\t\t\t<img decoding=\"async\" src=\"https:\/\/cafo.org\/wp-content\/uploads\/2025\/07\/Group-2122.webp\" alt=\"Group 2122\" itemprop=\"image\" height=\"1169\" width=\"868\" title=\"Grupo 2122\" onerror=\"this.style.display='none'\" loading=\"lazy\" \/>\n\t\t\t\t<img decoding=\"async\" src=\"https:\/\/cafo.org\/wp-content\/uploads\/2025\/07\/Group-2124.png\" alt=\"Group 2124\" itemprop=\"image\" height=\"382\" width=\"685\" title=\"Grupo 2124\" onerror=\"this.style.display='none'\" loading=\"lazy\" \/>\n<h2>\n\t\t\tTambi\u00e9n disponible en audiolibro.\t<\/h2>\n\t<p>1TP20Est\u00e1s muy ocupado y a veces leer un libro te parece un lujo imposible. Pero, \u00bfy si pudieras empezar a transformar el acogimiento familiar mientras conduces al trabajo, doblas la ropa, montas muebles, das un paseo o preparas la cena?<\/p>\n<p>Le\u00eddo por Jason Weber, el audiolibro de <em>Hasta que haya More Than Enough\u00a0<\/em>te permite empezar a transformar la acogida en tu comunidad en medio de tu vida cotidiana.<\/p>\n\t\t\t<a href=\"https:\/\/www.amazon.com\/Until-Theres-More-Than-Enough\/dp\/B0FL3T2GBP\/ref=tmm_aud_swatch_0\" target=\"_blank\" rel=\"noopener\">\n\t\t\t\t\t\t\tPedir ahora\n\t\t\t\t\t<\/a>\n\t\t\tDescargar gratis\t\n<h2>\n\t\t\tDescargar un cap\u00edtulo de muestra + <strong> Bono<\/strong> Recursos\t<\/h2>\n\n\t\t\t\u00bfQu\u00e9 se necesita para fomentar la confianza con otras personas en el \u00e1mbito del acogimiento familiar en tu comunidad: profesionales del bienestar infantil, pastores, l\u00edderes de organizaciones y otros defensores? \u00bfCu\u00e1les son los pasos pr\u00e1cticos que puede dar hoy para aumentar esa confianza?\t\n\t<ul>\n\t\t<li>\t\t\t\t\n\t\t<h3>Cap\u00edtulo 11: Ca\u00edda de la confianza<\/h3><p>Explore cinco compromisos que pueden ayudarle a establecer relaciones de confianza con otras personas de su comunidad, sentando las bases para conseguir m\u00e1s -juntos- en favor de los ni\u00f1os y las familias.<\/p><\/li><li>\t\t\t\t\n\t\t<h3>Inventario de relaciones y hoja de ruta<\/h3><p>Completa una hoja de trabajo adicional que te ayudar\u00e1 a identificar -por su nombre- a las personas con las que quieres colaborar y, a continuaci\u00f3n, establece los pr\u00f3ximos pasos tangibles que te ayudar\u00e1n a construir el tipo de relaci\u00f3n que deseas con ellas.<\/p><\/li>\t<\/ul>\n\t\t\t<a href=\"#cbfa631b8f\" target=\"_self\">\n\t\t\t\t\t\t\tDescargar paquete de bonificaci\u00f3n gratuito\n\t\t\t\t\t<\/a>\n\t\t\t\t<img decoding=\"async\" src=\"https:\/\/cafo.org\/wp-content\/uploads\/2025\/07\/Group-2126.webp\" alt=\"Group 2126\" itemprop=\"image\" height=\"860\" width=\"749\" title=\"Grupo 2126\" onerror=\"this.style.display='none'\" loading=\"lazy\" \/>\n<h2>\n\t\t\tSobre el autor\t<\/h2>\n\t\t\t\t<img decoding=\"async\" src=\"https:\/\/cafo.org\/wp-content\/uploads\/2025\/06\/Weber-square.png\" alt=\"Weber square\" itemprop=\"image\" height=\"691\" width=\"692\" title=\"Plaza Weber\" onerror=\"this.style.display='none'\" loading=\"lazy\" \/>\n<h3>\n\t\t\tJason Weber\t<\/h3>\n\n\t\t\tJason Weber quiere vivir en un mundo en el que las personas construyan grandes cosas juntas en lugar de cosas buenas por s\u00ed solas y en el que haya m\u00e1s que suficiente para los ni\u00f1os y las familias antes, durante y despu\u00e9s del acogimiento familiar.\t\n\t<p>Jason y su esposa, Trisha, llevan m\u00e1s de 28 a\u00f1os trabajando con ni\u00f1os y familias vulnerables. Fueron padres de acogida durante diez a\u00f1os y tienen cinco hijos. Jason ha escrito y ayudado a producir varios libros y otras herramientas, entre ellas\u00a0<em>Hasta que haya More Than Enough\u00a0<\/em>y\u00a0<em>El granjero Herman y el granero inundado,\u00a0<\/em>finalista en 2018 del Premio ECPA al Libro Cristiano. Escribi\u00f3 una columna regular para\u00a0<em>Familias de acogida hoy\u00a0<\/em>durante siete a\u00f1os y es el presentador del Podcast More Than Enough.<\/p>\n<p>Cuando no est\u00e1 trabajando, a Jason le encanta crear cosas, ir a cualquier sitio con su mujer y hacer lo posible por avergonzar a sus hijos en lugares p\u00fablicos. Weber es el Director Nacional de More Than Enough para CAFO y actualmente vive en Plano, Texas.<\/p>\n\t\t\tDAR EL SIGUIENTE PASO\t\n<h3>\n\t\t\tEmpezar a transformar el acogimiento familiar donde vive You\t<\/h3>\n\t<p>Su comunidad no tiene por qu\u00e9 quedarse estancada en los \"no es suficiente\" del acogimiento familiar. Encuentre la orientaci\u00f3n y la perspectiva que necesita para avanzar hacia la provisi\u00f3n de\u00a0<em>m\u00e1s que suficiente\u00a0<\/em>para ni\u00f1os y familias antes, durante y despu\u00e9s del acogimiento familiar.<\/p>\n\t\t\t<a href=\"https:\/\/www.amazon.com\/dp\/1625863144\" target=\"_blank\" rel=\"noopener\">\n\t\t\t\t\t\t\tComprar libro\n\t\t\t\t\t<\/a>\n\t\t\t<a href=\"https:\/\/shop.cafo.org\/products\/until-theres-more-than-enough-second-edition\" target=\"_blank\" rel=\"noopener\">\n\t\t\t\t\t\t\tComprar al por mayor\n\t\t\t\t\t<\/a>\n\t\t\t\t<img decoding=\"async\" src=\"https:\/\/cafo.org\/wp-content\/uploads\/2025\/07\/items.webp\" alt=\"items\" itemprop=\"image\" height=\"1134\" width=\"1253\" title=\"art\u00edculos\" onerror=\"this.style.display='none'\" loading=\"lazy\" \/>","protected":false},"excerpt":{"rendered":"<p>Pedir ahora Hasta que haya More Than Enough Explore una gu\u00eda de campo para la transformaci\u00f3n colaborativa del acogimiento familiar en su comunidad. Pedir ahora Pedidos al por mayor Las palabras \"no es suficiente\" se escuchan todos los d\u00edas dentro del sistema de cuidado de crianza de nuestra naci\u00f3n. No hay recursos suficientes. No hay suficiente apoyo. No hay suficientes familias. Iglesias, organizaciones y defensores como usted en comunidades de todo el ... <a title=\"Hasta que haya More Than Enough\" class=\"read-more\" href=\"https:\/\/cafo.org\/es\/morethanenough\/until-theres-more-than-enough\/\" aria-label=\"Leer m\u00e1s sobre Hasta que haya More Than Enough\">Seguir leyendo<\/a><\/p>","protected":false},"author":24,"featured_media":0,"parent":2868,"menu_order":0,"comment_status":"closed","ping_status":"closed","template":"page-more-than-enough.php","meta":{"_acf_changed":false,"footnotes":""},"class_list":["post-22316","page","type-page","status-publish"],"acf":[],"yoast_head":"<!-- This site is optimized with the Yoast SEO plugin v27.1.1 - https:\/\/yoast.com\/product\/yoast-seo-wordpress\/ -->\n<title>Until There&#039;s More Than Enough - Christian Alliance for Orphans<\/title>\n<meta name=\"description\" content=\"Discover a field guide of principles and practices that will help you work with others to transform foster care in your community.\" \/>\n<meta name=\"robots\" content=\"index, follow, max-snippet:-1, max-image-preview:large, max-video-preview:-1\" \/>\n<link rel=\"canonical\" href=\"https:\/\/cafo.org\/es\/morethanenough\/until-theres-more-than-enough\/\" \/>\n<meta property=\"og:locale\" content=\"es_MX\" \/>\n<meta property=\"og:type\" content=\"article\" \/>\n<meta property=\"og:title\" content=\"Until There&#039;s More Than Enough - Christian Alliance for Orphans\" \/>\n<meta property=\"og:description\" content=\"Discover a field guide of principles and practices that will help you work with others to transform foster care in your community.\" \/>\n<meta property=\"og:url\" content=\"https:\/\/cafo.org\/es\/morethanenough\/until-theres-more-than-enough\/\" \/>\n<meta property=\"og:site_name\" content=\"Christian Alliance for Orphans\" \/>\n<meta property=\"article:modified_time\" content=\"2026-02-02T14:58:53+00:00\" \/>\n<meta property=\"og:image\" content=\"https:\/\/cafo.org\/wp-content\/uploads\/2025\/07\/hero-books.webp\" \/>\n<meta name=\"twitter:card\" content=\"summary_large_image\" \/>\n<meta name=\"twitter:label1\" content=\"Tiempo de lectura\" \/>\n\t<meta name=\"twitter:data1\" content=\"8 minutos\" \/>\n<script type=\"application\/ld+json\" class=\"yoast-schema-graph\">{\"@context\":\"https:\/\/schema.org\",\"@graph\":[{\"@type\":\"WebPage\",\"@id\":\"https:\/\/cafo.org\/es\/morethanenough\/until-theres-more-than-enough\/\",\"url\":\"https:\/\/cafo.org\/es\/morethanenough\/until-theres-more-than-enough\/\",\"name\":\"Until There's More Than Enough - Christian Alliance for Orphans\",\"isPartOf\":{\"@id\":\"https:\/\/cafo.org\/es\/#website\"},\"primaryImageOfPage\":{\"@id\":\"https:\/\/cafo.org\/es\/morethanenough\/until-theres-more-than-enough\/#primaryimage\"},\"image\":{\"@id\":\"https:\/\/cafo.org\/es\/morethanenough\/until-theres-more-than-enough\/#primaryimage\"},\"thumbnailUrl\":\"https:\/\/cafo.org\/wp-content\/uploads\/2025\/07\/hero-books.webp\",\"datePublished\":\"2025-07-21T21:37:56+00:00\",\"dateModified\":\"2026-02-02T14:58:53+00:00\",\"description\":\"Discover a field guide of principles and practices that will help you work with others to transform foster care in your community.\",\"breadcrumb\":{\"@id\":\"https:\/\/cafo.org\/es\/morethanenough\/until-theres-more-than-enough\/#breadcrumb\"},\"inLanguage\":\"es\",\"potentialAction\":[{\"@type\":\"ReadAction\",\"target\":[\"https:\/\/cafo.org\/es\/morethanenough\/until-theres-more-than-enough\/\"]}]},{\"@type\":\"ImageObject\",\"inLanguage\":\"es\",\"@id\":\"https:\/\/cafo.org\/es\/morethanenough\/until-theres-more-than-enough\/#primaryimage\",\"url\":\"https:\/\/cafo.org\/wp-content\/uploads\/2025\/07\/hero-books.webp\",\"contentUrl\":\"https:\/\/cafo.org\/wp-content\/uploads\/2025\/07\/hero-books.webp\"},{\"@type\":\"BreadcrumbList\",\"@id\":\"https:\/\/cafo.org\/es\/morethanenough\/until-theres-more-than-enough\/#breadcrumb\",\"itemListElement\":[{\"@type\":\"ListItem\",\"position\":1,\"name\":\"Home\",\"item\":\"https:\/\/cafo.org\/\"},{\"@type\":\"ListItem\",\"position\":2,\"name\":\"More Than Enough\",\"item\":\"https:\/\/cafo.org\/morethanenough\/\"},{\"@type\":\"ListItem\",\"position\":3,\"name\":\"Until There&#8217;s More Than Enough\"}]},{\"@type\":\"WebSite\",\"@id\":\"https:\/\/cafo.org\/es\/#website\",\"url\":\"https:\/\/cafo.org\/es\/\",\"name\":\"Christian Alliance for Orphans\",\"description\":\"\",\"potentialAction\":[{\"@type\":\"SearchAction\",\"target\":{\"@type\":\"EntryPoint\",\"urlTemplate\":\"https:\/\/cafo.org\/es\/?s={search_term_string}\"},\"query-input\":{\"@type\":\"PropertyValueSpecification\",\"valueRequired\":true,\"valueName\":\"search_term_string\"}}],\"inLanguage\":\"es\"}]}<\/script>\n<!-- \/ Yoast SEO plugin. -->","yoast_head_json":{"title":"Hasta que haya More Than Enough - Christian Alliance for Orphans","description":"Descubra una gu\u00eda pr\u00e1ctica de principios y pr\u00e1cticas que le ayudar\u00e1n a trabajar con otros para transformar el acogimiento familiar en su comunidad.","robots":{"index":"index","follow":"follow","max-snippet":"max-snippet:-1","max-image-preview":"max-image-preview:large","max-video-preview":"max-video-preview:-1"},"canonical":"https:\/\/cafo.org\/es\/morethanenough\/until-theres-more-than-enough\/","og_locale":"es_MX","og_type":"article","og_title":"Until There's More Than Enough - Christian Alliance for Orphans","og_description":"Discover a field guide of principles and practices that will help you work with others to transform foster care in your community.","og_url":"https:\/\/cafo.org\/es\/morethanenough\/until-theres-more-than-enough\/","og_site_name":"Christian Alliance for Orphans","article_modified_time":"2026-02-02T14:58:53+00:00","og_image":[{"url":"https:\/\/cafo.org\/wp-content\/uploads\/2025\/07\/hero-books.webp","type":"","width":"","height":""}],"twitter_card":"summary_large_image","twitter_misc":{"Tiempo de lectura":"8 minutos"},"schema":{"@context":"https:\/\/schema.org","@graph":[{"@type":"WebPage","@id":"https:\/\/cafo.org\/es\/morethanenough\/until-theres-more-than-enough\/","url":"https:\/\/cafo.org\/es\/morethanenough\/until-theres-more-than-enough\/","name":"Hasta que haya More Than Enough - Christian Alliance for Orphans","isPartOf":{"@id":"https:\/\/cafo.org\/es\/#website"},"primaryImageOfPage":{"@id":"https:\/\/cafo.org\/es\/morethanenough\/until-theres-more-than-enough\/#primaryimage"},"image":{"@id":"https:\/\/cafo.org\/es\/morethanenough\/until-theres-more-than-enough\/#primaryimage"},"thumbnailUrl":"https:\/\/cafo.org\/wp-content\/uploads\/2025\/07\/hero-books.webp","datePublished":"2025-07-21T21:37:56+00:00","dateModified":"2026-02-02T14:58:53+00:00","description":"Descubra una gu\u00eda pr\u00e1ctica de principios y pr\u00e1cticas que le ayudar\u00e1n a trabajar con otros para transformar el acogimiento familiar en su comunidad.","breadcrumb":{"@id":"https:\/\/cafo.org\/es\/morethanenough\/until-theres-more-than-enough\/#breadcrumb"},"inLanguage":"es","potentialAction":[{"@type":"ReadAction","target":["https:\/\/cafo.org\/es\/morethanenough\/until-theres-more-than-enough\/"]}]},{"@type":"ImageObject","inLanguage":"es","@id":"https:\/\/cafo.org\/es\/morethanenough\/until-theres-more-than-enough\/#primaryimage","url":"https:\/\/cafo.org\/wp-content\/uploads\/2025\/07\/hero-books.webp","contentUrl":"https:\/\/cafo.org\/wp-content\/uploads\/2025\/07\/hero-books.webp"},{"@type":"BreadcrumbList","@id":"https:\/\/cafo.org\/es\/morethanenough\/until-theres-more-than-enough\/#breadcrumb","itemListElement":[{"@type":"ListItem","position":1,"name":"Home","item":"https:\/\/cafo.org\/"},{"@type":"ListItem","position":2,"name":"More Than Enough","item":"https:\/\/cafo.org\/morethanenough\/"},{"@type":"ListItem","position":3,"name":"Until There&#8217;s More Than Enough"}]},{"@type":"WebSite","@id":"https:\/\/cafo.org\/es\/#website","url":"https:\/\/cafo.org\/es\/","name":"Christian Alliance for Orphans","description":"","potentialAction":[{"@type":"SearchAction","target":{"@type":"EntryPoint","urlTemplate":"https:\/\/cafo.org\/es\/?s={search_term_string}"},"query-input":{"@type":"PropertyValueSpecification","valueRequired":true,"valueName":"search_term_string"}}],"inLanguage":"es"}]}},"_links":{"self":[{"href":"https:\/\/cafo.org\/es\/wp-json\/wp\/v2\/pages\/22316","targetHints":{"allow":["GET"]}}],"collection":[{"href":"https:\/\/cafo.org\/es\/wp-json\/wp\/v2\/pages"}],"about":[{"href":"https:\/\/cafo.org\/es\/wp-json\/wp\/v2\/types\/page"}],"author":[{"embeddable":true,"href":"https:\/\/cafo.org\/es\/wp-json\/wp\/v2\/users\/24"}],"replies":[{"embeddable":true,"href":"https:\/\/cafo.org\/es\/wp-json\/wp\/v2\/comments?post=22316"}],"version-history":[{"count":31,"href":"https:\/\/cafo.org\/es\/wp-json\/wp\/v2\/pages\/22316\/revisions"}],"predecessor-version":[{"id":25448,"href":"https:\/\/cafo.org\/es\/wp-json\/wp\/v2\/pages\/22316\/revisions\/25448"}],"up":[{"embeddable":true,"href":"https:\/\/cafo.org\/es\/wp-json\/wp\/v2\/pages\/2868"}],"wp:attachment":[{"href":"https:\/\/cafo.org\/es\/wp-json\/wp\/v2\/media?parent=22316"}],"curies":[{"name":"wp","href":"https:\/\/api.w.org\/{rel}","templated":true}]}}