{"id":23437,"date":"2025-09-11T10:39:27","date_gmt":"2025-09-11T14:39:27","guid":{"rendered":"https:\/\/cafo.org\/?page_id=23437"},"modified":"2025-11-21T18:10:07","modified_gmt":"2025-11-21T23:10:07","slug":"when-there-is-crisis","status":"publish","type":"page","link":"https:\/\/cafo.org\/es\/family-institute\/when-there-is-crisis\/","title":{"rendered":"Cuando hay crisis"},"content":{"rendered":"<h1>\n\t\t\tINSTITUTO PARA LA SANACI\u00d3N Y LA SALUD CENTRADAS EN LA FAMILIA\t<\/h1>\n\t\t\tCuando hay crisis\n\n\t\t\tManual para familias cristianas de acogida y adoptivas que se enfrentan a graves dificultades\t\n\t\t\t<a href=\"https:\/\/www.amazon.com\/dp\/B0FPQYQQ88\" target=\"_blank\" rel=\"noopener\">\n\t\t\t\t\t\t\tCOMPRAR\n\t\t\t\t\t<\/a>\n\t\t\t<a href=\"#cb00abe799\" target=\"_self\">\n\t\t\t\t\t\t\tDESCARGAR PAQUETE DE MUESTRA\n\t\t\t\t\t<\/a>\n<h2>\n\t\t\tUsted <em>no est\u00e1n solos<\/em> mientras te enfrentas a los retos m\u00e1s intensos y abrumadores de la paternidad.\t<\/h2>\n\n\t\t\tLos padres de acogida y adoptivos anhelan que sus hijos experimenten esperanza en lugares de profundo y complejo dolor. Sin embargo, las temporadas de crisis relacionales, emocionales o de comportamiento pueden ser parte del camino, y pueden resultar abrumadoras.\t\n\n\t\t\t<b>Como padre, puede que se pregunte:<\/b>\t\n\t<p><i>\u00bfC\u00f3mo lo afronto cuando he probado todo lo que s\u00e9 y sigue sin funcionar? \u00bfEs posible la curaci\u00f3n, o las cosas duras que ha vivido mi hijo tendr\u00e1n la \u00faltima palabra en su historia?<\/i><\/p>\n<p><strong><i>Cuando hay crisis<\/i> es un manual para guiarte a trav\u00e9s de estas temporadas como padre - o equiparte para caminar junto a las familias en estos momentos de crisis.<\/strong><\/p>\n\t\t\tCuando hay crisis\t\n<h2>\n\t\t\tEncontrar\u00e1s orientaciones tangibles para satisfacerte <em>d\u00f3nde est\u00e1s<\/em>incluyendo:\t<\/h2>\n\t\t\t\t\t\t\t\t\t\t\t\t<h4>Perspectivas seleccionadas<\/h4>\n\t\t\t\t\t\t<p>bas\u00e1ndose en la investigaci\u00f3n, la sabidur\u00eda b\u00edblica y la experiencia de la vida real.<\/p>\t\t\t\t\t\n\t\t\t\t\t\t\t\t\t\t\t\t<h5>Perspectivas seleccionadas<\/h5>\n\t\t\t\t\t\t<p>Este libro clasifica el abrumador volumen de consejos que escuchas como padre para identificar los principios y pr\u00e1cticas fundamentales en los que centrarte.<\/p>\t\t\t\t\t\n\t\t\t\t\t\t\t\t\t\t\t\t<h4>Orientaci\u00f3n pr\u00e1ctica<\/h4>\n\t\t\t\t\t\t<p>para ayudarle a responder a las crisis con claridad y confianza.<\/p>\t\t\t\t\t\n\t\t\t\t\t\t\t\t\t\t\t\t<h5>Orientaci\u00f3n pr\u00e1ctica<\/h5>\n\t\t\t\t\t\t<p>Encontrar\u00e1 medidas inmediatas para mantener a salvo a su familia y preguntas \u00fatiles mientras considera la terapia u otras intervenciones.<\/p>\t\t\t\t\t\n\t\t\t\t\t\t\t\t\t\t\t\t<h4>Principios clave<\/h4>\n\t\t\t\t\t\t<p>para orientar las decisiones sobre atenci\u00f3n residencial.<\/p>\t\t\t\t\t\n\t\t\t\t\t\t\t\t\t\t\t\t<h5>Principios clave<\/h5>\n\t\t\t\t\t\t<p>Encuentre un marco compasivo y clarificador que le ayude a evaluar la atenci\u00f3n residencial en temporadas de crisis especialmente intensas.<\/p>\t\t\t\t\t\n\t\t\t\t\t\t\t\t\t\t\t\t<h4>Pr\u00e1cticas cotidianas<\/h4>\n\t\t\t\t\t\t<p>que favorecen la curaci\u00f3n y el crecimiento a largo plazo.<\/p>\t\t\t\t\t\n\t\t\t\t\t\t\t\t\t\t\t\t<h5>Pr\u00e1cticas cotidianas <\/h5>\n\t\t\t\t\t\t<p>Explora los h\u00e1bitos diarios -desde el sue\u00f1o y la alimentaci\u00f3n hasta el tiempo dedicado a conectar con Dios y con los dem\u00e1s- que pueden contribuir al crecimiento a lo largo del tiempo.<\/p>\t\t\t\t\t\n<h2>\n\t\t\tDesc\u00fabrelo:\t<\/h2>\n\t\t\t <p>Medidas inmediatas en caso de crisis<\/p>\t\t\n\t\t\t <p>Reflexiones sinceras de padres sobre temporadas dif\u00edciles<\/p>\t\t\n\t\t\t <p>Los complejos factores que pueden agravar una crisis<\/p>\t\t\n\t\t\t <p>Reflexiones de los j\u00f3venes sobre sus propios viajes<\/p>\t\t\n\t\t\t <p>Su papel \u00fanico e influyente como padre<\/p>\t\t\n\t\t\t <p>Enfoques hol\u00edsticos para atender a toda la familia<\/p>\t\t\n\t\t\t<a href=\"https:\/\/www.amazon.com\/dp\/B0FPQYQQ88\" target=\"_blank\" rel=\"noopener\">\n\t\t\t\t\t\t\tPedido en Amazon\n\t\t\t\t\t<\/a>\n\t\t\t\t<img decoding=\"async\" src=\"https:\/\/cafo.org\/wp-content\/uploads\/2025\/09\/When-There-is-Crisis-LM-Mockup.png\" alt=\"When There is Crisis LM Mockup\" itemprop=\"image\" height=\"691\" width=\"891\" title=\"Cuando hay crisis Maqueta LM\" onerror=\"this.style.display='none'\" loading=\"lazy\" \/>\n\t\t\t\t<img decoding=\"async\" src=\"https:\/\/cafo.org\/wp-content\/plugins\/bb-plugin\/img\/pixel.png\" alt=\"\" itemprop=\"image\" onerror=\"this.style.display='none'\" loading=\"lazy\" \/>\n<h2>\n\t\t\tDescargar un paquete de muestra gratuito\t<\/h2>\n\n\t\t\tPara superar las crisis es fundamental comprender la compleja red de factores que convergen en el mundo de la crianza temporal y adoptiva. Esta muestra incluye la Introducci\u00f3n y el Cap\u00edtulo 1, que se sumergen en estas mismas ideas, proporcionando un marco inicial para comprender los periodos de lucha intensa.\t\n\t\t\t<a href=\"#cb00abe799\" target=\"_self\">\n\t\t\t\t\t\t\tDESCARGAR PAQUETE DE MUESTRA\n\t\t\t\t\t<\/a>\n<h2>\n\t\t\t<em>Sobre el autor<\/em>\t<\/h2>\n\n\t\t\t<b>Rachel Medefind<\/b>\t\n\tRachel posee un m\u00e1ster en Psicolog\u00eda y Neurociencia de la Salud Mental por el King's College de Londres, con especializaci\u00f3n en ni\u00f1os que han sufrido adversidades tempranas. Rachel asesora y acompa\u00f1a a familias de EE.UU. y de otros pa\u00edses que atraviesan dificultades especiales. Ha formado parte de las juntas directivas de muchas organizaciones dedicadas a mejorar la vida de ni\u00f1os y familias vulnerables de todo el mundo. Tras una temprana carrera en fisioterapia, Rachel invirti\u00f3 muchos a\u00f1os en cultivar las mentes, los corazones y los cuerpos de sus hijos y otros j\u00f3venes, desde la educaci\u00f3n en casa y las cooperativas hasta ayudar a establecer una nueva escuela privada. Es miembro fundador del consejo de Tyndale Christian School en Arlington, Virginia, una escuela cristiana cl\u00e1sica comprometida con la excelencia acad\u00e9mica y la formaci\u00f3n integral de la persona. Rachel y su marido, Jedd, han tenido hijos por nacimiento, adopci\u00f3n y acogida.\n\t\t\t\t<img decoding=\"async\" src=\"https:\/\/cafo.org\/wp-content\/uploads\/2023\/08\/Rachel-Medefind-800x800-1.jpg\" alt=\"Rachel Medefind\" itemprop=\"image\" height=\"800\" width=\"800\" title=\"Rachel-Medefind-800x800\" onerror=\"this.style.display='none'\" loading=\"lazy\" \/>\n\t\t\t\t<img decoding=\"async\" src=\"https:\/\/cafo.org\/wp-content\/uploads\/2025\/09\/When-There-is-Crisis-mockup-png.png\" alt=\"When There is Crisis mockup png\" itemprop=\"image\" height=\"691\" width=\"891\" title=\"Cuando hay crisis mockup png\" onerror=\"this.style.display='none'\" loading=\"lazy\" \/>\n\t\t\tINSTITUTO PARA LA SANACI\u00d3N Y LA SALUD CENTRADAS EN LA FAMILIA\t\n<h2>\n\t\t\tLeer el libro <em>Cuando hay crisis<\/em> hoy.\t<\/h2>\n\n\t\t\tDeje que esta gu\u00eda le acompa\u00f1e tanto en las realidades de la lucha como en la esperanza que a\u00fan puede abrirse paso. Este libro le ayudar\u00e1 a seguir caminando con su hijo en las \u00e9pocas m\u00e1s dif\u00edciles, mientras conf\u00eda a Dios los resultados que escapan a su control.\t\n\t\t\t<a href=\"https:\/\/www.amazon.com\/dp\/B0FPQYQQ88\" target=\"_blank\" rel=\"noopener\">\n\t\t\t\t\t\t\tPEDIR EN AMAZON\n\t\t\t\t\t<\/a>","protected":false},"excerpt":{"rendered":"<p>INSTITUTO PARA LA SANACI\u00d3N Y LA SALUD CENTRADA EN LA FAMILIA Cuando hay crisis Manual para familias cristianas de acogida y adoptivas que se enfrentan a graves dificultades COMPRAR DESCARGAR MUESTRA BUNDLE No est\u00e1 solo cuando se enfrenta a los retos m\u00e1s intensos y abrumadores de la crianza de los hijos. Los padres de acogida y adoptivos anhelan que sus hijos experimenten la esperanza en ... <a title=\"Cuando hay crisis\" class=\"read-more\" href=\"https:\/\/cafo.org\/es\/family-institute\/when-there-is-crisis\/\" aria-label=\"Leer m\u00e1s sobre Cuando hay crisis\">Seguir leyendo<\/a><\/p>","protected":false},"author":24,"featured_media":0,"parent":3447,"menu_order":124,"comment_status":"closed","ping_status":"closed","template":"page-family-centered-initiative.php","meta":{"_acf_changed":false,"footnotes":""},"class_list":["post-23437","page","type-page","status-publish"],"acf":[],"yoast_head":"<!-- This site is optimized with the Yoast SEO plugin v27.4 - https:\/\/yoast.com\/product\/yoast-seo-wordpress\/ -->\n<title>When There is Crisis - Christian Alliance for Orphans<\/title>\n<meta name=\"robots\" content=\"index, follow, max-snippet:-1, max-image-preview:large, max-video-preview:-1\" \/>\n<link rel=\"canonical\" href=\"https:\/\/cafo.org\/es\/family-institute\/when-there-is-crisis\/\" \/>\n<meta property=\"og:locale\" content=\"es_MX\" \/>\n<meta property=\"og:type\" content=\"article\" \/>\n<meta property=\"og:title\" content=\"When There is Crisis - Christian Alliance for Orphans\" \/>\n<meta property=\"og:description\" content=\"INSTITUTE FOR FAMILY-CENTERED HEALING &#038; HEALTH When There Is Crisis A Handbook for Christian Foster &#038; Adoptive Families Facing Serious Struggle PURCHASE DOWNLOAD SAMPLE BUNDLE You aren&#8217;t alone as you face the most intense and overwhelming challenges of parenting. Foster and adoptive parents long for their children to experience hope in places of deep and ... Read more\" \/>\n<meta property=\"og:url\" content=\"https:\/\/cafo.org\/es\/family-institute\/when-there-is-crisis\/\" \/>\n<meta property=\"og:site_name\" content=\"Christian Alliance for Orphans\" \/>\n<meta property=\"article:modified_time\" content=\"2025-11-21T23:10:07+00:00\" \/>\n<meta property=\"og:image\" content=\"https:\/\/cafo.org\/wp-content\/uploads\/2025\/09\/When-There-is-Crisis-LM-Mockup.png\" \/>\n<meta name=\"twitter:card\" content=\"summary_large_image\" \/>\n<meta name=\"twitter:label1\" content=\"Tiempo de lectura\" \/>\n\t<meta name=\"twitter:data1\" content=\"4 minutos\" \/>\n<script type=\"application\/ld+json\" class=\"yoast-schema-graph\">{\"@context\":\"https:\\\/\\\/schema.org\",\"@graph\":[{\"@type\":\"WebPage\",\"@id\":\"https:\\\/\\\/cafo.org\\\/es\\\/family-institute\\\/when-there-is-crisis\\\/\",\"url\":\"https:\\\/\\\/cafo.org\\\/es\\\/family-institute\\\/when-there-is-crisis\\\/\",\"name\":\"When There is Crisis - Christian Alliance for Orphans\",\"isPartOf\":{\"@id\":\"https:\\\/\\\/cafo.org\\\/es\\\/#website\"},\"primaryImageOfPage\":{\"@id\":\"https:\\\/\\\/cafo.org\\\/es\\\/family-institute\\\/when-there-is-crisis\\\/#primaryimage\"},\"image\":{\"@id\":\"https:\\\/\\\/cafo.org\\\/es\\\/family-institute\\\/when-there-is-crisis\\\/#primaryimage\"},\"thumbnailUrl\":\"https:\\\/\\\/cafo.org\\\/wp-content\\\/uploads\\\/2025\\\/09\\\/When-There-is-Crisis-LM-Mockup.png\",\"datePublished\":\"2025-09-11T14:39:27+00:00\",\"dateModified\":\"2025-11-21T23:10:07+00:00\",\"breadcrumb\":{\"@id\":\"https:\\\/\\\/cafo.org\\\/es\\\/family-institute\\\/when-there-is-crisis\\\/#breadcrumb\"},\"inLanguage\":\"es\",\"potentialAction\":[{\"@type\":\"ReadAction\",\"target\":[\"https:\\\/\\\/cafo.org\\\/es\\\/family-institute\\\/when-there-is-crisis\\\/\"]}]},{\"@type\":\"ImageObject\",\"inLanguage\":\"es\",\"@id\":\"https:\\\/\\\/cafo.org\\\/es\\\/family-institute\\\/when-there-is-crisis\\\/#primaryimage\",\"url\":\"https:\\\/\\\/cafo.org\\\/wp-content\\\/uploads\\\/2025\\\/09\\\/When-There-is-Crisis-LM-Mockup.png\",\"contentUrl\":\"https:\\\/\\\/cafo.org\\\/wp-content\\\/uploads\\\/2025\\\/09\\\/When-There-is-Crisis-LM-Mockup.png\"},{\"@type\":\"BreadcrumbList\",\"@id\":\"https:\\\/\\\/cafo.org\\\/es\\\/family-institute\\\/when-there-is-crisis\\\/#breadcrumb\",\"itemListElement\":[{\"@type\":\"ListItem\",\"position\":1,\"name\":\"Home\",\"item\":\"https:\\\/\\\/cafo.org\\\/\"},{\"@type\":\"ListItem\",\"position\":2,\"name\":\"The Family Institute\",\"item\":\"https:\\\/\\\/cafo.org\\\/family-institute\\\/\"},{\"@type\":\"ListItem\",\"position\":3,\"name\":\"When There is Crisis\"}]},{\"@type\":\"WebSite\",\"@id\":\"https:\\\/\\\/cafo.org\\\/es\\\/#website\",\"url\":\"https:\\\/\\\/cafo.org\\\/es\\\/\",\"name\":\"Christian Alliance for Orphans\",\"description\":\"\",\"potentialAction\":[{\"@type\":\"SearchAction\",\"target\":{\"@type\":\"EntryPoint\",\"urlTemplate\":\"https:\\\/\\\/cafo.org\\\/es\\\/?s={search_term_string}\"},\"query-input\":{\"@type\":\"PropertyValueSpecification\",\"valueRequired\":true,\"valueName\":\"search_term_string\"}}],\"inLanguage\":\"es\"}]}<\/script>\n<!-- \/ Yoast SEO plugin. -->","yoast_head_json":{"title":"Cuando hay crisis - Christian Alliance for Orphans","robots":{"index":"index","follow":"follow","max-snippet":"max-snippet:-1","max-image-preview":"max-image-preview:large","max-video-preview":"max-video-preview:-1"},"canonical":"https:\/\/cafo.org\/es\/family-institute\/when-there-is-crisis\/","og_locale":"es_MX","og_type":"article","og_title":"When There is Crisis - Christian Alliance for Orphans","og_description":"INSTITUTE FOR FAMILY-CENTERED HEALING &#038; HEALTH When There Is Crisis A Handbook for Christian Foster &#038; Adoptive Families Facing Serious Struggle PURCHASE DOWNLOAD SAMPLE BUNDLE You aren&#8217;t alone as you face the most intense and overwhelming challenges of parenting. Foster and adoptive parents long for their children to experience hope in places of deep and ... Read more","og_url":"https:\/\/cafo.org\/es\/family-institute\/when-there-is-crisis\/","og_site_name":"Christian Alliance for Orphans","article_modified_time":"2025-11-21T23:10:07+00:00","og_image":[{"url":"https:\/\/cafo.org\/wp-content\/uploads\/2025\/09\/When-There-is-Crisis-LM-Mockup.png","type":"","width":"","height":""}],"twitter_card":"summary_large_image","twitter_misc":{"Tiempo de lectura":"4 minutos"},"schema":{"@context":"https:\/\/schema.org","@graph":[{"@type":"WebPage","@id":"https:\/\/cafo.org\/es\/family-institute\/when-there-is-crisis\/","url":"https:\/\/cafo.org\/es\/family-institute\/when-there-is-crisis\/","name":"Cuando hay crisis - Christian Alliance for Orphans","isPartOf":{"@id":"https:\/\/cafo.org\/es\/#website"},"primaryImageOfPage":{"@id":"https:\/\/cafo.org\/es\/family-institute\/when-there-is-crisis\/#primaryimage"},"image":{"@id":"https:\/\/cafo.org\/es\/family-institute\/when-there-is-crisis\/#primaryimage"},"thumbnailUrl":"https:\/\/cafo.org\/wp-content\/uploads\/2025\/09\/When-There-is-Crisis-LM-Mockup.png","datePublished":"2025-09-11T14:39:27+00:00","dateModified":"2025-11-21T23:10:07+00:00","breadcrumb":{"@id":"https:\/\/cafo.org\/es\/family-institute\/when-there-is-crisis\/#breadcrumb"},"inLanguage":"es","potentialAction":[{"@type":"ReadAction","target":["https:\/\/cafo.org\/es\/family-institute\/when-there-is-crisis\/"]}]},{"@type":"ImageObject","inLanguage":"es","@id":"https:\/\/cafo.org\/es\/family-institute\/when-there-is-crisis\/#primaryimage","url":"https:\/\/cafo.org\/wp-content\/uploads\/2025\/09\/When-There-is-Crisis-LM-Mockup.png","contentUrl":"https:\/\/cafo.org\/wp-content\/uploads\/2025\/09\/When-There-is-Crisis-LM-Mockup.png"},{"@type":"BreadcrumbList","@id":"https:\/\/cafo.org\/es\/family-institute\/when-there-is-crisis\/#breadcrumb","itemListElement":[{"@type":"ListItem","position":1,"name":"Home","item":"https:\/\/cafo.org\/"},{"@type":"ListItem","position":2,"name":"The Family Institute","item":"https:\/\/cafo.org\/family-institute\/"},{"@type":"ListItem","position":3,"name":"When There is Crisis"}]},{"@type":"WebSite","@id":"https:\/\/cafo.org\/es\/#website","url":"https:\/\/cafo.org\/es\/","name":"Christian Alliance for Orphans","description":"","potentialAction":[{"@type":"SearchAction","target":{"@type":"EntryPoint","urlTemplate":"https:\/\/cafo.org\/es\/?s={search_term_string}"},"query-input":{"@type":"PropertyValueSpecification","valueRequired":true,"valueName":"search_term_string"}}],"inLanguage":"es"}]}},"_links":{"self":[{"href":"https:\/\/cafo.org\/es\/wp-json\/wp\/v2\/pages\/23437","targetHints":{"allow":["GET"]}}],"collection":[{"href":"https:\/\/cafo.org\/es\/wp-json\/wp\/v2\/pages"}],"about":[{"href":"https:\/\/cafo.org\/es\/wp-json\/wp\/v2\/types\/page"}],"author":[{"embeddable":true,"href":"https:\/\/cafo.org\/es\/wp-json\/wp\/v2\/users\/24"}],"replies":[{"embeddable":true,"href":"https:\/\/cafo.org\/es\/wp-json\/wp\/v2\/comments?post=23437"}],"version-history":[{"count":19,"href":"https:\/\/cafo.org\/es\/wp-json\/wp\/v2\/pages\/23437\/revisions"}],"predecessor-version":[{"id":24439,"href":"https:\/\/cafo.org\/es\/wp-json\/wp\/v2\/pages\/23437\/revisions\/24439"}],"up":[{"embeddable":true,"href":"https:\/\/cafo.org\/es\/wp-json\/wp\/v2\/pages\/3447"}],"wp:attachment":[{"href":"https:\/\/cafo.org\/es\/wp-json\/wp\/v2\/media?parent=23437"}],"curies":[{"name":"wp","href":"https:\/\/api.w.org\/{rel}","templated":true}]}}