{"id":23587,"date":"2025-09-17T15:25:57","date_gmt":"2025-09-17T19:25:57","guid":{"rendered":"https:\/\/cafo.org\/?page_id=23587"},"modified":"2026-02-26T16:33:43","modified_gmt":"2026-02-26T21:33:43","slug":"organizational-leaders","status":"publish","type":"page","link":"https:\/\/cafo.org\/es\/family-institute\/organizational-leaders\/","title":{"rendered":"L\u00edderes organizativos"},"content":{"rendered":"<h1>\n\t\t\tPARA L\u00cdDERES DE ORGANIZACIONES Y MINISTERIOS\t<\/h1>\n\t\t\tFortalezca a las familias a las que sirve\n\n\t\t\tEvite el agotamiento y apoye el crecimiento a largo plazo de las familias de acogida y adoptivas.\t\n<h2>\n\t\t\tAnhelas que los ni\u00f1os experimenten <em>esperanza<\/em> en \u00e1reas de dolor profundo y complejo, y quieres que las familias a las que sirves sean un lugar donde <em>curaci\u00f3n y crecimiento<\/em> echar ra\u00edces.\t<\/h2>\n\n\t\t\t<i>Pero ves c\u00f3mo los pap\u00e1s se agotan al tratar de ayudar a sus hijos a superar problemas relacionales, emocionales o de comportamiento.<\/i>\t\n\t<p>Intentas ayudarles lo mejor que puedes, pero no tienes los recursos, la experiencia o el tiempo para crear nuevas herramientas desde cero. Y lo que tienes que ofrecer a menudo te parece insuficiente.<\/p>\n<p>As\u00ed que la incertidumbre y el agotamiento se apoderaron de m\u00ed.<\/p>\n<p><i>Quiero que estas familias prosperen, pero no tengo lo que necesito para ayudarlas y ya tengo demasiados recursos. \u00bfEs posible que estos ni\u00f1os y estas familias prosperen? \u00bfO les estoy preparando para la decepci\u00f3n?<\/i><\/p>\n\t\t\tEQUIP\u00c1NDOTE PARA FORTALECER A LAS FAMILIAS\t\n<h2>\n\t\t\tRecursos de confianza del Family Institute en el CAFO\t<\/h2>\n\n\t\t\tEn el Instituto para la Salud y la Sanaci\u00f3n Centradas en la Familia (Family Institute), estamos aqu\u00ed para equiparte con pr\u00e1cticas familiares basadas en las Escrituras y la ciencia.\t\n\t<p>Podemos ayudarle a atender a las familias con eficacia, evitar el agotamiento y apoyar su crecimiento a largo plazo, sin que tenga que reinventar la rueda.<\/p>\n<p>Proporcionamos herramientas fiables que reconocen los profundos desaf\u00edos del trauma o la adversidad, pero tambi\u00e9n hacen hincapi\u00e9 en el poder de los h\u00e1bitos diarios y las pr\u00e1cticas cristianas para ayudar a las familias a experimentar la curaci\u00f3n y la conexi\u00f3n a lo largo del tiempo.<\/p>\n\t\t\t<a href=\"https:\/\/cafo.org\/es\/family-institute\/resources\/\"  target=\"_self\">\n\t\t\t\t\t\t\tExplorar los recursos\n\t\t\t\t\t<\/a>\n<figure itemscope itemtype=\"https:\/\/schema.org\/ImageObject\">\n\t\t\t\t<a href=\"https:\/\/cafo.org\/es\/family-institute\/resources\/\"  target=\"_self\" itemprop=\"url\">\n\t\t\t\t<img decoding=\"async\" src=\"https:\/\/cafo.org\/wp-content\/uploads\/2024\/06\/Family-Unburdening-Summertime-mockup.png\" alt=\"Family - Unburdening Summertime - mockup\" height=\"468\" width=\"833\" title=\"Familia - Unburdening Summertime - maqueta\" onerror=\"this.style.display='none'\" loading=\"lazy\" \/>\n\t\t\t\t<\/a>\n\t<\/figure>\n<figure itemscope itemtype=\"https:\/\/schema.org\/ImageObject\">\n\t\t\t\t<img decoding=\"async\" src=\"https:\/\/cafo.org\/wp-content\/uploads\/2025\/09\/When-There-is-Crisis-mockup-png.png\" alt=\"When There is Crisis mockup png\" height=\"691\" width=\"891\" title=\"Cuando hay crisis mockup png\" onerror=\"this.style.display='none'\" loading=\"lazy\" \/>\n\t<\/figure>\n<h3>\n\t\t\tCuando hay crisis\t<\/h3>\n\t<p>Dotar a las familias de un manual para afrontar los retos m\u00e1s intensos y abrumadores de la crianza en acogida y la adopci\u00f3n.<\/p>\n\t\t\t<a href=\"https:\/\/cafo.org\/es\/family-institute\/when-there-is-crisis\/\"  target=\"_self\">\n\t\t\t\t\t\t\tM\u00e1s informaci\u00f3n\n\t\t\t<\/a>\n<figure itemscope itemtype=\"https:\/\/schema.org\/ImageObject\">\n\t\t\t\t<img decoding=\"async\" src=\"https:\/\/cafo.org\/wp-content\/uploads\/2025\/05\/Family-Gen-Z-Report-mockup.jpg\" alt=\"Family - Gen Z Report mockup\" height=\"420\" width=\"596\" title=\"Familia - Gen Z Report mockup\" onerror=\"this.style.display='none'\" loading=\"lazy\" \/>\n\t<\/figure>\n<h3>\n\t\t\tInforme sobre salud mental y bienestar de la generaci\u00f3n Z\t<\/h3>\n\t<p>Explora un informe de Barna que ofrece estrategias pr\u00e1cticas para apoyar a los j\u00f3venes que se enfrentan a la ansiedad, la soledad y las luchas de identidad - todo ello basado en la investigaci\u00f3n y las Escrituras.<\/p>\n\t\t\t<a href=\"https:\/\/hubs.la\/Q03CHT_s0\"  target=\"_blank\" rel=\"noopener\">\n\t\t\t\t\t\t\tINFORME DE ACCESO\n\t\t\t<\/a>\n<figure itemscope itemtype=\"https:\/\/schema.org\/ImageObject\">\n\t\t\t\t<img decoding=\"async\" src=\"https:\/\/cafo.org\/wp-content\/uploads\/2025\/03\/Blog-800-x-400-28.png\" alt=\"Blog 800 x 400 (28)\" height=\"400\" width=\"800\" title=\"Blog 800 x 400 (28)\" onerror=\"this.style.display='none'\" loading=\"lazy\" \/>\n\t<\/figure>\n<h3>\n\t\t\tEl perd\u00f3n como camino hacia la curaci\u00f3n\t<\/h3>\n\t<p>Descubra los beneficios de practicar el perd\u00f3n y las formas tangibles de guiar a los ni\u00f1os hacia el perd\u00f3n cuando han sido heridos.<\/p>\n\t\t\t<a href=\"https:\/\/cafo.org\/es\/forgiveness-as-a-path-to-healing-a-practical-guide-for-foster-and-adoptive-families\/\"  target=\"_self\">\n\t\t\t\t\t\t\tLEER M\u00c1S\n\t\t\t<\/a>\n\t\t\t<a href=\"https:\/\/cafo.org\/es\/family-institute\/resources\/\"  target=\"_self\">\n\t\t\t\t\t\t\tM\u00c1S RECURSOS DEL INSTITUTO DE LA FAMILIA\n\t\t\t<\/a>\n\t\t\tSOBRE EL INSTITUTO DE LA FAMILIA CAFO\t\n<h2>\n\t\t\tUna comunidad comprometida con las familias\t<\/h2>\n\t<p>Con m\u00e1s de 300 organizaciones miembros y una red global de iglesias, CAFO une a una comunidad de confianza y colaboraci\u00f3n comprometida con la sanaci\u00f3n de ni\u00f1os y familias vulnerables. Basado en las Escrituras e informado por la investigaci\u00f3n s\u00f3lida, el Family Institute en CAFO integra la fe cristiana y la visi\u00f3n pr\u00e1ctica para equiparte con herramientas sencillas y eficaces que pueden ayudar a las familias a las que sirves a experimentar el crecimiento a medida que la curaci\u00f3n se arraiga constantemente en la vida de sus hijos.<\/p>\n<p><em>M\u00e1s informaci\u00f3n <strong><a href=\"https:\/\/cafo.org\/es\/family-institute\/about\/#rachel-bio\">Rachel Medefind<\/a><\/strong>Director del Family Institute.<\/em><\/p>\n<figure itemscope itemtype=\"https:\/\/schema.org\/ImageObject\">\n\t\t\t\t<img decoding=\"async\" src=\"https:\/\/cafo.org\/wp-content\/uploads\/2025\/09\/Family-Insitute-Trip-org-leaders2.png\" alt=\"Family Insitute Trip - org leaders2\" height=\"463\" width=\"766\" title=\"Viaje al Instituto de la Familia - org leaders2\" onerror=\"this.style.display='none'\" loading=\"lazy\" \/>\n\t<\/figure>\n<h2>\n\t\t\t<em>Conecta<\/em> con el Family Institute\t<\/h2>\n\t<p>Desde los presupuestos ajustados hasta las bajas tasas de retenci\u00f3n de familias de acogida, pasando por el peso de caminar con familias cansadas, entendemos a lo que te enfrentas cuando sirves a hogares de acogida y adoptivos. Suscr\u00edbete a nuestros correos electr\u00f3nicos para que podamos acompa\u00f1arte con herramientas pr\u00e1cticas y conectarte con una comunidad af\u00edn.<\/p>\n\t\t\t<a href=\"https:\/\/cafo.activehosted.com\/f\/35\"  target=\"_blank\" rel=\"noopener\">\n\t\t\t\t\t\t\tSUSCRIBETE\n\t\t\t\t\t<\/a>","protected":false},"excerpt":{"rendered":"<p>PARA L\u00cdDERES DE ORGANIZACIONES Y MINISTERIOS Fortalecer a las familias a las que sirven Evitar el agotamiento y apoyar el crecimiento a largo plazo de las familias de acogida y adoptivas. Usted anhela que los ni\u00f1os experimenten esperanza en \u00e1reas de dolor profundo y complejo, y desea que las familias a las que sirve sean un lugar donde la sanaci\u00f3n y el crecimiento echen ra\u00edces. Pero est\u00e1 viendo c\u00f3mo las familias ... <a title=\"L\u00edderes organizativos\" class=\"read-more\" href=\"https:\/\/cafo.org\/es\/family-institute\/organizational-leaders\/\" aria-label=\"Leer m\u00e1s sobre L\u00edderes organizativos\">Seguir leyendo<\/a><\/p>","protected":false},"author":24,"featured_media":0,"parent":3447,"menu_order":0,"comment_status":"closed","ping_status":"closed","template":"page-family-centered-initiative.php","meta":{"_acf_changed":false,"footnotes":""},"class_list":["post-23587","page","type-page","status-publish"],"acf":[],"yoast_head":"<!-- This site is optimized with the Yoast SEO plugin v27.4 - https:\/\/yoast.com\/product\/yoast-seo-wordpress\/ -->\n<title>Organizational Leaders - Christian Alliance for Orphans<\/title>\n<meta name=\"description\" content=\"Find resources for organization and ministry leaders to prevent burnout and support foster and adoptive families\u2019 long-term growth.\" \/>\n<meta name=\"robots\" content=\"index, follow, max-snippet:-1, max-image-preview:large, max-video-preview:-1\" \/>\n<link rel=\"canonical\" href=\"https:\/\/cafo.org\/es\/family-institute\/organizational-leaders\/\" \/>\n<meta property=\"og:locale\" content=\"es_MX\" \/>\n<meta property=\"og:type\" content=\"article\" \/>\n<meta property=\"og:title\" content=\"Organizational Leaders - Christian Alliance for Orphans\" \/>\n<meta property=\"og:description\" content=\"Find resources for organization and ministry leaders to prevent burnout and support foster and adoptive families\u2019 long-term growth.\" \/>\n<meta property=\"og:url\" content=\"https:\/\/cafo.org\/es\/family-institute\/organizational-leaders\/\" \/>\n<meta property=\"og:site_name\" content=\"Christian Alliance for Orphans\" \/>\n<meta property=\"article:modified_time\" content=\"2026-02-26T21:33:43+00:00\" \/>\n<meta property=\"og:image\" content=\"https:\/\/cafo.org\/wp-content\/uploads\/2024\/06\/Family-Unburdening-Summertime-mockup.png\" \/>\n<meta name=\"twitter:card\" content=\"summary_large_image\" \/>\n<meta name=\"twitter:label1\" content=\"Tiempo de lectura\" \/>\n\t<meta name=\"twitter:data1\" content=\"4 minutos\" \/>\n<script type=\"application\/ld+json\" class=\"yoast-schema-graph\">{\"@context\":\"https:\\\/\\\/schema.org\",\"@graph\":[{\"@type\":\"WebPage\",\"@id\":\"https:\\\/\\\/cafo.org\\\/es\\\/family-institute\\\/organizational-leaders\\\/\",\"url\":\"https:\\\/\\\/cafo.org\\\/es\\\/family-institute\\\/organizational-leaders\\\/\",\"name\":\"Organizational Leaders - Christian Alliance for Orphans\",\"isPartOf\":{\"@id\":\"https:\\\/\\\/cafo.org\\\/es\\\/#website\"},\"primaryImageOfPage\":{\"@id\":\"https:\\\/\\\/cafo.org\\\/es\\\/family-institute\\\/organizational-leaders\\\/#primaryimage\"},\"image\":{\"@id\":\"https:\\\/\\\/cafo.org\\\/es\\\/family-institute\\\/organizational-leaders\\\/#primaryimage\"},\"thumbnailUrl\":\"https:\\\/\\\/cafo.org\\\/wp-content\\\/uploads\\\/2024\\\/06\\\/Family-Unburdening-Summertime-mockup.png\",\"datePublished\":\"2025-09-17T19:25:57+00:00\",\"dateModified\":\"2026-02-26T21:33:43+00:00\",\"description\":\"Find resources for organization and ministry leaders to prevent burnout and support foster and adoptive families\u2019 long-term growth.\",\"breadcrumb\":{\"@id\":\"https:\\\/\\\/cafo.org\\\/es\\\/family-institute\\\/organizational-leaders\\\/#breadcrumb\"},\"inLanguage\":\"es\",\"potentialAction\":[{\"@type\":\"ReadAction\",\"target\":[\"https:\\\/\\\/cafo.org\\\/es\\\/family-institute\\\/organizational-leaders\\\/\"]}]},{\"@type\":\"ImageObject\",\"inLanguage\":\"es\",\"@id\":\"https:\\\/\\\/cafo.org\\\/es\\\/family-institute\\\/organizational-leaders\\\/#primaryimage\",\"url\":\"https:\\\/\\\/cafo.org\\\/wp-content\\\/uploads\\\/2024\\\/06\\\/Family-Unburdening-Summertime-mockup.png\",\"contentUrl\":\"https:\\\/\\\/cafo.org\\\/wp-content\\\/uploads\\\/2024\\\/06\\\/Family-Unburdening-Summertime-mockup.png\"},{\"@type\":\"BreadcrumbList\",\"@id\":\"https:\\\/\\\/cafo.org\\\/es\\\/family-institute\\\/organizational-leaders\\\/#breadcrumb\",\"itemListElement\":[{\"@type\":\"ListItem\",\"position\":1,\"name\":\"Home\",\"item\":\"https:\\\/\\\/cafo.org\\\/\"},{\"@type\":\"ListItem\",\"position\":2,\"name\":\"The Family Institute\",\"item\":\"https:\\\/\\\/cafo.org\\\/family-institute\\\/\"},{\"@type\":\"ListItem\",\"position\":3,\"name\":\"Organizational Leaders\"}]},{\"@type\":\"WebSite\",\"@id\":\"https:\\\/\\\/cafo.org\\\/es\\\/#website\",\"url\":\"https:\\\/\\\/cafo.org\\\/es\\\/\",\"name\":\"Christian Alliance for Orphans\",\"description\":\"\",\"potentialAction\":[{\"@type\":\"SearchAction\",\"target\":{\"@type\":\"EntryPoint\",\"urlTemplate\":\"https:\\\/\\\/cafo.org\\\/es\\\/?s={search_term_string}\"},\"query-input\":{\"@type\":\"PropertyValueSpecification\",\"valueRequired\":true,\"valueName\":\"search_term_string\"}}],\"inLanguage\":\"es\"}]}<\/script>\n<!-- \/ Yoast SEO plugin. -->","yoast_head_json":{"title":"L\u00edderes organizativos - Christian Alliance for Orphans","description":"Encuentre recursos para que los l\u00edderes de organizaciones y ministerios eviten el agotamiento y apoyen el crecimiento a largo plazo de las familias de acogida y adoptivas.","robots":{"index":"index","follow":"follow","max-snippet":"max-snippet:-1","max-image-preview":"max-image-preview:large","max-video-preview":"max-video-preview:-1"},"canonical":"https:\/\/cafo.org\/es\/family-institute\/organizational-leaders\/","og_locale":"es_MX","og_type":"article","og_title":"Organizational Leaders - Christian Alliance for Orphans","og_description":"Find resources for organization and ministry leaders to prevent burnout and support foster and adoptive families\u2019 long-term growth.","og_url":"https:\/\/cafo.org\/es\/family-institute\/organizational-leaders\/","og_site_name":"Christian Alliance for Orphans","article_modified_time":"2026-02-26T21:33:43+00:00","og_image":[{"url":"https:\/\/cafo.org\/wp-content\/uploads\/2024\/06\/Family-Unburdening-Summertime-mockup.png","type":"","width":"","height":""}],"twitter_card":"summary_large_image","twitter_misc":{"Tiempo de lectura":"4 minutos"},"schema":{"@context":"https:\/\/schema.org","@graph":[{"@type":"WebPage","@id":"https:\/\/cafo.org\/es\/family-institute\/organizational-leaders\/","url":"https:\/\/cafo.org\/es\/family-institute\/organizational-leaders\/","name":"L\u00edderes organizativos - Christian Alliance for Orphans","isPartOf":{"@id":"https:\/\/cafo.org\/es\/#website"},"primaryImageOfPage":{"@id":"https:\/\/cafo.org\/es\/family-institute\/organizational-leaders\/#primaryimage"},"image":{"@id":"https:\/\/cafo.org\/es\/family-institute\/organizational-leaders\/#primaryimage"},"thumbnailUrl":"https:\/\/cafo.org\/wp-content\/uploads\/2024\/06\/Family-Unburdening-Summertime-mockup.png","datePublished":"2025-09-17T19:25:57+00:00","dateModified":"2026-02-26T21:33:43+00:00","description":"Encuentre recursos para que los l\u00edderes de organizaciones y ministerios eviten el agotamiento y apoyen el crecimiento a largo plazo de las familias de acogida y adoptivas.","breadcrumb":{"@id":"https:\/\/cafo.org\/es\/family-institute\/organizational-leaders\/#breadcrumb"},"inLanguage":"es","potentialAction":[{"@type":"ReadAction","target":["https:\/\/cafo.org\/es\/family-institute\/organizational-leaders\/"]}]},{"@type":"ImageObject","inLanguage":"es","@id":"https:\/\/cafo.org\/es\/family-institute\/organizational-leaders\/#primaryimage","url":"https:\/\/cafo.org\/wp-content\/uploads\/2024\/06\/Family-Unburdening-Summertime-mockup.png","contentUrl":"https:\/\/cafo.org\/wp-content\/uploads\/2024\/06\/Family-Unburdening-Summertime-mockup.png"},{"@type":"BreadcrumbList","@id":"https:\/\/cafo.org\/es\/family-institute\/organizational-leaders\/#breadcrumb","itemListElement":[{"@type":"ListItem","position":1,"name":"Home","item":"https:\/\/cafo.org\/"},{"@type":"ListItem","position":2,"name":"The Family Institute","item":"https:\/\/cafo.org\/family-institute\/"},{"@type":"ListItem","position":3,"name":"Organizational Leaders"}]},{"@type":"WebSite","@id":"https:\/\/cafo.org\/es\/#website","url":"https:\/\/cafo.org\/es\/","name":"Christian Alliance for Orphans","description":"","potentialAction":[{"@type":"SearchAction","target":{"@type":"EntryPoint","urlTemplate":"https:\/\/cafo.org\/es\/?s={search_term_string}"},"query-input":{"@type":"PropertyValueSpecification","valueRequired":true,"valueName":"search_term_string"}}],"inLanguage":"es"}]}},"_links":{"self":[{"href":"https:\/\/cafo.org\/es\/wp-json\/wp\/v2\/pages\/23587","targetHints":{"allow":["GET"]}}],"collection":[{"href":"https:\/\/cafo.org\/es\/wp-json\/wp\/v2\/pages"}],"about":[{"href":"https:\/\/cafo.org\/es\/wp-json\/wp\/v2\/types\/page"}],"author":[{"embeddable":true,"href":"https:\/\/cafo.org\/es\/wp-json\/wp\/v2\/users\/24"}],"replies":[{"embeddable":true,"href":"https:\/\/cafo.org\/es\/wp-json\/wp\/v2\/comments?post=23587"}],"version-history":[{"count":29,"href":"https:\/\/cafo.org\/es\/wp-json\/wp\/v2\/pages\/23587\/revisions"}],"predecessor-version":[{"id":25660,"href":"https:\/\/cafo.org\/es\/wp-json\/wp\/v2\/pages\/23587\/revisions\/25660"}],"up":[{"embeddable":true,"href":"https:\/\/cafo.org\/es\/wp-json\/wp\/v2\/pages\/3447"}],"wp:attachment":[{"href":"https:\/\/cafo.org\/es\/wp-json\/wp\/v2\/media?parent=23587"}],"curies":[{"name":"wp","href":"https:\/\/api.w.org\/{rel}","templated":true}]}}