{"id":24329,"date":"2025-11-18T18:38:41","date_gmt":"2025-11-18T23:38:41","guid":{"rendered":"https:\/\/cafo.org\/?page_id=24329"},"modified":"2026-02-26T16:30:28","modified_gmt":"2026-02-26T21:30:28","slug":"about","status":"publish","type":"page","link":"https:\/\/cafo.org\/es\/family-institute\/about\/","title":{"rendered":"Acerca de"},"content":{"rendered":"<h1>\n\t\t\tInstituto para la Curaci\u00f3n y la Salud Centradas en la Familia\t<\/h1>\n\t\t\tLas familias de acogida y adoptivas pueden experimentar <em>curaci\u00f3n y crecimiento<\/em> con el tiempo. Nos comprometemos a ayudarle a usted, o a las familias a las que atiende, a lograrlo.\t\n<figure itemscope itemtype=\"https:\/\/schema.org\/ImageObject\">\n\t\t\t\t<img decoding=\"async\" src=\"https:\/\/cafo.org\/wp-content\/uploads\/2023\/08\/family-institute-collage-2.png\" alt=\"family-institute-collage-2\" height=\"809\" width=\"893\" title=\"collage-2 del instituto de la familia\" onerror=\"this.style.display='none'\" loading=\"lazy\" \/>\n\t<\/figure>\n<h2>\n\t\t\tVer y cuidar <em>Familias<\/em> \t<\/h2>\n\n\t\t\tDurante casi dos d\u00e9cadas, CAFO se ha comprometido a fortalecer y animar al pueblo de Dios en la acogida de ni\u00f1os vulnerables en sus vidas.\t\n\t<p>Desde trabajadores sociales hasta profesionales m\u00e9dicos, pasando por l\u00edderes religiosos y amigos, son muchas las personas que desempe\u00f1an un papel importante a la hora de ofrecer esa bienvenida.<\/p>\n<p><strong>Pero Dios ha dado a los padres una vocaci\u00f3n fundamental \u2014y un papel singularmente poderoso\u2014 para ayudar a los hijos a experimentar la sanaci\u00f3n y el crecimiento a lo largo del tiempo.<\/strong><\/p>\n<p>El Institute for Family-Centered Healing &amp; Health est\u00e1 aqu\u00ed para apoyar a los padres adoptivos y de acogida en este hermoso y desafiante papel. El Instituto equipa a los padres con herramientas de crianza de confianza que reconocen los desaf\u00edos del trauma o la adversidad, pero tambi\u00e9n enfatizan el poder de los h\u00e1bitos diarios y las pr\u00e1cticas cristianas para ayudar a las familias a experimentar la curaci\u00f3n y la conexi\u00f3n a lo largo del tiempo.<\/p>\n<h2>\n\t\t\tNuestra <em>Enfoque<\/em> Zonas\t<\/h2>\n\t<p>Estamos aqu\u00ed para ayudar a las organizaciones, agencias e iglesias a cuidar mejor de las familias, ayud\u00e1ndolas a prevenir el agotamiento familiar y a apoyar el crecimiento familiar a largo plazo.<\/p>\n<h3>\n\t\t\tConservaci\u00f3n de recursos\t<\/h3>\n\t<p>Destacamos los recursos fiables basados en las Escrituras y la ciencia, adapt\u00e1ndolos a los padres de acogida y adoptivos cristianos.<\/p>\n<h3>\n\t\t\tColmar las lagunas\t<\/h3>\n\t<p>Creamos nuevas formaciones pr\u00e1cticas y otras herramientas para que los ministerios las compartan con las familias a las que apoyan.<\/p>\n<h3>\n\t\t\tMejora de la chispa\t<\/h3>\n\t<p>Pretendemos fomentar nuevas ideas y pr\u00e1cticas en este campo como centro din\u00e1mico de expertos y profesionales.<\/p>\n\t\t\t<a href=\"https:\/\/cafo.activehosted.com\/f\/35\"  target=\"_blank\" rel=\"noopener\">\n\t\t\t\t\t\t\tCONECTE CON EL INSTITUTO DE LA FAMILIA\n\t\t\t\t\t<\/a>\n<h2>\n\t\t\tCuatro <em>compromisos<\/em> dan forma a todo lo que hacemos:\t<\/h2>\n\t\t\t<h5>Ver a la persona en su totalidad<\/h5>\t\t\t\n\t\t\t\t<p>La verdadera salud afecta a toda la persona: cuerpo, mente, esp\u00edritu y relaciones. Tenemos en cuenta todos los aspectos de la persona para promover su desarrollo.<\/p>\n\t\t\t<h5>Envolver a los ni\u00f1os en un hogar vibrante<\/h5>\t\t\t\n\t\t\t\t<p>El hogar es un lugar esencial para la sanaci\u00f3n y la salud. Queremos empoderar a los padres para que desempe\u00f1en un papel central en la obra sanadora de Dios en la vida de sus hijos a largo plazo.<\/p>\n\t\t\t<h5>Participar en la vida cristiana<\/h5>\t\t\t\n\t\t\t\t<p>Una vida vivida para Dios es claramente buena, tanto para los ni\u00f1os como para los adultos. Invitar a los ni\u00f1os a compartir la vida cristiana sienta las bases para la curaci\u00f3n, aunque confiemos a Dios los resultados finales.<\/p>\n\t\t\t<h5>Creciendo juntos, poco a poco<\/h5>\t\t\t\n\t\t\t\t<p>El cambio no suele producirse r\u00e1pidamente, sino que se cultiva a lo largo del tiempo mediante peque\u00f1os h\u00e1bitos repetidos.<i>. <\/i>Hacemos hincapi\u00e9 en pr\u00e1cticas sencillas<i> \u2013 <\/i>para padres e hijos, que puede ayudar a las familias a experimentar juntos la sanaci\u00f3n y el crecimiento.<\/p>\n<figure itemscope itemtype=\"https:\/\/schema.org\/ImageObject\">\n\t\t\t\t<img decoding=\"async\" src=\"https:\/\/cafo.org\/wp-content\/uploads\/2023\/07\/Group-1300.jpg\" alt=\"Group-1300\" height=\"762\" width=\"983\" title=\"Grupo-1300\" onerror=\"this.style.display='none'\" loading=\"lazy\" \/>\n\t<\/figure>\n<figure itemscope itemtype=\"https:\/\/schema.org\/ImageObject\">\n\t\t\t\t<img decoding=\"async\" src=\"https:\/\/cafo.org\/wp-content\/uploads\/2023\/08\/Rachel-Medefind-800x800-1.jpg\" alt=\"Rachel Medefind\" height=\"800\" width=\"800\" title=\"Rachel-Medefind-800x800\" onerror=\"this.style.display='none'\" loading=\"lazy\" \/>\n\t<\/figure>\n<h2>\n\t\t\tHola, soy Rachel Medefind.\t<\/h2>\n\n\t\t\tRachel es la Directora del CAFO Institute for Family-Centered Healing &amp; Health.\n\tEs fisioterapeuta y tiene un m\u00e1ster en Psicolog\u00eda y Neurociencia de la Salud Mental por el King's College de Londres, especializado en la adversidad temprana. Rachel ha formado parte de m\u00faltiples consejos de apoyo a ni\u00f1os vulnerables y ayud\u00f3 a fundar la Tyndale Christian School en Arlington, Virginia. Asesora a familias que afrontan complejos retos de crianza y ha invertido profundamente en la educaci\u00f3n y la formaci\u00f3n de los j\u00f3venes. Su libro m\u00e1s reciente, <em>Cuando hay crisis: A Handbook for Christian Foster &amp; Adoptive Families Facing Serious Struggle (Manual para familias cristianas de acogida y adoptivas que se enfrentan a graves dificultades).<\/em>ofrece principios b\u00edblicos y orientaci\u00f3n pr\u00e1ctica basada en la investigaci\u00f3n para apoyar a las familias que atraviesan momentos de crisis. Rachel y su marido, Jedd, han tenido hijos por nacimiento, adopci\u00f3n y acogida.\n\t\t\t<a href=\"mailto:rachel.medefind@cafo.org\"  target=\"_blank\" rel=\"noopener\">\n\t\t\t\t\t\t\tContacto\n\t\t\t\t\t<\/a>\n<h2>\n\t\t\tDescubra <em>Recursos<\/em> del Family Institute\t<\/h2>\n\t<p>Explora una biblioteca de herramientas dise\u00f1adas espec\u00edficamente para las realidades a las que se enfrentan las familias de acogida y adoptivas. La biblioteca de recursos est\u00e1 aqu\u00ed para ayudar a las familias de acogida y adoptivas a experimentar menos tensi\u00f3n, m\u00e1s paz y un crecimiento real a medida que la curaci\u00f3n se arraiga en la vida de sus hijos.<\/p>\n\t\t\t<a href=\"https:\/\/cafo.org\/es\/family-institute\/resources\/\"  target=\"_self\">\n\t\t\t\t\t\t\tBIBLIOTECA DE RECURSOS\n\t\t\t\t\t<\/a>","protected":false},"excerpt":{"rendered":"<p>El Instituto para la Sanaci\u00f3n y la Salud Centradas en la Familia Las familias de acogida y adoptivas pueden experimentar sanaci\u00f3n y crecimiento con el tiempo. Nos comprometemos a ayudarle a usted, o a las familias a las que atiende, a lograrlo. Ver y cuidar a las familias Durante casi dos d\u00e9cadas, CAFO se ha comprometido a fortalecer y animar al pueblo de Dios mientras... <a title=\"Acerca de\" class=\"read-more\" href=\"https:\/\/cafo.org\/es\/family-institute\/about\/\" aria-label=\"Leer m\u00e1s sobre Acerca de\">Seguir leyendo<\/a><\/p>","protected":false},"author":24,"featured_media":0,"parent":3447,"menu_order":87,"comment_status":"closed","ping_status":"closed","template":"page-family-centered-initiative.php","meta":{"_acf_changed":false,"footnotes":""},"class_list":["post-24329","page","type-page","status-publish"],"acf":[],"yoast_head":"<!-- This site is optimized with the Yoast SEO plugin v27.4 - https:\/\/yoast.com\/product\/yoast-seo-wordpress\/ -->\n<title>About - Christian Alliance for Orphans<\/title>\n<meta name=\"description\" content=\"The Institute for Family-Centered Healing &amp; Health exists to help foster and adoptive parents nurture the healing and health of their children, rooted in Scripture and the best available research.\" \/>\n<meta name=\"robots\" content=\"index, follow, max-snippet:-1, max-image-preview:large, max-video-preview:-1\" \/>\n<link rel=\"canonical\" href=\"https:\/\/cafo.org\/es\/family-institute\/about\/\" \/>\n<meta property=\"og:locale\" content=\"es_MX\" \/>\n<meta property=\"og:type\" content=\"article\" \/>\n<meta property=\"og:title\" content=\"About - Christian Alliance for Orphans\" \/>\n<meta property=\"og:description\" content=\"The Institute for Family-Centered Healing &amp; Health exists to help foster and adoptive parents nurture the healing and health of their children, rooted in Scripture and the best available research.\" \/>\n<meta property=\"og:url\" content=\"https:\/\/cafo.org\/es\/family-institute\/about\/\" \/>\n<meta property=\"og:site_name\" content=\"Christian Alliance for Orphans\" \/>\n<meta property=\"article:modified_time\" content=\"2026-02-26T21:30:28+00:00\" \/>\n<meta property=\"og:image\" content=\"https:\/\/cafo.org\/wp-content\/uploads\/2023\/08\/family-institute-collage-2.png\" \/>\n<meta name=\"twitter:card\" content=\"summary_large_image\" \/>\n<meta name=\"twitter:label1\" content=\"Tiempo de lectura\" \/>\n\t<meta name=\"twitter:data1\" content=\"4 minutos\" \/>\n<script type=\"application\/ld+json\" class=\"yoast-schema-graph\">{\"@context\":\"https:\\\/\\\/schema.org\",\"@graph\":[{\"@type\":\"WebPage\",\"@id\":\"https:\\\/\\\/cafo.org\\\/es\\\/family-institute\\\/about\\\/\",\"url\":\"https:\\\/\\\/cafo.org\\\/es\\\/family-institute\\\/about\\\/\",\"name\":\"About - Christian Alliance for Orphans\",\"isPartOf\":{\"@id\":\"https:\\\/\\\/cafo.org\\\/es\\\/#website\"},\"primaryImageOfPage\":{\"@id\":\"https:\\\/\\\/cafo.org\\\/es\\\/family-institute\\\/about\\\/#primaryimage\"},\"image\":{\"@id\":\"https:\\\/\\\/cafo.org\\\/es\\\/family-institute\\\/about\\\/#primaryimage\"},\"thumbnailUrl\":\"https:\\\/\\\/cafo.org\\\/wp-content\\\/uploads\\\/2023\\\/08\\\/family-institute-collage-2.png\",\"datePublished\":\"2025-11-18T23:38:41+00:00\",\"dateModified\":\"2026-02-26T21:30:28+00:00\",\"description\":\"The Institute for Family-Centered Healing & Health exists to help foster and adoptive parents nurture the healing and health of their children, rooted in Scripture and the best available research.\",\"breadcrumb\":{\"@id\":\"https:\\\/\\\/cafo.org\\\/es\\\/family-institute\\\/about\\\/#breadcrumb\"},\"inLanguage\":\"es\",\"potentialAction\":[{\"@type\":\"ReadAction\",\"target\":[\"https:\\\/\\\/cafo.org\\\/es\\\/family-institute\\\/about\\\/\"]}]},{\"@type\":\"ImageObject\",\"inLanguage\":\"es\",\"@id\":\"https:\\\/\\\/cafo.org\\\/es\\\/family-institute\\\/about\\\/#primaryimage\",\"url\":\"https:\\\/\\\/cafo.org\\\/wp-content\\\/uploads\\\/2023\\\/08\\\/family-institute-collage-2.png\",\"contentUrl\":\"https:\\\/\\\/cafo.org\\\/wp-content\\\/uploads\\\/2023\\\/08\\\/family-institute-collage-2.png\"},{\"@type\":\"BreadcrumbList\",\"@id\":\"https:\\\/\\\/cafo.org\\\/es\\\/family-institute\\\/about\\\/#breadcrumb\",\"itemListElement\":[{\"@type\":\"ListItem\",\"position\":1,\"name\":\"Home\",\"item\":\"https:\\\/\\\/cafo.org\\\/\"},{\"@type\":\"ListItem\",\"position\":2,\"name\":\"The Family Institute\",\"item\":\"https:\\\/\\\/cafo.org\\\/family-institute\\\/\"},{\"@type\":\"ListItem\",\"position\":3,\"name\":\"About\"}]},{\"@type\":\"WebSite\",\"@id\":\"https:\\\/\\\/cafo.org\\\/es\\\/#website\",\"url\":\"https:\\\/\\\/cafo.org\\\/es\\\/\",\"name\":\"Christian Alliance for Orphans\",\"description\":\"\",\"potentialAction\":[{\"@type\":\"SearchAction\",\"target\":{\"@type\":\"EntryPoint\",\"urlTemplate\":\"https:\\\/\\\/cafo.org\\\/es\\\/?s={search_term_string}\"},\"query-input\":{\"@type\":\"PropertyValueSpecification\",\"valueRequired\":true,\"valueName\":\"search_term_string\"}}],\"inLanguage\":\"es\"}]}<\/script>\n<!-- \/ Yoast SEO plugin. -->","yoast_head_json":{"title":"Acerca de - Christian Alliance for Orphans","description":"El Institute for Family-Centered Healing &amp; Health existe para ayudar a los padres adoptivos y de acogida a fomentar la curaci\u00f3n y la salud de sus hijos, bas\u00e1ndose en las Escrituras y en las mejores investigaciones disponibles.","robots":{"index":"index","follow":"follow","max-snippet":"max-snippet:-1","max-image-preview":"max-image-preview:large","max-video-preview":"max-video-preview:-1"},"canonical":"https:\/\/cafo.org\/es\/family-institute\/about\/","og_locale":"es_MX","og_type":"article","og_title":"About - Christian Alliance for Orphans","og_description":"The Institute for Family-Centered Healing & Health exists to help foster and adoptive parents nurture the healing and health of their children, rooted in Scripture and the best available research.","og_url":"https:\/\/cafo.org\/es\/family-institute\/about\/","og_site_name":"Christian Alliance for Orphans","article_modified_time":"2026-02-26T21:30:28+00:00","og_image":[{"url":"https:\/\/cafo.org\/wp-content\/uploads\/2023\/08\/family-institute-collage-2.png","type":"","width":"","height":""}],"twitter_card":"summary_large_image","twitter_misc":{"Tiempo de lectura":"4 minutos"},"schema":{"@context":"https:\/\/schema.org","@graph":[{"@type":"WebPage","@id":"https:\/\/cafo.org\/es\/family-institute\/about\/","url":"https:\/\/cafo.org\/es\/family-institute\/about\/","name":"Acerca de - Christian Alliance for Orphans","isPartOf":{"@id":"https:\/\/cafo.org\/es\/#website"},"primaryImageOfPage":{"@id":"https:\/\/cafo.org\/es\/family-institute\/about\/#primaryimage"},"image":{"@id":"https:\/\/cafo.org\/es\/family-institute\/about\/#primaryimage"},"thumbnailUrl":"https:\/\/cafo.org\/wp-content\/uploads\/2023\/08\/family-institute-collage-2.png","datePublished":"2025-11-18T23:38:41+00:00","dateModified":"2026-02-26T21:30:28+00:00","description":"El Institute for Family-Centered Healing &amp; Health existe para ayudar a los padres adoptivos y de acogida a fomentar la curaci\u00f3n y la salud de sus hijos, bas\u00e1ndose en las Escrituras y en las mejores investigaciones disponibles.","breadcrumb":{"@id":"https:\/\/cafo.org\/es\/family-institute\/about\/#breadcrumb"},"inLanguage":"es","potentialAction":[{"@type":"ReadAction","target":["https:\/\/cafo.org\/es\/family-institute\/about\/"]}]},{"@type":"ImageObject","inLanguage":"es","@id":"https:\/\/cafo.org\/es\/family-institute\/about\/#primaryimage","url":"https:\/\/cafo.org\/wp-content\/uploads\/2023\/08\/family-institute-collage-2.png","contentUrl":"https:\/\/cafo.org\/wp-content\/uploads\/2023\/08\/family-institute-collage-2.png"},{"@type":"BreadcrumbList","@id":"https:\/\/cafo.org\/es\/family-institute\/about\/#breadcrumb","itemListElement":[{"@type":"ListItem","position":1,"name":"Home","item":"https:\/\/cafo.org\/"},{"@type":"ListItem","position":2,"name":"The Family Institute","item":"https:\/\/cafo.org\/family-institute\/"},{"@type":"ListItem","position":3,"name":"About"}]},{"@type":"WebSite","@id":"https:\/\/cafo.org\/es\/#website","url":"https:\/\/cafo.org\/es\/","name":"Christian Alliance for Orphans","description":"","potentialAction":[{"@type":"SearchAction","target":{"@type":"EntryPoint","urlTemplate":"https:\/\/cafo.org\/es\/?s={search_term_string}"},"query-input":{"@type":"PropertyValueSpecification","valueRequired":true,"valueName":"search_term_string"}}],"inLanguage":"es"}]}},"_links":{"self":[{"href":"https:\/\/cafo.org\/es\/wp-json\/wp\/v2\/pages\/24329","targetHints":{"allow":["GET"]}}],"collection":[{"href":"https:\/\/cafo.org\/es\/wp-json\/wp\/v2\/pages"}],"about":[{"href":"https:\/\/cafo.org\/es\/wp-json\/wp\/v2\/types\/page"}],"author":[{"embeddable":true,"href":"https:\/\/cafo.org\/es\/wp-json\/wp\/v2\/users\/24"}],"replies":[{"embeddable":true,"href":"https:\/\/cafo.org\/es\/wp-json\/wp\/v2\/comments?post=24329"}],"version-history":[{"count":12,"href":"https:\/\/cafo.org\/es\/wp-json\/wp\/v2\/pages\/24329\/revisions"}],"predecessor-version":[{"id":25659,"href":"https:\/\/cafo.org\/es\/wp-json\/wp\/v2\/pages\/24329\/revisions\/25659"}],"up":[{"embeddable":true,"href":"https:\/\/cafo.org\/es\/wp-json\/wp\/v2\/pages\/3447"}],"wp:attachment":[{"href":"https:\/\/cafo.org\/es\/wp-json\/wp\/v2\/media?parent=24329"}],"curies":[{"name":"wp","href":"https:\/\/api.w.org\/{rel}","templated":true}]}}