{"id":3412,"date":"2023-07-21T16:22:06","date_gmt":"2023-07-21T20:22:06","guid":{"rendered":"https:\/\/cafo.org\/pure-religion\/coaching\/"},"modified":"2025-02-06T11:43:50","modified_gmt":"2025-02-06T16:43:50","slug":"coaching","status":"publish","type":"page","link":"https:\/\/cafo.org\/es\/purereligion\/coaching\/","title":{"rendered":"Coaching"},"content":{"rendered":"Pure Religion Project\n<h1>\n\t\tCoaching\n\t<\/h1>\n\n\t\tEst\u00e9s donde est\u00e9s en tu viaje, estamos aqu\u00ed para hablar contigo, caminar contigo y asegurarnos de que no est\u00e1s solo.\n\t\n<h2>\n\t\tCreemos que el aprendizaje, el est\u00edmulo y el crecimiento se producen mejor en el contexto de <em>relaciones<\/em>.\n\t<\/h2>\n\n\t\tPor eso, cuando sientas que est\u00e1s preparado, te invitamos a programar una llamada introductoria de 30 minutos con nuestro equipo. Le haremos preguntas sobre su ministerio e identificaremos algunas \u00e1reas de oportunidad para avanzar.<br \/><br \/>   Te ir\u00e1s inspirado, esperanzado y con objetivos espec\u00edficos en los que centrarte a medida que avanzamos en nuestro trabajo juntos. Solo tienes que rellenar el siguiente formulario para iniciar el proceso.\n\t\n\t\t\t\n\t\t\n                            <h2>PRP - Pura Religi\u00f3n Coaching<\/h2>\n                            \n\t\t\t\t\t\t\t\"*\" indica campos obligatorios\n                        <form method='post' enctype='multipart\/form-data' target='gform_ajax_frame_49' id='gform_49'  action='\/es\/purereligion\/coaching\/?fl_builder#gf_49' data-formid='49' novalidate data-trp-original-action=\"\/purereligion\/coaching\/?fl_builder#gf_49\">\n        \tPaso 1 de 2\n        \t\n                50%\n                                    <fieldset id=\"field_49_1\"  data-js-reload=\"field_49_1\"><legend class='gfield_label gform-field-label gfield_label_before_complex'>Nombre<\/legend>\n                                                    <input type='text' name='input_1.3' id='input_49_1_3' value='' tabindex='101'  aria-required='true'     \/>\n                                                    <label for='input_49_1_3' class='gform-field-label gform-field-label--type-sub'>En primer lugar<\/label>\n                                                    <input type='text' name='input_1.6' id='input_49_1_6' value='' tabindex='103'  aria-required='true'     \/>\n                                                    <label for='input_49_1_6' class='gform-field-label gform-field-label--type-sub'>\u00daltima<\/label>\n                        <\/fieldset><label class='gfield_label gform-field-label' for='input_49_3'>Correo electr\u00f3nico<\/label>\n                            <input name='input_3' id='input_49_3' type='email' value='' class='large' tabindex='105'   aria-required=\"true\" aria-invalid=\"false\"  \/>\n                        <label class='gfield_label gform-field-label' for='input_49_4'>Nombre de la organizaci\u00f3n<\/label><input name='input_4' id='input_49_4' type='text' value='' class='large'   tabindex='106'  aria-required=\"true\" aria-invalid=\"false\"   \/><label class='gfield_label gform-field-label' for='input_49_5'>Localizaci\u00f3n*<\/label><input name='input_5' id='input_49_5' type='text' value='' class='large'   tabindex='107'  aria-required=\"true\" aria-invalid=\"false\"   \/>\n                         <input type='button' id='gform_next_button_49_11' class='gform_next_button gform-theme-button button' onclick='gform.submission.handleButtonClick(this);' value='Siguiente' tabindex='108' \/> \n                        <label class='gfield_label gform-field-label' for='input_49_6'>\u00bfQu\u00e9 2 \u00f3 3 preguntas le gustar\u00eda plantear en una llamada de coaching?<\/label><textarea name='input_6' id='input_49_6' class='textarea large' tabindex='109'    aria-required=\"true\" aria-invalid=\"false\"   rows='10' cols='50'><\/textarea><label class='gfield_label gform-field-label' for='input_49_7'>\u00bfQu\u00e9 dos o tres aspectos de la visi\u00f3n de su organizaci\u00f3n le resultan especialmente interesantes?<\/label><textarea name='input_7' id='input_49_7' class='textarea large' tabindex='110'    aria-required=\"true\" aria-invalid=\"false\"   rows='10' cols='50'><\/textarea><label class='gfield_label gform-field-label' for='input_49_8'>\u00bfQu\u00e9 2-3 barreras cree que se interponen en su camino para ver su trabajo materializado del modo que le gustar\u00eda?<\/label><textarea name='input_8' id='input_49_8' class='textarea large' tabindex='111'    aria-required=\"true\" aria-invalid=\"false\"   rows='10' cols='50'><\/textarea><label class='gfield_label gform-field-label' for='input_49_9'>\u00bfQu\u00e9 otras 1-3 personas, si las hay, necesitan participar en esta llamada inicial de coaching?<\/label>Por favor, incluya nombre, correo electr\u00f3nico y funci\u00f3n dentro de la organizaci\u00f3n.<textarea name='input_9' id='input_49_9' class='textarea large' tabindex='112' aria-describedby=\"gfield_description_49_9\"    aria-invalid=\"false\"   rows='10' cols='50'><\/textarea><label class='gfield_label gform-field-label' for='input_49_10'>\u00bfHay algo m\u00e1s que debamos saber?<\/label><textarea name='input_10' id='input_49_10' class='textarea large' tabindex='113'     aria-invalid=\"false\"   rows='10' cols='50'><\/textarea><label class='gfield_label gform-field-label' for='input_49_12'>Tel\u00e9fono<\/label>Este campo tiene fines de validaci\u00f3n y no debe modificarse.<input name='input_12' id='input_49_12' type='text' value='' autocomplete='new-password'\/>\n        <input type='submit' id='gform_previous_button_49' class='gform_previous_button gform-theme-button gform-theme-button--secondary button' onclick='gform.submission.handleButtonClick(this);' value='Anterior' tabindex='114' \/> <input type='submit' id='gform_submit_button_49' class='gform_button button' onclick='gform.submission.handleButtonClick(this);' value='Enviar' tabindex='115' \/> <input type='hidden' name='gform_ajax' value='form_id=49&amp;title=1&amp;description=1&amp;tabindex=100&amp;theme=gravity-theme&amp;hash=a62bd0da163b573568d8ba106b31db40' \/>\n            <input type='hidden' class='gform_hidden' name='gform_submission_method' data-js='gform_submission_method_49' value='iframe' \/>\n            <input type='hidden' class='gform_hidden' name='gform_theme' data-js='gform_theme_49' id='gform_theme_49' value='gravity-theme' \/>\n            <input type='hidden' class='gform_hidden' name='gform_style_settings' data-js='gform_style_settings_49' id='gform_style_settings_49' value='' \/>\n            <input type='hidden' class='gform_hidden' name='is_submit_49' value='1' \/>\n            <input type='hidden' class='gform_hidden' name='gform_submit' value='49' \/>\n            <input type='hidden' class='gform_hidden' name='gform_unique_id' value='' \/>\n            <input type='hidden' class='gform_hidden' name='state_49' value='WyJbXSIsImU0NzUzNjBjNDExODI3YTBhNzgxYzI3YjRiNTQxZmE2Il0=' \/>\n            <input type='hidden' autocomplete='off' class='gform_hidden' name='gform_target_page_number_49' id='gform_target_page_number_49' value='2' \/>\n            <input type='hidden' autocomplete='off' class='gform_hidden' name='gform_source_page_number_49' id='gform_source_page_number_49' value='1' \/>\n            <input type='hidden' name='gform_field_values' value='' \/>\n                        <label>\u0394<textarea name=\"ak_hp_textarea\" cols=\"45\" rows=\"8\" maxlength=\"100\"><\/textarea><\/label><input type=\"hidden\" id=\"ak_js_1\" name=\"ak_js\" value=\"93\"\/><input type=\"hidden\" name=\"trp-form-language\" value=\"es\"\/><\/form>\n\t\t                <iframe style='display:none;width:0px;height:0px;' src='about:blank' name='gform_ajax_frame_49' id='gform_ajax_frame_49' title='Este iframe contiene la l\u00f3gica necesaria para manejar formularios Gravity con Ajax.'><\/iframe>\n<h2>\n\t\tInteresado en <em>coaching para grupos peque\u00f1os<\/em>?\n\t<\/h2>\n\tEl Pure Religion Project organiza varias oportunidades para que los l\u00edderes de las iglesias aprendan, compartan y se re\u00fanan a lo largo del a\u00f1o. Explora nuestras Cohortes de Conversaci\u00f3n sobre el Compromiso de la Iglesia y encuentra una fecha que te venga bien.\n\t\t\t<a href=\"https:\/\/cafo.org\/es\/events\/category\/pure-religion-project\/\" target=\"_self\">\n\t\t\t\t\t\t\tExplorar las cohortes\n\t\t\t\t\t<\/a>","protected":false},"excerpt":{"rendered":"<p>Pure Religion Project Coaching Dondequiera que est\u00e9s en tu viaje, estamos aqu\u00ed para hablar contigo, caminar contigo y asegurarnos de que no est\u00e1s solo. Creemos que el aprendizaje, el est\u00edmulo y el crecimiento se dan mejor en el contexto de las relaciones. Por eso, cuando te sientas preparado, te invitamos a concertar una cita de 30 minutos ... <a title=\"Coaching\" class=\"read-more\" href=\"https:\/\/cafo.org\/es\/purereligion\/coaching\/\" aria-label=\"Leer m\u00e1s sobre Coaching\">Seguir leyendo<\/a><\/p>","protected":false},"author":20,"featured_media":0,"parent":3398,"menu_order":67,"comment_status":"closed","ping_status":"closed","template":"page-church-ministry-initiative.php","meta":{"_acf_changed":false,"footnotes":""},"class_list":["post-3412","page","type-page","status-publish"],"acf":[],"yoast_head":"<!-- This site is optimized with the Yoast SEO plugin v27.1.1 - https:\/\/yoast.com\/product\/yoast-seo-wordpress\/ -->\n<title>Coaching - Christian Alliance for Orphans<\/title>\n<meta name=\"description\" content=\"We\u2019d invite you to schedule a 30-minute introductory coaching call with our team. We\u2019ll ask questions about your ministry and identify some areas of opportunity moving forward.\" \/>\n<meta name=\"robots\" content=\"index, follow, max-snippet:-1, max-image-preview:large, max-video-preview:-1\" \/>\n<link rel=\"canonical\" href=\"https:\/\/cafo.org\/es\/purereligion\/coaching\/\" \/>\n<meta property=\"og:locale\" content=\"es_MX\" \/>\n<meta property=\"og:type\" content=\"article\" \/>\n<meta property=\"og:title\" content=\"Coaching - Christian Alliance for Orphans\" \/>\n<meta property=\"og:description\" content=\"We\u2019d invite you to schedule a 30-minute introductory coaching call with our team. We\u2019ll ask questions about your ministry and identify some areas of opportunity moving forward.\" \/>\n<meta property=\"og:url\" content=\"https:\/\/cafo.org\/es\/purereligion\/coaching\/\" \/>\n<meta property=\"og:site_name\" content=\"Christian Alliance for Orphans\" \/>\n<meta property=\"article:modified_time\" content=\"2025-02-06T16:43:50+00:00\" \/>\n<meta property=\"og:image\" content=\"https:\/\/cafo.org\/wp-content\/uploads\/2023\/08\/HOMEPAGE-RONNIE.png\" \/>\n\t<meta property=\"og:image:width\" content=\"2400\" \/>\n\t<meta property=\"og:image:height\" content=\"942\" \/>\n\t<meta property=\"og:image:type\" content=\"image\/png\" \/>\n<meta name=\"twitter:card\" content=\"summary_large_image\" \/>\n<meta name=\"twitter:label1\" content=\"Tiempo de lectura\" \/>\n\t<meta name=\"twitter:data1\" content=\"2 minutos\" \/>\n<script type=\"application\/ld+json\" class=\"yoast-schema-graph\">{\"@context\":\"https:\/\/schema.org\",\"@graph\":[{\"@type\":\"WebPage\",\"@id\":\"https:\/\/cafo.org\/es\/purereligion\/coaching\/\",\"url\":\"https:\/\/cafo.org\/es\/purereligion\/coaching\/\",\"name\":\"Coaching - Christian Alliance for Orphans\",\"isPartOf\":{\"@id\":\"https:\/\/cafo.org\/es\/#website\"},\"datePublished\":\"2023-07-21T20:22:06+00:00\",\"dateModified\":\"2025-02-06T16:43:50+00:00\",\"description\":\"We\u2019d invite you to schedule a 30-minute introductory coaching call with our team. We\u2019ll ask questions about your ministry and identify some areas of opportunity moving forward.\",\"breadcrumb\":{\"@id\":\"https:\/\/cafo.org\/es\/purereligion\/coaching\/#breadcrumb\"},\"inLanguage\":\"es\",\"potentialAction\":[{\"@type\":\"ReadAction\",\"target\":[\"https:\/\/cafo.org\/es\/purereligion\/coaching\/\"]}]},{\"@type\":\"BreadcrumbList\",\"@id\":\"https:\/\/cafo.org\/es\/purereligion\/coaching\/#breadcrumb\",\"itemListElement\":[{\"@type\":\"ListItem\",\"position\":1,\"name\":\"Home\",\"item\":\"https:\/\/cafo.org\/\"},{\"@type\":\"ListItem\",\"position\":2,\"name\":\"Pure Religion\",\"item\":\"https:\/\/cafo.org\/purereligion\/\"},{\"@type\":\"ListItem\",\"position\":3,\"name\":\"Coaching\"}]},{\"@type\":\"WebSite\",\"@id\":\"https:\/\/cafo.org\/es\/#website\",\"url\":\"https:\/\/cafo.org\/es\/\",\"name\":\"Christian Alliance for Orphans\",\"description\":\"\",\"potentialAction\":[{\"@type\":\"SearchAction\",\"target\":{\"@type\":\"EntryPoint\",\"urlTemplate\":\"https:\/\/cafo.org\/es\/?s={search_term_string}\"},\"query-input\":{\"@type\":\"PropertyValueSpecification\",\"valueRequired\":true,\"valueName\":\"search_term_string\"}}],\"inLanguage\":\"es\"}]}<\/script>\n<!-- \/ Yoast SEO plugin. -->","yoast_head_json":{"title":"Entrenamiento - Christian Alliance for Orphans","description":"Le invitamos a programar una llamada introductoria de 30 minutos con nuestro equipo. Le haremos preguntas sobre su ministerio e identificaremos algunas \u00e1reas de oportunidad para avanzar.","robots":{"index":"index","follow":"follow","max-snippet":"max-snippet:-1","max-image-preview":"max-image-preview:large","max-video-preview":"max-video-preview:-1"},"canonical":"https:\/\/cafo.org\/es\/purereligion\/coaching\/","og_locale":"es_MX","og_type":"article","og_title":"Coaching - Christian Alliance for Orphans","og_description":"We\u2019d invite you to schedule a 30-minute introductory coaching call with our team. We\u2019ll ask questions about your ministry and identify some areas of opportunity moving forward.","og_url":"https:\/\/cafo.org\/es\/purereligion\/coaching\/","og_site_name":"Christian Alliance for Orphans","article_modified_time":"2025-02-06T16:43:50+00:00","og_image":[{"width":2400,"height":942,"url":"https:\/\/cafo.org\/wp-content\/uploads\/2023\/08\/HOMEPAGE-RONNIE.png","type":"image\/png"}],"twitter_card":"summary_large_image","twitter_misc":{"Tiempo de lectura":"2 minutos"},"schema":{"@context":"https:\/\/schema.org","@graph":[{"@type":"WebPage","@id":"https:\/\/cafo.org\/es\/purereligion\/coaching\/","url":"https:\/\/cafo.org\/es\/purereligion\/coaching\/","name":"Entrenamiento - Christian Alliance for Orphans","isPartOf":{"@id":"https:\/\/cafo.org\/es\/#website"},"datePublished":"2023-07-21T20:22:06+00:00","dateModified":"2025-02-06T16:43:50+00:00","description":"Le invitamos a programar una llamada introductoria de 30 minutos con nuestro equipo. Le haremos preguntas sobre su ministerio e identificaremos algunas \u00e1reas de oportunidad para avanzar.","breadcrumb":{"@id":"https:\/\/cafo.org\/es\/purereligion\/coaching\/#breadcrumb"},"inLanguage":"es","potentialAction":[{"@type":"ReadAction","target":["https:\/\/cafo.org\/es\/purereligion\/coaching\/"]}]},{"@type":"BreadcrumbList","@id":"https:\/\/cafo.org\/es\/purereligion\/coaching\/#breadcrumb","itemListElement":[{"@type":"ListItem","position":1,"name":"Home","item":"https:\/\/cafo.org\/"},{"@type":"ListItem","position":2,"name":"Pure Religion","item":"https:\/\/cafo.org\/purereligion\/"},{"@type":"ListItem","position":3,"name":"Coaching"}]},{"@type":"WebSite","@id":"https:\/\/cafo.org\/es\/#website","url":"https:\/\/cafo.org\/es\/","name":"Christian Alliance for Orphans","description":"","potentialAction":[{"@type":"SearchAction","target":{"@type":"EntryPoint","urlTemplate":"https:\/\/cafo.org\/es\/?s={search_term_string}"},"query-input":{"@type":"PropertyValueSpecification","valueRequired":true,"valueName":"search_term_string"}}],"inLanguage":"es"}]}},"_links":{"self":[{"href":"https:\/\/cafo.org\/es\/wp-json\/wp\/v2\/pages\/3412","targetHints":{"allow":["GET"]}}],"collection":[{"href":"https:\/\/cafo.org\/es\/wp-json\/wp\/v2\/pages"}],"about":[{"href":"https:\/\/cafo.org\/es\/wp-json\/wp\/v2\/types\/page"}],"author":[{"embeddable":true,"href":"https:\/\/cafo.org\/es\/wp-json\/wp\/v2\/users\/20"}],"replies":[{"embeddable":true,"href":"https:\/\/cafo.org\/es\/wp-json\/wp\/v2\/comments?post=3412"}],"version-history":[{"count":11,"href":"https:\/\/cafo.org\/es\/wp-json\/wp\/v2\/pages\/3412\/revisions"}],"predecessor-version":[{"id":20708,"href":"https:\/\/cafo.org\/es\/wp-json\/wp\/v2\/pages\/3412\/revisions\/20708"}],"up":[{"embeddable":true,"href":"https:\/\/cafo.org\/es\/wp-json\/wp\/v2\/pages\/3398"}],"wp:attachment":[{"href":"https:\/\/cafo.org\/es\/wp-json\/wp\/v2\/media?parent=3412"}],"curies":[{"name":"wp","href":"https:\/\/api.w.org\/{rel}","templated":true}]}}