{"id":3461,"date":"2023-07-21T16:57:30","date_gmt":"2023-07-21T20:57:30","guid":{"rendered":"https:\/\/cafo.org\/?page_id=3461"},"modified":"2026-03-25T17:26:46","modified_gmt":"2026-03-25T21:26:46","slug":"research-center","status":"publish","type":"page","link":"https:\/\/cafo.org\/es\/research-center\/","title":{"rendered":"Centro de investigaci\u00f3n"},"content":{"rendered":"<h1>\n\t\t\tCentro de Investigaci\u00f3n Aplicada para Ni\u00f1os y Familias Vulnerables\t<\/h1>\n\t\t\tCapacitarle para atender a ni\u00f1os vulnerables con <em>claridad<\/em> y confianza.\n\n\t\t\tRecursos y apoyo para mejorar la atenci\u00f3n a los ni\u00f1os en todo el mundo\t\n<h2>\n\t\t\tToma el <em>conjeturas<\/em> fuera del cuidado de hu\u00e9rfanos.\t<\/h2>\n\n\t\t\tCuidar de ni\u00f1os hu\u00e9rfanos y vulnerables es una labor importante y significativa. Sin embargo, los retos que surgen cada d\u00eda y la complejidad de determinar qu\u00e9 es lo mejor para los ni\u00f1os pueden llevar r\u00e1pidamente al agobio y la incertidumbre. <em>Pero no tiene por qu\u00e9 ser as\u00ed: hay ayuda y hay esperanza.<\/em>\t\n\t\t\t\t<img decoding=\"async\" src=\"https:\/\/cafo.org\/wp-content\/uploads\/2023\/08\/24-1.jpg\" alt=\"Research-Equip\" itemprop=\"image\" height=\"920\" width=\"1192\" title=\"Investigaci\u00f3n-Equipamiento\" onerror=\"this.style.display='none'\" loading=\"lazy\" \/>\n<h2>\n\t\t\tEstamos aqu\u00ed para <em>equipar y capacitar<\/em> a ti. \t<\/h2>\n\n\t\t\tHemos hecho el trabajo de recopilar recursos y estrategias pr\u00e1cticas para que pueda ofrecer con confianza una mejor atenci\u00f3n y ver mejores resultados para los ni\u00f1os y las familias vulnerables. Las pr\u00e1cticas basadas en pruebas que ofrecemos se fundamentan tanto en una perspectiva b\u00edblica como en una investigaci\u00f3n exhaustiva para que puedas crear un cambio significativo.\t\n\t\t\t<h5><em>Y lo mejor de todo es que no tienes que hacer nada de esto solo.<\/em><\/h5>\t\t\t\n\t\t\t\t<p>Desde los expertos de confianza que ofrecen apoyo personalizado hasta las comunidades de aprendizaje solidarias de otros cristianos que recorren el mismo camino, nunca tendr\u00e1s que enfrentarte solo a los retos de cuidar a ni\u00f1os vulnerables.<\/p>\n<h2>\n\t\t\tDemos juntos el siguiente paso...\t<\/h2>\n\t\t\t<h4>Mejorar la asistencia<\/h4>\n\t\t\t\t<p>Eval\u00fae su trabajo y equ\u00edpese con pr\u00e1cticas basadas en pruebas para lograr mejores resultados. Acceda a recursos basados en una investigaci\u00f3n exhaustiva y una perspectiva b\u00edblica para que pueda fomentar un cambio significativo.<\/p>\n<a href=\"https:\/\/cafo.org\/es\/research-center\/improving-care\/\" target=\"_self\">M\u00e1s informaci\u00f3n<\/a>\t\t\t\n\t\t\t<h4>Soluciones familiares<\/h4>\n\t\t\t\t<p>Los ni\u00f1os deben estar en familia, pero \u00bfc\u00f3mo proporcion\u00e1rsela a los millones de ni\u00f1os separados del cuidado familiar? Obtenga conocimientos y herramientas pr\u00e1cticas para unirse al movimiento de b\u00fasqueda de atenci\u00f3n familiar para todos los ni\u00f1os.<\/p>\n<a href=\"https:\/\/cafo.org\/es\/research-center\/family-based-solutions\/\" target=\"_self\">M\u00e1s informaci\u00f3n<\/a>\t\t\t\n\t\t\t<h4>Investigaci\u00f3n y pr\u00e1ctica<\/h4>\n\t\t\t\t<p>La investigaci\u00f3n puede ayudarnos a comprender la intenci\u00f3n de Dios de que los ni\u00f1os est\u00e9n en familias, y lo que ocurre cuando no lo est\u00e1n. Lea estudios de investigaci\u00f3n revisados por expertos y obtenga informaci\u00f3n que puede marcar una diferencia pr\u00e1ctica en su forma de cuidar a los ni\u00f1os vulnerables.<\/p>\n<a href=\"https:\/\/cafo.org\/es\/research-hub\/\" target=\"_self\">M\u00e1s informaci\u00f3n<\/a>\t\t\t\n<h2>\n\t\t\tNosotros <em>comparte tu coraz\u00f3n<\/em> para ni\u00f1os hu\u00e9rfanos y vulnerables.\t<\/h2>\n\t<p>Tambi\u00e9n sabemos lo que se siente cuando el deseo de ayudar se topa con retos y obst\u00e1culos que te hacen cuestionar tu eficacia y sentir que el progreso est\u00e1 fuera de tu alcance.<\/p>\n<p>Entendemos los retos a los que se enfrenta porque tambi\u00e9n trabajamos en este campo. Nada de lo que digas puede sorprendernos o asustarnos. Esta es una comunidad segura y solidaria donde puedes encontrar ayuda y aliento. Juntos, podemos superar los retos, encontrar una alegr\u00eda renovada y crear mejores resultados para los ni\u00f1os.<\/p>\n<p><strong>Perm\u00edtenos caminar a tu lado y equiparte para el trabajo que Dios te ha encomendado.<\/strong><\/p>\n<h2>\n\t\t\tPerspectivas e historias de <em>: Impacto<\/em>\t<\/h2>\n\t\t\t<a href=\"https:\/\/cafo.org\/es\/blog\/?_post_initiative=research-center\" target=\"_self\">\n\t\t\t\t\t\t\tVer m\u00e1s del Centro de Investigaci\u00f3n\n\t\t\t\t\t<\/a>\n<h2>\n\t\t\t\u00danase a nosotros en el viaje de aprender a servir mejor a los ni\u00f1os y a las familias...<em>juntos<\/em>.\t<\/h2>","protected":false},"excerpt":{"rendered":"<p>Center on Applied Research for Vulnerable Children and Families Capacitarle para atender a los ni\u00f1os vulnerables con claridad y confianza. Recursos y apoyo para mejorar el cuidado de los ni\u00f1os en todo el mundo Elimine las conjeturas en el cuidado de los hu\u00e9rfanos. Cuidar de los ni\u00f1os hu\u00e9rfanos y vulnerables es un trabajo importante y significativo. Sin embargo, los retos que surgen cada d\u00eda y ... <a title=\"Centro de investigaci\u00f3n\" class=\"read-more\" href=\"https:\/\/cafo.org\/es\/research-center\/\" aria-label=\"Leer m\u00e1s sobre Centro de Investigaci\u00f3n\">Seguir leyendo<\/a><\/p>","protected":false},"author":20,"featured_media":0,"parent":0,"menu_order":0,"comment_status":"closed","ping_status":"closed","template":"page-research-best-practices-initiative.php","meta":{"_acf_changed":false,"footnotes":""},"class_list":["post-3461","page","type-page","status-publish"],"acf":[],"yoast_head":"<!-- This site is optimized with the Yoast SEO plugin v27.4 - https:\/\/yoast.com\/product\/yoast-seo-wordpress\/ -->\n<title>CAFO Research Center | Seeing better care for children worldwide<\/title>\n<meta name=\"description\" content=\"Empowering Christian leaders and caregivers to serve vulnerable children and families with clarity and confidence through research.\" \/>\n<meta name=\"robots\" content=\"index, follow, max-snippet:-1, max-image-preview:large, max-video-preview:-1\" \/>\n<link rel=\"canonical\" href=\"https:\/\/cafo.org\/es\/research-center\/\" \/>\n<meta property=\"og:locale\" content=\"es_MX\" \/>\n<meta property=\"og:type\" content=\"article\" \/>\n<meta property=\"og:title\" content=\"CAFO Research Center | Seeing better care for children worldwide\" \/>\n<meta property=\"og:description\" content=\"Empowering Christian leaders and caregivers to serve vulnerable children and families with clarity and confidence through research.\" \/>\n<meta property=\"og:url\" content=\"https:\/\/cafo.org\/es\/research-center\/\" \/>\n<meta property=\"og:site_name\" content=\"Christian Alliance for Orphans\" \/>\n<meta property=\"article:modified_time\" content=\"2026-03-25T21:26:46+00:00\" \/>\n<meta property=\"og:image\" content=\"https:\/\/cafo.org\/wp-content\/uploads\/2023\/08\/24-1.jpg\" \/>\n<meta name=\"twitter:card\" content=\"summary_large_image\" \/>\n<meta name=\"twitter:label1\" content=\"Tiempo de lectura\" \/>\n\t<meta name=\"twitter:data1\" content=\"3 minutos\" \/>\n<script type=\"application\/ld+json\" class=\"yoast-schema-graph\">{\"@context\":\"https:\\\/\\\/schema.org\",\"@graph\":[{\"@type\":\"WebPage\",\"@id\":\"https:\\\/\\\/cafo.org\\\/es\\\/research-center\\\/\",\"url\":\"https:\\\/\\\/cafo.org\\\/es\\\/research-center\\\/\",\"name\":\"CAFO Research Center | Seeing better care for children worldwide\",\"isPartOf\":{\"@id\":\"https:\\\/\\\/cafo.org\\\/es\\\/#website\"},\"primaryImageOfPage\":{\"@id\":\"https:\\\/\\\/cafo.org\\\/es\\\/research-center\\\/#primaryimage\"},\"image\":{\"@id\":\"https:\\\/\\\/cafo.org\\\/es\\\/research-center\\\/#primaryimage\"},\"thumbnailUrl\":\"https:\\\/\\\/cafo.org\\\/wp-content\\\/uploads\\\/2023\\\/08\\\/24-1.jpg\",\"datePublished\":\"2023-07-21T20:57:30+00:00\",\"dateModified\":\"2026-03-25T21:26:46+00:00\",\"description\":\"Empowering Christian leaders and caregivers to serve vulnerable children and families with clarity and confidence through research.\",\"breadcrumb\":{\"@id\":\"https:\\\/\\\/cafo.org\\\/es\\\/research-center\\\/#breadcrumb\"},\"inLanguage\":\"es\",\"potentialAction\":[{\"@type\":\"ReadAction\",\"target\":[\"https:\\\/\\\/cafo.org\\\/es\\\/research-center\\\/\"]}]},{\"@type\":\"ImageObject\",\"inLanguage\":\"es\",\"@id\":\"https:\\\/\\\/cafo.org\\\/es\\\/research-center\\\/#primaryimage\",\"url\":\"https:\\\/\\\/cafo.org\\\/wp-content\\\/uploads\\\/2023\\\/08\\\/24-1.jpg\",\"contentUrl\":\"https:\\\/\\\/cafo.org\\\/wp-content\\\/uploads\\\/2023\\\/08\\\/24-1.jpg\"},{\"@type\":\"BreadcrumbList\",\"@id\":\"https:\\\/\\\/cafo.org\\\/es\\\/research-center\\\/#breadcrumb\",\"itemListElement\":[{\"@type\":\"ListItem\",\"position\":1,\"name\":\"Home\",\"item\":\"https:\\\/\\\/cafo.org\\\/\"},{\"@type\":\"ListItem\",\"position\":2,\"name\":\"Research Center\"}]},{\"@type\":\"WebSite\",\"@id\":\"https:\\\/\\\/cafo.org\\\/es\\\/#website\",\"url\":\"https:\\\/\\\/cafo.org\\\/es\\\/\",\"name\":\"Christian Alliance for Orphans\",\"description\":\"\",\"potentialAction\":[{\"@type\":\"SearchAction\",\"target\":{\"@type\":\"EntryPoint\",\"urlTemplate\":\"https:\\\/\\\/cafo.org\\\/es\\\/?s={search_term_string}\"},\"query-input\":{\"@type\":\"PropertyValueSpecification\",\"valueRequired\":true,\"valueName\":\"search_term_string\"}}],\"inLanguage\":\"es\"}]}<\/script>\n<!-- \/ Yoast SEO plugin. -->","yoast_head_json":{"title":"CAFO Centro de Investigaci\u00f3n | Mejorar la atenci\u00f3n a los ni\u00f1os en todo el mundo","description":"Capacitar a los l\u00edderes y cuidadores cristianos para servir a los ni\u00f1os y familias vulnerables con claridad y confianza a trav\u00e9s de la investigaci\u00f3n.","robots":{"index":"index","follow":"follow","max-snippet":"max-snippet:-1","max-image-preview":"max-image-preview:large","max-video-preview":"max-video-preview:-1"},"canonical":"https:\/\/cafo.org\/es\/research-center\/","og_locale":"es_MX","og_type":"article","og_title":"CAFO Research Center | Seeing better care for children worldwide","og_description":"Empowering Christian leaders and caregivers to serve vulnerable children and families with clarity and confidence through research.","og_url":"https:\/\/cafo.org\/es\/research-center\/","og_site_name":"Christian Alliance for Orphans","article_modified_time":"2026-03-25T21:26:46+00:00","og_image":[{"url":"https:\/\/cafo.org\/wp-content\/uploads\/2023\/08\/24-1.jpg","type":"","width":"","height":""}],"twitter_card":"summary_large_image","twitter_misc":{"Tiempo de lectura":"3 minutos"},"schema":{"@context":"https:\/\/schema.org","@graph":[{"@type":"WebPage","@id":"https:\/\/cafo.org\/es\/research-center\/","url":"https:\/\/cafo.org\/es\/research-center\/","name":"CAFO Centro de Investigaci\u00f3n | Mejorar la atenci\u00f3n a los ni\u00f1os en todo el mundo","isPartOf":{"@id":"https:\/\/cafo.org\/es\/#website"},"primaryImageOfPage":{"@id":"https:\/\/cafo.org\/es\/research-center\/#primaryimage"},"image":{"@id":"https:\/\/cafo.org\/es\/research-center\/#primaryimage"},"thumbnailUrl":"https:\/\/cafo.org\/wp-content\/uploads\/2023\/08\/24-1.jpg","datePublished":"2023-07-21T20:57:30+00:00","dateModified":"2026-03-25T21:26:46+00:00","description":"Capacitar a los l\u00edderes y cuidadores cristianos para servir a los ni\u00f1os y familias vulnerables con claridad y confianza a trav\u00e9s de la investigaci\u00f3n.","breadcrumb":{"@id":"https:\/\/cafo.org\/es\/research-center\/#breadcrumb"},"inLanguage":"es","potentialAction":[{"@type":"ReadAction","target":["https:\/\/cafo.org\/es\/research-center\/"]}]},{"@type":"ImageObject","inLanguage":"es","@id":"https:\/\/cafo.org\/es\/research-center\/#primaryimage","url":"https:\/\/cafo.org\/wp-content\/uploads\/2023\/08\/24-1.jpg","contentUrl":"https:\/\/cafo.org\/wp-content\/uploads\/2023\/08\/24-1.jpg"},{"@type":"BreadcrumbList","@id":"https:\/\/cafo.org\/es\/research-center\/#breadcrumb","itemListElement":[{"@type":"ListItem","position":1,"name":"Home","item":"https:\/\/cafo.org\/"},{"@type":"ListItem","position":2,"name":"Research Center"}]},{"@type":"WebSite","@id":"https:\/\/cafo.org\/es\/#website","url":"https:\/\/cafo.org\/es\/","name":"Christian Alliance for Orphans","description":"","potentialAction":[{"@type":"SearchAction","target":{"@type":"EntryPoint","urlTemplate":"https:\/\/cafo.org\/es\/?s={search_term_string}"},"query-input":{"@type":"PropertyValueSpecification","valueRequired":true,"valueName":"search_term_string"}}],"inLanguage":"es"}]}},"_links":{"self":[{"href":"https:\/\/cafo.org\/es\/wp-json\/wp\/v2\/pages\/3461","targetHints":{"allow":["GET"]}}],"collection":[{"href":"https:\/\/cafo.org\/es\/wp-json\/wp\/v2\/pages"}],"about":[{"href":"https:\/\/cafo.org\/es\/wp-json\/wp\/v2\/types\/page"}],"author":[{"embeddable":true,"href":"https:\/\/cafo.org\/es\/wp-json\/wp\/v2\/users\/20"}],"replies":[{"embeddable":true,"href":"https:\/\/cafo.org\/es\/wp-json\/wp\/v2\/comments?post=3461"}],"version-history":[{"count":30,"href":"https:\/\/cafo.org\/es\/wp-json\/wp\/v2\/pages\/3461\/revisions"}],"predecessor-version":[{"id":25073,"href":"https:\/\/cafo.org\/es\/wp-json\/wp\/v2\/pages\/3461\/revisions\/25073"}],"wp:attachment":[{"href":"https:\/\/cafo.org\/es\/wp-json\/wp\/v2\/media?parent=3461"}],"curies":[{"name":"wp","href":"https:\/\/api.w.org\/{rel}","templated":true}]}}