{"id":3528,"date":"2023-07-23T20:19:35","date_gmt":"2023-07-24T00:19:35","guid":{"rendered":"https:\/\/cafo.org\/research-center\/topics\/special-needs\/"},"modified":"2023-09-13T13:49:57","modified_gmt":"2023-09-13T17:49:57","slug":"special-needs","status":"publish","type":"page","link":"https:\/\/cafo.org\/es\/research-center\/key-concepts\/special-needs\/","title":{"rendered":"Necesidades especiales"},"content":{"rendered":"Conceptos clave\n<h1>\n\t\tNecesidades especiales\n\t<\/h1>\n\n\t\tLos ni\u00f1os y las familias con necesidades especiales est\u00e1n sobrerrepresentados en el sistema de cuidados alternativos, pero los nuevos aprendizajes y pr\u00e1cticas pueden favorecer su bienestar.\n\t\n<h2>\n\t\tCada ni\u00f1o es un <em>portador de la imagen<\/em> del Dios Alt\u00edsimo.\n\t<\/h2>\n\n\t\tCada persona es preciosa para \u00c9l, ha nacido con un plan y un prop\u00f3sito. Pero en todo el mundo, los ni\u00f1os con discapacidad son tratados a menudo como si tuvieran menos valor. Se enfrentan a estigmas, barreras y retos adicionales que otros ni\u00f1os no tienen. No s\u00f3lo se espera de ellos que ofrezcan o consigan muy poco, sino que a veces incluso se les considera una carga en lugar de una bendici\u00f3n.\n\t\n<h2>\n\t\tLos ni\u00f1os con discapacidad suelen <em>separado<\/em> de sus familias. \n\t<\/h2>\n\n\t\tIncluso cuando los padres de ni\u00f1os discapacitados los quieren y desean cuidarlos, puede resultar extraordinariamente dif\u00edcil.  Imaginemos a una viuda con tres hijos, uno de ellos discapacitado y necesitado de cuidados especiales.  Necesita toda su atenci\u00f3n para cubrir las necesidades b\u00e1sicas de su familia. No tiene fondos para gastar en terapias, viajar a citas m\u00e9dicas, comprar equipos especiales u obtener los muchos otros recursos que el ni\u00f1o pueda necesitar. Por ello, cree que su \u00fanica opci\u00f3n para garantizar la mejor atenci\u00f3n a su hijo con necesidades especiales es trasladarlo a otro centro.\n\t\n<h2>\n\t\tUsted quiere <em>cuidar con excelencia<\/em> para ni\u00f1os con discapacidad.\n\t<\/h2>\n\n\t\tLos ni\u00f1os con discapacidad tienen un valor incalculable y un enorme potencial.  Como personas que cuidan de ni\u00f1os y familias vulnerables, debemos dar prioridad a la atenci\u00f3n de los ni\u00f1os con necesidades de atenci\u00f3n complejas y discapacidades, al tiempo que trabajamos para fortalecer a sus familias.  En ocasiones, pueden requerir enfoques especiales y un apoyo \u00fanico para ayudarles a prosperar. <i>\u00bfC\u00f3mo puede ser ese tipo de atenci\u00f3n, sobre todo teniendo en cuenta que podemos estar atendiendo a otros ni\u00f1os al mismo tiempo? \u00bfC\u00f3mo podemos ayudar a los ni\u00f1os discapacitados en entornos con pocos recursos?  \u00bfC\u00f3mo podemos ofrecerles el amor, la protecci\u00f3n, los cuidados y la estructura que les permitan prosperar?<\/i>\n\t\n\t\t\t\t<img loading=\"lazy\" decoding=\"async\" src=\"https:\/\/cafo.org\/wp-content\/uploads\/2023\/08\/12-2.jpg\" alt=\"12\" itemprop=\"image\" height=\"920\" width=\"1192\" title=\"12\" onerror=\"this.style.display='none'\"  \/>\n\t\t\t\t<img loading=\"lazy\" decoding=\"async\" src=\"https:\/\/cafo.org\/wp-content\/uploads\/2023\/08\/11-1.jpg\" alt=\"11\" itemprop=\"image\" height=\"1600\" width=\"1600\" title=\"11\" onerror=\"this.style.display='none'\"  \/>\n<h2>\n\t\tEso es lo que <em>Ayudar a los ni\u00f1os con discapacidad a prosperar<\/em> es sobre.\n\t<\/h2>\n\n\t\tAcceda gratis al libro\n\t\n\t\t\t<a href=\"https:\/\/issuu.com\/christianalliancefororphans\/docs\/symposiumebook_helpingchildrenwithdisabilitiesthri?fr=xPf8nJyc\" target=\"_blank\" rel=\"noopener\">\n\t\t\t\t\t\t\tLeer en ingl\u00e9s\n\t\t\t\t\t<\/a>\n<h2>\n\t\t\u00bfQui\u00e9n deber\u00eda leer este libro?\n\t<\/h2>\n\t\t\t <p>Dirigentes, personal y voluntarios de organizaciones sin \u00e1nimo de lucro que atienden a ni\u00f1os con discapacidad.<\/p>\t\t\n\t\t\t <p>Padres y cuidadores de ni\u00f1os con discapacidad.<\/p>\t\t\n\t\t\t <p>Iglesias al servicio de los ni\u00f1os discapacitados.<\/p>\t\t\n\t\t\t <p>Profesionales del bienestar infantil que buscan herramientas pr\u00e1cticas para compartir con las familias y los programas a los que atienden.<\/p>\t\t\n\t<h2>\n\t\t\u00bfQu\u00e9 aprender\u00e1s?\n\t<\/h2>\n\t\t\t <p>Principios y pr\u00e1cticas para trabajar con ni\u00f1os discapacitados.<\/p>\t\t\n\t\t\t <p>La importancia del lenguaje al hablar de discapacidades.<\/p>\t\t\n\t\t\t <p>El origen de las discapacidades.<\/p>\t\t\n\t\t\t <p>El poder del juego para los ni\u00f1os con discapacidad.<\/p>\t\t\n\t\t\t <p>M\u00e9todos para responder a comportamientos poderosos.<\/p>\t\t\n\t\tAyudar a los ni\u00f1os con discapacidad a prosperar\n<h2>\n\t\t\u00bfQu\u00e9 es <em>incluido<\/em> en el libro?\n\t<\/h2>\n\t\t\t\t\t\t\t\t\t\t\t\t<h4> Orientaci\u00f3n clara <\/h4>\n\t\t\t\t\t\t\t\t\t\t\t\t<h5>Orientaci\u00f3n clara<\/h5>\n\t\t\t\t\t\t<p>Encontrar\u00e1 orientaci\u00f3n basada en pruebas, que va m\u00e1s all\u00e1 de la teor\u00eda y las opiniones para mostrarle lo que realmente funciona.<\/p>\t\t\t\t\t\n\t\t\t\t\t\t\t\t\t\t\t\t<h4> Explicaciones visuales <\/h4>\n\t\t\t\t\t\t\t\t\t\t\t\t<h5>Explicaciones visuales<\/h5>\n\t\t\t\t\t\t<p>Las infograf\u00edas que presentan y explican conceptos complejos simplificar\u00e1n y acelerar\u00e1n su aprendizaje.<\/p>\t\t\t\t\t\n\t\t\t\t\t\t\t\t\t\t\t\t<h4> Pasos pr\u00e1cticos <\/h4>\n\t\t\t\t\t\t\t\t\t\t\t\t<h5>Pasos pr\u00e1cticos<\/h5>\n\t\t\t\t\t\t<p>Unos pasos de acci\u00f3n claros le ayudar\u00e1n a poner en pr\u00e1ctica lo aprendido para mejorar su pr\u00e1ctica.<\/p>\t\t\t\t\t\n\t\t\t\t\t\t\t\t\t\t\t\t<h4> Recursos gratuitos <\/h4>\n\t\t\t\t\t\t\t\t\t\t\t\t<h5>Recursos gratuitos<\/h5>\n\t\t\t\t\t\t<p>Una lista curada de recursos relevantes le permitir\u00e1 profundizar en sus \u00e1reas de inter\u00e9s.<\/p>\t\t\t\t\t\n<h2>\n\t\tLeer <em>Ayudar a los ni\u00f1os con discapacidad a prosperar<\/em> \u00a1gratis hoy mismo!\n\t<\/h2>\n\t\t\t<a href=\"https:\/\/cafo.org\/es\/resources\/helping-children-with-disabilities-thrive\/\" target=\"_blank\" rel=\"noopener\">\n\t\t\t\t\t\t\tLeer en ingl\u00e9s\n\t\t\t\t\t<\/a>\n<h2>\n\t\t\u00danase a nosotros en el viaje de aprender a servir mejor a los ni\u00f1os y a las familias...<em>juntos<\/em>.\n\t<\/h2>","protected":false},"excerpt":{"rendered":"<p>Conceptos clave Necesidades especiales Los ni\u00f1os y las familias con necesidades especiales est\u00e1n sobrerrepresentados en el sistema de cuidados alternativos, pero nuevos aprendizajes y pr\u00e1cticas pueden favorecer su bienestar. Cada ni\u00f1o es portador de la imagen del Dios Alt\u00edsimo. Cada individuo es precioso para \u00c9l, nacido con un plan y un prop\u00f3sito. Pero en todo el mundo, los ni\u00f1os ... <a title=\"Necesidades especiales\" class=\"read-more\" href=\"https:\/\/cafo.org\/es\/research-center\/key-concepts\/special-needs\/\" aria-label=\"Leer m\u00e1s sobre Necesidades especiales\">Seguir leyendo<\/a><\/p>","protected":false},"author":20,"featured_media":0,"parent":3525,"menu_order":116,"comment_status":"closed","ping_status":"closed","template":"page-research-best-practices-initiative.php","meta":{"_acf_changed":false,"footnotes":""},"class_list":["post-3528","page","type-page","status-publish"],"acf":[],"yoast_head":"<!-- This site is optimized with the Yoast SEO plugin v27.4 - https:\/\/yoast.com\/product\/yoast-seo-wordpress\/ -->\n<title>Special Needs - Christian Alliance for Orphans<\/title>\n<meta name=\"robots\" content=\"index, follow, max-snippet:-1, max-image-preview:large, max-video-preview:-1\" \/>\n<link rel=\"canonical\" href=\"https:\/\/cafo.org\/es\/research-center\/key-concepts\/special-needs\/\" \/>\n<meta property=\"og:locale\" content=\"es_MX\" \/>\n<meta property=\"og:type\" content=\"article\" \/>\n<meta property=\"og:title\" content=\"Special Needs - Christian Alliance for Orphans\" \/>\n<meta property=\"og:description\" content=\"Key concepts Special Needs Children and families with special needs are overrepresented in the alternative care system, but new learning and practices can support their wellbeing. Every child is an image bearer of the most high God. Each individual is precious to Him, born with a plan and a purpose. But around the world, children ... Read more\" \/>\n<meta property=\"og:url\" content=\"https:\/\/cafo.org\/es\/research-center\/key-concepts\/special-needs\/\" \/>\n<meta property=\"og:site_name\" content=\"Christian Alliance for Orphans\" \/>\n<meta property=\"article:modified_time\" content=\"2023-09-13T17:49:57+00:00\" \/>\n<meta property=\"og:image\" content=\"https:\/\/cafo.org\/wp-content\/uploads\/2023\/08\/12-2.jpg\" \/>\n<meta name=\"twitter:card\" content=\"summary_large_image\" \/>\n<meta name=\"twitter:label1\" content=\"Tiempo de lectura\" \/>\n\t<meta name=\"twitter:data1\" content=\"3 minutos\" \/>\n<script type=\"application\/ld+json\" class=\"yoast-schema-graph\">{\"@context\":\"https:\\\/\\\/schema.org\",\"@graph\":[{\"@type\":\"WebPage\",\"@id\":\"https:\\\/\\\/cafo.org\\\/es\\\/research-center\\\/key-concepts\\\/special-needs\\\/\",\"url\":\"https:\\\/\\\/cafo.org\\\/es\\\/research-center\\\/key-concepts\\\/special-needs\\\/\",\"name\":\"Special Needs - Christian Alliance for Orphans\",\"isPartOf\":{\"@id\":\"https:\\\/\\\/cafo.org\\\/es\\\/#website\"},\"primaryImageOfPage\":{\"@id\":\"https:\\\/\\\/cafo.org\\\/es\\\/research-center\\\/key-concepts\\\/special-needs\\\/#primaryimage\"},\"image\":{\"@id\":\"https:\\\/\\\/cafo.org\\\/es\\\/research-center\\\/key-concepts\\\/special-needs\\\/#primaryimage\"},\"thumbnailUrl\":\"https:\\\/\\\/cafo.org\\\/wp-content\\\/uploads\\\/2023\\\/08\\\/12-2.jpg\",\"datePublished\":\"2023-07-24T00:19:35+00:00\",\"dateModified\":\"2023-09-13T17:49:57+00:00\",\"breadcrumb\":{\"@id\":\"https:\\\/\\\/cafo.org\\\/es\\\/research-center\\\/key-concepts\\\/special-needs\\\/#breadcrumb\"},\"inLanguage\":\"es\",\"potentialAction\":[{\"@type\":\"ReadAction\",\"target\":[\"https:\\\/\\\/cafo.org\\\/es\\\/research-center\\\/key-concepts\\\/special-needs\\\/\"]}]},{\"@type\":\"ImageObject\",\"inLanguage\":\"es\",\"@id\":\"https:\\\/\\\/cafo.org\\\/es\\\/research-center\\\/key-concepts\\\/special-needs\\\/#primaryimage\",\"url\":\"https:\\\/\\\/cafo.org\\\/wp-content\\\/uploads\\\/2023\\\/08\\\/12-2.jpg\",\"contentUrl\":\"https:\\\/\\\/cafo.org\\\/wp-content\\\/uploads\\\/2023\\\/08\\\/12-2.jpg\"},{\"@type\":\"BreadcrumbList\",\"@id\":\"https:\\\/\\\/cafo.org\\\/es\\\/research-center\\\/key-concepts\\\/special-needs\\\/#breadcrumb\",\"itemListElement\":[{\"@type\":\"ListItem\",\"position\":1,\"name\":\"Home\",\"item\":\"https:\\\/\\\/cafo.org\\\/\"},{\"@type\":\"ListItem\",\"position\":2,\"name\":\"Research Center\",\"item\":\"https:\\\/\\\/cafo.org\\\/research-center\\\/\"},{\"@type\":\"ListItem\",\"position\":3,\"name\":\"Key Concepts\",\"item\":\"https:\\\/\\\/cafo.org\\\/research-center\\\/key-concepts\\\/\"},{\"@type\":\"ListItem\",\"position\":4,\"name\":\"Special Needs\"}]},{\"@type\":\"WebSite\",\"@id\":\"https:\\\/\\\/cafo.org\\\/es\\\/#website\",\"url\":\"https:\\\/\\\/cafo.org\\\/es\\\/\",\"name\":\"Christian Alliance for Orphans\",\"description\":\"\",\"potentialAction\":[{\"@type\":\"SearchAction\",\"target\":{\"@type\":\"EntryPoint\",\"urlTemplate\":\"https:\\\/\\\/cafo.org\\\/es\\\/?s={search_term_string}\"},\"query-input\":{\"@type\":\"PropertyValueSpecification\",\"valueRequired\":true,\"valueName\":\"search_term_string\"}}],\"inLanguage\":\"es\"}]}<\/script>\n<!-- \/ Yoast SEO plugin. -->","yoast_head_json":{"title":"Necesidades especiales - Christian Alliance for Orphans","robots":{"index":"index","follow":"follow","max-snippet":"max-snippet:-1","max-image-preview":"max-image-preview:large","max-video-preview":"max-video-preview:-1"},"canonical":"https:\/\/cafo.org\/es\/research-center\/key-concepts\/special-needs\/","og_locale":"es_MX","og_type":"article","og_title":"Special Needs - Christian Alliance for Orphans","og_description":"Key concepts Special Needs Children and families with special needs are overrepresented in the alternative care system, but new learning and practices can support their wellbeing. Every child is an image bearer of the most high God. Each individual is precious to Him, born with a plan and a purpose. But around the world, children ... Read more","og_url":"https:\/\/cafo.org\/es\/research-center\/key-concepts\/special-needs\/","og_site_name":"Christian Alliance for Orphans","article_modified_time":"2023-09-13T17:49:57+00:00","og_image":[{"url":"https:\/\/cafo.org\/wp-content\/uploads\/2023\/08\/12-2.jpg","type":"","width":"","height":""}],"twitter_card":"summary_large_image","twitter_misc":{"Tiempo de lectura":"3 minutos"},"schema":{"@context":"https:\/\/schema.org","@graph":[{"@type":"WebPage","@id":"https:\/\/cafo.org\/es\/research-center\/key-concepts\/special-needs\/","url":"https:\/\/cafo.org\/es\/research-center\/key-concepts\/special-needs\/","name":"Necesidades especiales - Christian Alliance for Orphans","isPartOf":{"@id":"https:\/\/cafo.org\/es\/#website"},"primaryImageOfPage":{"@id":"https:\/\/cafo.org\/es\/research-center\/key-concepts\/special-needs\/#primaryimage"},"image":{"@id":"https:\/\/cafo.org\/es\/research-center\/key-concepts\/special-needs\/#primaryimage"},"thumbnailUrl":"https:\/\/cafo.org\/wp-content\/uploads\/2023\/08\/12-2.jpg","datePublished":"2023-07-24T00:19:35+00:00","dateModified":"2023-09-13T17:49:57+00:00","breadcrumb":{"@id":"https:\/\/cafo.org\/es\/research-center\/key-concepts\/special-needs\/#breadcrumb"},"inLanguage":"es","potentialAction":[{"@type":"ReadAction","target":["https:\/\/cafo.org\/es\/research-center\/key-concepts\/special-needs\/"]}]},{"@type":"ImageObject","inLanguage":"es","@id":"https:\/\/cafo.org\/es\/research-center\/key-concepts\/special-needs\/#primaryimage","url":"https:\/\/cafo.org\/wp-content\/uploads\/2023\/08\/12-2.jpg","contentUrl":"https:\/\/cafo.org\/wp-content\/uploads\/2023\/08\/12-2.jpg"},{"@type":"BreadcrumbList","@id":"https:\/\/cafo.org\/es\/research-center\/key-concepts\/special-needs\/#breadcrumb","itemListElement":[{"@type":"ListItem","position":1,"name":"Home","item":"https:\/\/cafo.org\/"},{"@type":"ListItem","position":2,"name":"Research Center","item":"https:\/\/cafo.org\/research-center\/"},{"@type":"ListItem","position":3,"name":"Key Concepts","item":"https:\/\/cafo.org\/research-center\/key-concepts\/"},{"@type":"ListItem","position":4,"name":"Special Needs"}]},{"@type":"WebSite","@id":"https:\/\/cafo.org\/es\/#website","url":"https:\/\/cafo.org\/es\/","name":"Christian Alliance for Orphans","description":"","potentialAction":[{"@type":"SearchAction","target":{"@type":"EntryPoint","urlTemplate":"https:\/\/cafo.org\/es\/?s={search_term_string}"},"query-input":{"@type":"PropertyValueSpecification","valueRequired":true,"valueName":"search_term_string"}}],"inLanguage":"es"}]}},"_links":{"self":[{"href":"https:\/\/cafo.org\/es\/wp-json\/wp\/v2\/pages\/3528","targetHints":{"allow":["GET"]}}],"collection":[{"href":"https:\/\/cafo.org\/es\/wp-json\/wp\/v2\/pages"}],"about":[{"href":"https:\/\/cafo.org\/es\/wp-json\/wp\/v2\/types\/page"}],"author":[{"embeddable":true,"href":"https:\/\/cafo.org\/es\/wp-json\/wp\/v2\/users\/20"}],"replies":[{"embeddable":true,"href":"https:\/\/cafo.org\/es\/wp-json\/wp\/v2\/comments?post=3528"}],"version-history":[{"count":17,"href":"https:\/\/cafo.org\/es\/wp-json\/wp\/v2\/pages\/3528\/revisions"}],"predecessor-version":[{"id":13438,"href":"https:\/\/cafo.org\/es\/wp-json\/wp\/v2\/pages\/3528\/revisions\/13438"}],"up":[{"embeddable":true,"href":"https:\/\/cafo.org\/es\/wp-json\/wp\/v2\/pages\/3525"}],"wp:attachment":[{"href":"https:\/\/cafo.org\/es\/wp-json\/wp\/v2\/media?parent=3528"}],"curies":[{"name":"wp","href":"https:\/\/api.w.org\/{rel}","templated":true}]}}