{"id":3529,"date":"2023-07-23T20:19:36","date_gmt":"2023-07-24T00:19:36","guid":{"rendered":"https:\/\/cafo.org\/research-center\/topics\/neuroplasticity\/"},"modified":"2026-03-13T18:08:22","modified_gmt":"2026-03-13T22:08:22","slug":"created-to-heal","status":"publish","type":"page","link":"https:\/\/cafo.org\/es\/research-center\/created-to-heal\/","title":{"rendered":"Creados para sanar"},"content":{"rendered":"CONCEPTOS CLAVE\t\n<h1>\n\t\t\tCreados para sanar\t<\/h1>\n\n\t\t\tA practical guide to understanding how the brain changes &#8211; and how healing happens.\t\n\t<p>Creado para sanar proporciona a padres, cuidadores y l\u00edderes informaci\u00f3n clara y basada en investigaciones sobre la neuroplasticidad, as\u00ed como medidas pr\u00e1cticas para favorecer el desarrollo saludable del cerebro. <\/p>\n<h2>\n\t\t\tAdversidad temprana <em>impactos<\/em> cerebro de los ni\u00f1os.  Tambi\u00e9n la educaci\u00f3n. \t<\/h2>\n\n\t\t\tEl cerebro es una creaci\u00f3n incre\u00edble, maravillosamente complejo y que apunta a la bondad y el orden de Dios. Al mismo tiempo, el cerebro es tremendamente delicado y se ve f\u00e1cilmente afectado por las circunstancias. Las experiencias adversas pueden afectar negativamente y cambiar el cerebro en desarrollo. Esto puede resultar desalentador para quienes se preocupan profundamente por los ni\u00f1os que han sufrido adversidades tempranas. Pero hay <em>espacio para la esperanza<\/em>.\t\n<h2>\n\t\t\tEl cerebro estaba <em>creado para curar<\/em>.\t<\/h2>\n\n\t\t\tDel mismo modo que la adversidad puede afectar negativamente al cerebro, tambi\u00e9n puede hacerlo positivamente un entorno sano y enriquecedor.  Los cuidados intencionados, la seguridad y la protecci\u00f3n, la estimulaci\u00f3n intelectual, las relaciones enriquecedoras, etc., reconfiguran el cerebro para que sea sano y ayudan a los ni\u00f1os a desarrollar todo su potencial. <em>insustituible<\/em> papel en la curaci\u00f3n del cerebro del ni\u00f1o.\t\n\t\t\t<a href=\"http:\/\/cafo.org\/es\/research-center\/key-concepts\/neuroplasticity\/\"  target=\"_self\">\n\t\t\t\t\t\t\tM\u00c1S INFORMACI\u00d3N SOBRE LA NEUROPLASTICIDAD\n\t\t\t<\/a>\n<h2>\n\t\t\t<i>Creados para sanar<\/i> explora c\u00f3mo se forman los cerebros, c\u00f3mo responden a su entorno, c\u00f3mo se curan y los pasos pr\u00e1cticos que podemos dar para promover la recuperaci\u00f3n cerebral en personas que han sufrido adversidades tempranas.\t<\/h2>\n\n\t\t\t\u00bfPor d\u00f3nde empezamos?\t\n<h2>\n\t\t\tSaber que el cerebro de un ni\u00f1o puede curarse de las adversidades tempranas es importante. <br \/><br \/>Ese es precisamente el objetivo de <em>Creados para curar.<\/em> \t<\/h2>\n\t\t\t<a href=\"https:\/\/www.amazon.com\/dp\/B0D7GX6S8Q\"  target=\"_blank\" rel=\"noopener\">\n\t\t\t\t\t\t\tComprar el libro\n\t\t\t\t\t<\/a>\n\t\t\t<a href=\"https:\/\/www.amazon.com\/dp\/B0D7GX6S8Q\"  target=\"_blank\" rel=\"noopener\">\n\t\t\t\t\t\t\tComprar en espa\u00f1ol\n\t\t\t\t\t<\/a>\n\t\t\t<a href=\"https:\/\/shop.cafo.org\/products\/created-to-heal-how-neuroplasticity-offers-hope-for-children-their-families\"  target=\"_blank\" rel=\"noopener\">\n\t\t\t\t\t\t\tPEDIDOS A GRANEL\n\t\t\t\t\t<\/a>\n<h2>\n\t\t\t\u00bfQui\u00e9n deber\u00eda leer este libro?\t<\/h2>\n\t\t\t <p>Dirigentes, personal y voluntarios de organizaciones sin \u00e1nimo de lucro que atienden a ni\u00f1os y familias vulnerables<\/p>\t\t\n\t\t\t <p>Padres de acogida, adoptivos y familiares que buscan nuevas herramientas para ayudar a sus hijos.<\/p>\t\t\n\t\t\t <p>Personal eclesi\u00e1stico y voluntarios al servicio de los ni\u00f1os vulnerables<\/p>\t\t\n\t\t\t <p>Profesionales del bienestar infantil que buscan herramientas pr\u00e1cticas para compartir con las familias y los programas a los que atienden.<\/p>\t\t\n\t<h2>\n\t\t\t\u00bfQu\u00e9 aprender\u00e1s?\t<\/h2>\n\t\t\t <p>Los fundamentos (\u00a1simplificados!) del desarrollo cerebral.<\/p>\t\t\n\t\t\t <p>C\u00f3mo responde el cerebro al estr\u00e9s.<\/p>\t\t\n\t\t\t <p>C\u00f3mo el cerebro puede curarse de un traumatismo.<\/p>\t\t\n\t\t\t <p>Principios y pr\u00e1cticas para ayudar al cerebro a sanar.<\/p>\t\t\n\t\t\tCreados para sanar\t\n<h2>\n\t\t\t\u00bfQu\u00e9 hace que este libro sea especial? <em>\u00fanico<\/em>?\t<\/h2>\n\t\t\t\t\t\t\t\t\t\t\t\t<h4>Basado en investigaciones y accesible<\/h4>\n\t\t\t\t\t\t\t\t\t\t\t\t<h5>Basado en investigaciones y accesible<\/h5>\n\t\t\t\t\t\t<p>La compleja neurociencia se explica de forma clara y pr\u00e1ctica para los cuidadores cotidianos.<\/p>\t\t\t\t\t\n\t\t\t\t\t\t\t\t\t\t\t\t<h4>Basado en aplicaciones del mundo real<\/h4>\n\t\t\t\t\t\t\t\t\t\t\t\t<h5>Basado en aplicaciones del mundo real<\/h5>\n\t\t\t\t\t\t<p>Cada cap\u00edtulo conecta la ciencia con pasos concretos y viables.<\/p>\t\t\t\t\t\n\t\t\t\t\t\t\t\t\t\t\t\t<h4>Dise\u00f1ado para contextos globales<\/h4>\n\t\t\t\t\t\t\t\t\t\t\t\t<h5>Dise\u00f1ado para contextos globales<\/h5>\n\t\t\t\t\t\t<p>Los principios son adaptables a todas las culturas y entornos de atenci\u00f3n.<\/p>\t\t\t\t\t\n\t\t\t\t\t\t\t\t\t\t\t\t<h4>Centrados en la esperanza y la sanaci\u00f3n<\/h4>\n\t\t\t\t\t\t\t\t\t\t\t\t<h5>Centrados en la esperanza y la sanaci\u00f3n<\/h5>\n\t\t\t\t\t\t<p>Neuroplasticity demonstrates that change is possible &#8211; even after early adversity.<\/p>\t\t\t\t\t\n<figure itemscope itemtype=\"https:\/\/schema.org\/ImageObject\">\n\t\t\t\t<img decoding=\"async\" src=\"https:\/\/cafo.org\/wp-content\/uploads\/2023\/07\/Group-1682.png\" alt=\"Group 1682\" height=\"71\" width=\"83\" title=\"Grupo 1682\" onerror=\"this.style.display='none'\" loading=\"lazy\" \/>\n\t<\/figure>\n\t\t\t\t\t\t\t<p><i>&#8220;As a foster parent and adoptive mother, I&#8217;ve read extensively about children and separation from family. Created to Heal is a clear and practical introduction, offering simple, easy-to-apply ideas that can make a meaningful difference. It&#8217;s an accessible and well-written starting point for teachers, foster parents and adoptive families.&#8221;<\/i><\/p>\n\t\t\t\t\t\t\t<hr \/>\n\t\t\t\t\t\t\t\tCreated to Heal\n\t\t\t\t\t\t\t\t\t\t\t\t\t\t\t\t\tSelei B., Amazon reviewer\n<h2>\n\t\t\tSobre los autores\t<\/h2>\n<figure itemscope itemtype=\"https:\/\/schema.org\/ImageObject\">\n\t\t\t\t<img decoding=\"async\" src=\"https:\/\/cafo.org\/wp-content\/uploads\/2023\/07\/Nicole-Wilke_Sq.jpg\" alt=\"Nicole Wilke_Sq\" height=\"800\" width=\"800\" title=\"Nicole Wilke_Sq\" onerror=\"this.style.display='none'\" loading=\"lazy\" \/>\n\t<\/figure>\n<h3>\n\t\t\tDra. Nicole Gilbertson Wilke\t<\/h3>\n\t<p>La Dra. Nicole Wilke es directora del Centro de Investigaci\u00f3n Aplicada para Ni\u00f1os y Familias Vulnerables de CAFO. Antes de ocupar este cargo, trabaj\u00f3 como terapeuta infantil y familiar, misionera, en centros de detenci\u00f3n juvenil y con ni\u00f1os con discapacidades. Gracias a su experiencia profesional y personal, ha adquirido un amplio conocimiento sobre el acogimiento familiar, la adopci\u00f3n, la atenci\u00f3n residencial, la superaci\u00f3n de adversidades tempranas, la investigaci\u00f3n sobre los ni\u00f1os hu\u00e9rfanos y vulnerables y el ministerio intercultural. Nicole es licenciada en Psicolog\u00eda, Estudios de la Familia, Terapia Matrimonial y Familiar, y Competencia en Permanencia y Adopci\u00f3n. Vive con su familia en Per\u00fa, donde trabajan para que los ni\u00f1os vulnerables crezcan en familias.<\/p>\n<figure itemscope itemtype=\"https:\/\/schema.org\/ImageObject\">\n\t\t\t\t<img decoding=\"async\" src=\"https:\/\/cafo.org\/wp-content\/uploads\/2024\/05\/Meredith-Morgan_Created-to-Heal_Color.png\" alt=\"Meredith Morgan_Created to Heal_Color\" height=\"500\" width=\"500\" title=\"Meredith Morgan_Creado para sanar_Color\" onerror=\"this.style.display='none'\" loading=\"lazy\" \/>\n\t<\/figure>\n<h3>\n\t\t\tMeredith Morgan Caleb\t<\/h3>\n\t<p>Meredith es coordinadora de edici\u00f3n t\u00e9cnica e investigaci\u00f3n en el Centro de Econom\u00eda del Desarrollo Humano. Apasionada por ayudar a los ni\u00f1os y las familias vulnerables, ha prestado apoyo a ni\u00f1os con necesidades especiales en entornos acad\u00e9micos, terap\u00e9uticos y sin fines de lucro. Meredith es licenciada en Psicolog\u00eda y Neurociencia por el Bridgewater College y actualmente est\u00e1 cursando una maestr\u00eda en Educaci\u00f3n Especial. En su tiempo libre, ayuda a ni\u00f1os con discapacidades en el \u00e1mbito de la iglesia.<\/p>\n<figure itemscope itemtype=\"https:\/\/schema.org\/ImageObject\">\n\t\t\t\t<img decoding=\"async\" src=\"https:\/\/cafo.org\/wp-content\/uploads\/2024\/05\/Alisha-Pangborn_Created-to-Heal_Color-1.png\" alt=\"Alisha Pangborn_Created to Heal_Color (1)\" height=\"500\" width=\"500\" title=\"Alisha Pangborn_Creada para sanar_Color (1)\" onerror=\"this.style.display='none'\" loading=\"lazy\" \/>\n\t<\/figure>\n<h3>\n\t\t\tAlisha Pangborn\t<\/h3>\n\t<p>Alisha tiene una maestr\u00eda en educaci\u00f3n infantil y lleva m\u00e1s de 25 a\u00f1os ense\u00f1ando a los ni\u00f1os peque\u00f1os sobre el amor de Jes\u00fas. Le apasionan los enfoques basados en la investigaci\u00f3n para servir a los ni\u00f1os en la iglesia y en el ministerio. Ha desarrollado programas para ni\u00f1os hu\u00e9rfanos y vulnerables en viviendas de bajos ingresos en Houston y comparte esta experiencia en un plan de estudios conciso titulado <i>Les cont\u00f3 historias.<\/i>. Actualmente, su ocupaci\u00f3n a tiempo completo es ser esposa y mam\u00e1 de dos ni\u00f1os a los que educa en casa.<\/p>\n<h2>\n\t\t\t\u00danase a nosotros en el viaje de aprender a servir mejor a los ni\u00f1os y a las familias...<em>juntos<\/em>.\t<\/h2>","protected":false},"excerpt":{"rendered":"<p>KEY CONCEPTS Created to Heal A practical guide to understanding how the brain changes &#8211; and how healing happens. Created to Heal equips parents, caregivers and leaders with clear, research-informed insight into neuroplasticity and practical steps to support healthy brain development. Early adversity impacts children&#8217;s brains. So does nurture. The brain is an incredible creation, &#8230; <a title=\"Creados para sanar\" class=\"read-more\" href=\"https:\/\/cafo.org\/es\/research-center\/created-to-heal\/\" aria-label=\"Leer m\u00e1s sobre Created to Heal\">Seguir leyendo<\/a><\/p>","protected":false},"author":20,"featured_media":0,"parent":3461,"menu_order":117,"comment_status":"closed","ping_status":"closed","template":"page-research-best-practices-initiative.php","meta":{"_acf_changed":false,"footnotes":""},"class_list":["post-3529","page","type-page","status-publish"],"acf":[],"yoast_head":"<!-- This site is optimized with the Yoast SEO plugin v27.1.1 - https:\/\/yoast.com\/product\/yoast-seo-wordpress\/ -->\n<title>Created to Heal - Christian Alliance for Orphans<\/title>\n<meta name=\"robots\" content=\"index, follow, max-snippet:-1, max-image-preview:large, max-video-preview:-1\" \/>\n<link rel=\"canonical\" href=\"https:\/\/cafo.org\/es\/research-center\/created-to-heal\/\" \/>\n<meta property=\"og:locale\" content=\"es_MX\" \/>\n<meta property=\"og:type\" content=\"article\" \/>\n<meta property=\"og:title\" content=\"Created to Heal - Christian Alliance for Orphans\" \/>\n<meta property=\"og:description\" content=\"KEY CONCEPTS Created to Heal A practical guide to understanding how the brain changes &#8211; and how healing happens. Created to Heal equips parents, caregivers and leaders with clear, research-informed insight into neuroplasticity and practical steps to support healthy brain development. Early adversity impacts children&#8217;s brains. So does nurture. The brain is an incredible creation, ... Read more\" \/>\n<meta property=\"og:url\" content=\"https:\/\/cafo.org\/es\/research-center\/created-to-heal\/\" \/>\n<meta property=\"og:site_name\" content=\"Christian Alliance for Orphans\" \/>\n<meta property=\"article:modified_time\" content=\"2026-03-13T22:08:22+00:00\" \/>\n<meta property=\"og:image\" content=\"https:\/\/cafo.org\/wp-content\/uploads\/2023\/07\/Group-1682.png\" \/>\n<meta name=\"twitter:card\" content=\"summary_large_image\" \/>\n<meta name=\"twitter:label1\" content=\"Tiempo de lectura\" \/>\n\t<meta name=\"twitter:data1\" content=\"5 minutos\" \/>\n<script type=\"application\/ld+json\" class=\"yoast-schema-graph\">{\"@context\":\"https:\/\/schema.org\",\"@graph\":[{\"@type\":\"WebPage\",\"@id\":\"https:\/\/cafo.org\/es\/research-center\/created-to-heal\/\",\"url\":\"https:\/\/cafo.org\/es\/research-center\/created-to-heal\/\",\"name\":\"Created to Heal - Christian Alliance for Orphans\",\"isPartOf\":{\"@id\":\"https:\/\/cafo.org\/es\/#website\"},\"primaryImageOfPage\":{\"@id\":\"https:\/\/cafo.org\/es\/research-center\/created-to-heal\/#primaryimage\"},\"image\":{\"@id\":\"https:\/\/cafo.org\/es\/research-center\/created-to-heal\/#primaryimage\"},\"thumbnailUrl\":\"https:\/\/cafo.org\/wp-content\/uploads\/2023\/07\/Group-1682.png\",\"datePublished\":\"2023-07-24T00:19:36+00:00\",\"dateModified\":\"2026-03-13T22:08:22+00:00\",\"breadcrumb\":{\"@id\":\"https:\/\/cafo.org\/es\/research-center\/created-to-heal\/#breadcrumb\"},\"inLanguage\":\"es\",\"potentialAction\":[{\"@type\":\"ReadAction\",\"target\":[\"https:\/\/cafo.org\/es\/research-center\/created-to-heal\/\"]}]},{\"@type\":\"ImageObject\",\"inLanguage\":\"es\",\"@id\":\"https:\/\/cafo.org\/es\/research-center\/created-to-heal\/#primaryimage\",\"url\":\"https:\/\/cafo.org\/wp-content\/uploads\/2023\/07\/Group-1682.png\",\"contentUrl\":\"https:\/\/cafo.org\/wp-content\/uploads\/2023\/07\/Group-1682.png\"},{\"@type\":\"BreadcrumbList\",\"@id\":\"https:\/\/cafo.org\/es\/research-center\/created-to-heal\/#breadcrumb\",\"itemListElement\":[{\"@type\":\"ListItem\",\"position\":1,\"name\":\"Home\",\"item\":\"https:\/\/cafo.org\/\"},{\"@type\":\"ListItem\",\"position\":2,\"name\":\"Research Center\",\"item\":\"https:\/\/cafo.org\/research-center\/\"},{\"@type\":\"ListItem\",\"position\":3,\"name\":\"Created to Heal\"}]},{\"@type\":\"WebSite\",\"@id\":\"https:\/\/cafo.org\/es\/#website\",\"url\":\"https:\/\/cafo.org\/es\/\",\"name\":\"Christian Alliance for Orphans\",\"description\":\"\",\"potentialAction\":[{\"@type\":\"SearchAction\",\"target\":{\"@type\":\"EntryPoint\",\"urlTemplate\":\"https:\/\/cafo.org\/es\/?s={search_term_string}\"},\"query-input\":{\"@type\":\"PropertyValueSpecification\",\"valueRequired\":true,\"valueName\":\"search_term_string\"}}],\"inLanguage\":\"es\"}]}<\/script>\n<!-- \/ Yoast SEO plugin. -->","yoast_head_json":{"title":"Created to Heal - Christian Alliance for Orphans","robots":{"index":"index","follow":"follow","max-snippet":"max-snippet:-1","max-image-preview":"max-image-preview:large","max-video-preview":"max-video-preview:-1"},"canonical":"https:\/\/cafo.org\/es\/research-center\/created-to-heal\/","og_locale":"es_MX","og_type":"article","og_title":"Created to Heal - Christian Alliance for Orphans","og_description":"KEY CONCEPTS Created to Heal A practical guide to understanding how the brain changes &#8211; and how healing happens. Created to Heal equips parents, caregivers and leaders with clear, research-informed insight into neuroplasticity and practical steps to support healthy brain development. Early adversity impacts children&#8217;s brains. So does nurture. The brain is an incredible creation, ... Read more","og_url":"https:\/\/cafo.org\/es\/research-center\/created-to-heal\/","og_site_name":"Christian Alliance for Orphans","article_modified_time":"2026-03-13T22:08:22+00:00","og_image":[{"url":"https:\/\/cafo.org\/wp-content\/uploads\/2023\/07\/Group-1682.png","type":"","width":"","height":""}],"twitter_card":"summary_large_image","twitter_misc":{"Tiempo de lectura":"5 minutos"},"schema":{"@context":"https:\/\/schema.org","@graph":[{"@type":"WebPage","@id":"https:\/\/cafo.org\/es\/research-center\/created-to-heal\/","url":"https:\/\/cafo.org\/es\/research-center\/created-to-heal\/","name":"Created to Heal - Christian Alliance for Orphans","isPartOf":{"@id":"https:\/\/cafo.org\/es\/#website"},"primaryImageOfPage":{"@id":"https:\/\/cafo.org\/es\/research-center\/created-to-heal\/#primaryimage"},"image":{"@id":"https:\/\/cafo.org\/es\/research-center\/created-to-heal\/#primaryimage"},"thumbnailUrl":"https:\/\/cafo.org\/wp-content\/uploads\/2023\/07\/Group-1682.png","datePublished":"2023-07-24T00:19:36+00:00","dateModified":"2026-03-13T22:08:22+00:00","breadcrumb":{"@id":"https:\/\/cafo.org\/es\/research-center\/created-to-heal\/#breadcrumb"},"inLanguage":"es","potentialAction":[{"@type":"ReadAction","target":["https:\/\/cafo.org\/es\/research-center\/created-to-heal\/"]}]},{"@type":"ImageObject","inLanguage":"es","@id":"https:\/\/cafo.org\/es\/research-center\/created-to-heal\/#primaryimage","url":"https:\/\/cafo.org\/wp-content\/uploads\/2023\/07\/Group-1682.png","contentUrl":"https:\/\/cafo.org\/wp-content\/uploads\/2023\/07\/Group-1682.png"},{"@type":"BreadcrumbList","@id":"https:\/\/cafo.org\/es\/research-center\/created-to-heal\/#breadcrumb","itemListElement":[{"@type":"ListItem","position":1,"name":"Home","item":"https:\/\/cafo.org\/"},{"@type":"ListItem","position":2,"name":"Research Center","item":"https:\/\/cafo.org\/research-center\/"},{"@type":"ListItem","position":3,"name":"Created to Heal"}]},{"@type":"WebSite","@id":"https:\/\/cafo.org\/es\/#website","url":"https:\/\/cafo.org\/es\/","name":"Christian Alliance for Orphans","description":"","potentialAction":[{"@type":"SearchAction","target":{"@type":"EntryPoint","urlTemplate":"https:\/\/cafo.org\/es\/?s={search_term_string}"},"query-input":{"@type":"PropertyValueSpecification","valueRequired":true,"valueName":"search_term_string"}}],"inLanguage":"es"}]}},"_links":{"self":[{"href":"https:\/\/cafo.org\/es\/wp-json\/wp\/v2\/pages\/3529","targetHints":{"allow":["GET"]}}],"collection":[{"href":"https:\/\/cafo.org\/es\/wp-json\/wp\/v2\/pages"}],"about":[{"href":"https:\/\/cafo.org\/es\/wp-json\/wp\/v2\/types\/page"}],"author":[{"embeddable":true,"href":"https:\/\/cafo.org\/es\/wp-json\/wp\/v2\/users\/20"}],"replies":[{"embeddable":true,"href":"https:\/\/cafo.org\/es\/wp-json\/wp\/v2\/comments?post=3529"}],"version-history":[{"count":75,"href":"https:\/\/cafo.org\/es\/wp-json\/wp\/v2\/pages\/3529\/revisions"}],"predecessor-version":[{"id":25877,"href":"https:\/\/cafo.org\/es\/wp-json\/wp\/v2\/pages\/3529\/revisions\/25877"}],"up":[{"embeddable":true,"href":"https:\/\/cafo.org\/es\/wp-json\/wp\/v2\/pages\/3461"}],"wp:attachment":[{"href":"https:\/\/cafo.org\/es\/wp-json\/wp\/v2\/media?parent=3529"}],"curies":[{"name":"wp","href":"https:\/\/api.w.org\/{rel}","templated":true}]}}