{"id":3531,"date":"2023-07-23T20:19:36","date_gmt":"2023-07-24T00:19:36","guid":{"rendered":"https:\/\/cafo.org\/research-center\/topics\/children-and-technology\/"},"modified":"2025-07-28T12:14:42","modified_gmt":"2025-07-28T16:14:42","slug":"children-and-technology","status":"publish","type":"page","link":"https:\/\/cafo.org\/es\/research-center\/key-concepts\/children-and-technology\/","title":{"rendered":"Ni\u00f1os y tecnolog\u00eda"},"content":{"rendered":"Conceptos clave\t\n<h1>\n\t\t\tNi\u00f1os y tecnolog\u00eda\t<\/h1>\n<h2>\n\t\t\tLa tecnolog\u00eda es <em>en todas partes<\/em>.\t<\/h2>\n\n\t\t\tPodr\u00eda decirse que la tecnolog\u00eda ha transformado nuestras vidas para mejor, afectando a todo, desde nuestras lavadoras a nuestros coches, pasando por los dispositivos que estamos utilizando para leer esto. La posibilidad de acceder a equipos m\u00e9dicos que salvan vidas y de realizar videollamadas con seres queridos a un mundo de distancia son regalos tremendos. Sin embargo, debemos reconocer que la tecnolog\u00eda tambi\u00e9n plantea riesgos significativos para nuestra concentraci\u00f3n, atenci\u00f3n, salud, bienestar y mucho m\u00e1s.\t\n<h2>\n\t\t\tLos ni\u00f1os vulnerables ya est\u00e1n <em>mayor riesgo<\/em> para el uso problem\u00e1tico de la tecnolog\u00eda. \t<\/h2>\n\n\t\t\tCasi todos nos hemos visto afectados por la distracci\u00f3n y la p\u00e9rdida de tiempo que conlleva el uso de la tecnolog\u00eda, pero algunas personas pueden ser mucho m\u00e1s susceptibles al atractivo de los dispositivos tecnol\u00f3gicos. Entre ellas se encuentran los ni\u00f1os que han experimentado adversidades tempranas en sus vidas.  A partir de un estudio de cientos de ni\u00f1os separados de sus padres, este libro aborda por qu\u00e9 estos ni\u00f1os parecen verse m\u00e1s afectados negativamente por la tecnolog\u00eda que sus compa\u00f1eros.\t\n<h2>\n\t\t\tPuedes ayudar a los ni\u00f1os que quieres a <em>comprom\u00e9tase sabiamente<\/em> con la tecnolog\u00eda.\t<\/h2>\n\n\t\t\tAunque es beneficioso comprender por qu\u00e9 los ni\u00f1os afectados por la adversidad se enfrentan a mayores riesgos, esta comprensi\u00f3n por s\u00ed sola es insuficiente. Es crucial saber c\u00f3mo tomar medidas de respuesta. \t\n\t<p><em>\u00bfC\u00f3mo puede ayudar eficazmente a los ni\u00f1os que cuida a tomar mejores decisiones? \u00bfQu\u00e9 pautas concretas deben establecerse? \u00bfD\u00f3nde debe dejarles libertad? Adem\u00e1s, \u00bfc\u00f3mo puede ayudarles a utilizar la tecnolog\u00eda de forma adecuada?<\/em><\/p>\n\t\t\t\t<img decoding=\"async\" src=\"https:\/\/cafo.org\/wp-content\/uploads\/2023\/08\/research_keyconcepts_childrentechnology-1.jpg\" alt=\"research_keyconcepts_childrentechnology (1)\" itemprop=\"image\" height=\"920\" width=\"1192\" title=\"research_keyconcepts_childrentechnology (1)\" onerror=\"this.style.display='none'\" loading='lazy' \/>\n\t\t\t\t<img decoding=\"async\" src=\"https:\/\/cafo.org\/wp-content\/uploads\/2023\/08\/Digital-Age-ebook.jpg\" alt=\"Vulnerable-Children-in-a-Digital-Age\" itemprop=\"image\" height=\"714\" width=\"1000\" title=\"Digital-Age-ebook.jpg\" onerror=\"this.style.display='none'\" loading='lazy' \/>\n<h2>\n\t\t\tEso es lo que <em>Ni\u00f1os vulnerables en la era digital<\/em> es sobre.\t<\/h2>\n\n\t\t\tAcceda gratis al libro\t\n\t\t\t<a href=\"https:\/\/issuu.com\/christianalliancefororphans\/docs\/e-book_with_links?fr=xPf8nJyc\" target=\"_blank\" rel=\"noopener\">\n\t\t\t\t\t\t\tLeer en ingl\u00e9s\n\t\t\t\t\t<\/a>\n\t\t\t<a href=\"https:\/\/issuu.com\/christianalliancefororphans\/docs\/ovc_tech_ebook_span?fr=xPf8nJyc\" target=\"_blank\" rel=\"noopener\">\n\t\t\t\t\t\t\tLeer en espa\u00f1ol\n\t\t\t\t\t<\/a>\n<h2>\n\t\t\t\u00bfQui\u00e9n deber\u00eda leer este libro?\t<\/h2>\n\t\t\t <p>Dirigentes, personal y voluntarios de programas que atienden a ni\u00f1os y familias vulnerables.<\/p>\t\t\n\t\t\t <p>Padres biol\u00f3gicos, de parentesco, de acogida y adoptivos.<\/p>\t\t\n\t\t\t <p>J\u00f3venes con un historial de experiencias adversas.<\/p>\t\t\n\t\t\t <p>L\u00edderes, personal y voluntarios de ministerios eclesi\u00e1sticos.<\/p>\t\t\n\t\t\t <p>Profesionales del bienestar infantil, trabajadores sociales, psic\u00f3logos y profesores.<\/p>\t\t\n\t<h2>\n\t\t\t\u00bfQu\u00e9 aprender\u00e1s?\t<\/h2>\n\t\t\t <p>\u00bfCu\u00e1les son los beneficios y los riesgos del uso de la tecnolog\u00eda?<\/p>\t\t\n\t\t\t <p>\u00bfPor qu\u00e9 es tan adictiva la tecnolog\u00eda?<\/p>\t\t\n\t\t\t <p>\u00bfC\u00f3mo interact\u00faan la adversidad temprana y la tecnolog\u00eda?<\/p>\t\t\n\t\t\t <p>\u00bfQu\u00e9 directrices tenemos para mantener a salvo a los ni\u00f1os en el mundo digital?<\/p>\t\t\n\t\t\t <p>\u00bfExisten medidas pr\u00e1cticas para poner l\u00edmites al uso de la tecnolog\u00eda?<\/p>\t\t\n\t\t\tNi\u00f1os vulnerables en la era digital\t\n<h2>\n\t\t\t\u00bfQu\u00e9 es <em>incluido<\/em> en el libro?\t<\/h2>\n\t\t\t\t\t\t\t\t\t\t\t\t<h4>Orientaci\u00f3n clara<\/h4>\n\t\t\t\t\t\t\t\t\t\t\t\t<h5>Orientaci\u00f3n clara<\/h5>\n\t\t\t\t\t\t<p>Encontrar\u00e1 orientaci\u00f3n basada en pruebas, que va m\u00e1s all\u00e1 de la teor\u00eda y las opiniones para mostrarle lo que realmente funciona.<\/p>\t\t\t\t\t\n\t\t\t\t\t\t\t\t\t\t\t\t<h4>Explicaciones visuales<\/h4>\n\t\t\t\t\t\t\t\t\t\t\t\t<h5>Explicaciones visuales<\/h5>\n\t\t\t\t\t\t<p>Las infograf\u00edas que presentan y explican conceptos complejos simplificar\u00e1n y acelerar\u00e1n su aprendizaje.<\/p>\t\t\t\t\t\n\t\t\t\t\t\t\t\t\t\t\t\t<h4>Pasos pr\u00e1cticos<\/h4>\n\t\t\t\t\t\t\t\t\t\t\t\t<h5>Pasos pr\u00e1cticos<\/h5>\n\t\t\t\t\t\t<p>Unos pasos de acci\u00f3n claros le ayudar\u00e1n a poner en pr\u00e1ctica lo aprendido para mejorar su pr\u00e1ctica.<\/p>\t\t\t\t\t\n\t\t\t\t\t\t\t\t\t\t\t\t<h4>Recursos gratuitos<\/h4>\n\t\t\t\t\t\t\t\t\t\t\t\t<h5>Recursos gratuitos<\/h5>\n\t\t\t\t\t\t<p>Una lista curada de recursos relevantes le permitir\u00e1 profundizar en sus \u00e1reas de inter\u00e9s.<\/p>\t\t\t\t\t\n\t\t\t\t<img decoding=\"async\" src=\"https:\/\/cafo.org\/wp-content\/uploads\/2025\/07\/Core-Elements-mockup-images.png\" alt=\"Children and Technology\" itemprop=\"image\" height=\"468\" width=\"733\" title=\"Im\u00e1genes de maquetas de Core Elements\" onerror=\"this.style.display='none'\" loading='lazy' \/>\n<h2>\n\t\t\t\u00bfPrefiere aprender sobre este tema a trav\u00e9s de un <em>\u00bfCurso?<\/em>\t<\/h2>\n\n\t\t\tConsulte nuestro <i><strong>gratis<\/strong><\/i> curso, <i>Cuidar a los ni\u00f1os en un mundo digital.<\/i>\t\n\t\t\t<a href=\"https:\/\/academy.cafo.org\/courses\/enrolled\/2122034\" target=\"_blank\" rel=\"noopener\">\n\t\t\t\t\t\t\tM\u00e1s informaci\u00f3n\n\t\t\t<\/a>\n\t<p><strong>Si te interesa la investigaci\u00f3n sobre ni\u00f1os y tecnolog\u00eda, consulta la infograf\u00eda de dos estudios sobre el uso problem\u00e1tico de los medios de comunicaci\u00f3n:<\/strong><\/p>\n\t\t\t<a href=\"https:\/\/issuu.com\/christianalliancefororphans\/docs\/aces_and_pmu\" target=\"_blank\" rel=\"noopener\">\n\t\t\t\t\t\t\tInfograf\u00eda 1\n\t\t\t<\/a>\n\t\t\t<a href=\"https:\/\/issuu.com\/christianalliancefororphans\/docs\/adverse_childhood_experiences_and_problematic_medi?fr=xPf8nJyc\" target=\"_blank\" rel=\"noopener\">\n\t\t\t\t\t\t\tInfograf\u00eda 2\n\t\t\t<\/a>\n<h2>\n\t\t\tLeer <em>Ni\u00f1os vulnerables en la era digital <\/em>\u00a1gratis hoy mismo!\t<\/h2>\n\t\t\t<a href=\"https:\/\/issuu.com\/christianalliancefororphans\/docs\/e-book_with_links?fr=xPf8nJyc\" target=\"_blank\" rel=\"noopener\">\n\t\t\t\t\t\t\tLeer en ingl\u00e9s\n\t\t\t\t\t<\/a>\n\t\t\t<a href=\"https:\/\/issuu.com\/christianalliancefororphans\/docs\/ovc_tech_ebook_span?fr=xPf8nJyc\" target=\"_blank\" rel=\"noopener\">\n\t\t\t\t\t\t\tLeer en espa\u00f1ol\n\t\t\t\t\t<\/a>\n<h2>\n\t\t\t\u00danase a nosotros en el viaje de aprender a servir mejor a los ni\u00f1os y a las familias...<em>juntos<\/em>.\t<\/h2>","protected":false},"excerpt":{"rendered":"<p>Conceptos clave Los ni\u00f1os y la tecnolog\u00eda La tecnolog\u00eda est\u00e1 en todas partes. Podr\u00eda decirse que la tecnolog\u00eda ha transformado nuestras vidas para mejor, afectando a todo, desde nuestras lavadoras a nuestros coches, pasando por los dispositivos que estamos utilizando para leer esto. La posibilidad de acceder a equipos m\u00e9dicos que salvan vidas y de realizar videollamadas con seres queridos a un mundo de distancia son ... <a title=\"Ni\u00f1os y tecnolog\u00eda\" class=\"read-more\" href=\"https:\/\/cafo.org\/es\/research-center\/key-concepts\/children-and-technology\/\" aria-label=\"Leer m\u00e1s sobre Ni\u00f1os y tecnolog\u00eda\">Seguir leyendo<\/a><\/p>","protected":false},"author":20,"featured_media":0,"parent":3525,"menu_order":119,"comment_status":"closed","ping_status":"closed","template":"page-research-best-practices-initiative.php","meta":{"_acf_changed":false,"footnotes":""},"class_list":["post-3531","page","type-page","status-publish"],"acf":[],"yoast_head":"<!-- This site is optimized with the Yoast SEO plugin v27.5 - https:\/\/yoast.com\/product\/yoast-seo-wordpress\/ -->\n<title>Children and Technology - Christian Alliance for Orphans<\/title>\n<meta name=\"robots\" content=\"index, follow, max-snippet:-1, max-image-preview:large, max-video-preview:-1\" \/>\n<link rel=\"canonical\" href=\"https:\/\/cafo.org\/es\/research-center\/key-concepts\/children-and-technology\/\" \/>\n<meta property=\"og:locale\" content=\"es_MX\" \/>\n<meta property=\"og:type\" content=\"article\" \/>\n<meta property=\"og:title\" content=\"Children and Technology - Christian Alliance for Orphans\" \/>\n<meta property=\"og:description\" content=\"Key concepts Children and Technology Technology is everywhere. Technology has arguably transformed our lives for the better, impacting everything from our washing machines to our cars to the devices we are using to read this. The ability to access life-saving medical equipment and engage in video calls with loved ones from a world away are ... Read more\" \/>\n<meta property=\"og:url\" content=\"https:\/\/cafo.org\/es\/research-center\/key-concepts\/children-and-technology\/\" \/>\n<meta property=\"og:site_name\" content=\"Christian Alliance for Orphans\" \/>\n<meta property=\"article:modified_time\" content=\"2025-07-28T16:14:42+00:00\" \/>\n<meta property=\"og:image\" content=\"https:\/\/cafo.org\/wp-content\/uploads\/2023\/08\/research_keyconcepts_childrentechnology-1.jpg\" \/>\n<meta name=\"twitter:card\" content=\"summary_large_image\" \/>\n<meta name=\"twitter:label1\" content=\"Tiempo de lectura\" \/>\n\t<meta name=\"twitter:data1\" content=\"3 minutos\" \/>\n<script type=\"application\/ld+json\" class=\"yoast-schema-graph\">{\"@context\":\"https:\\\/\\\/schema.org\",\"@graph\":[{\"@type\":\"WebPage\",\"@id\":\"https:\\\/\\\/cafo.org\\\/es\\\/research-center\\\/key-concepts\\\/children-and-technology\\\/\",\"url\":\"https:\\\/\\\/cafo.org\\\/es\\\/research-center\\\/key-concepts\\\/children-and-technology\\\/\",\"name\":\"Children and Technology - Christian Alliance for Orphans\",\"isPartOf\":{\"@id\":\"https:\\\/\\\/cafo.org\\\/es\\\/#website\"},\"primaryImageOfPage\":{\"@id\":\"https:\\\/\\\/cafo.org\\\/es\\\/research-center\\\/key-concepts\\\/children-and-technology\\\/#primaryimage\"},\"image\":{\"@id\":\"https:\\\/\\\/cafo.org\\\/es\\\/research-center\\\/key-concepts\\\/children-and-technology\\\/#primaryimage\"},\"thumbnailUrl\":\"https:\\\/\\\/cafo.org\\\/wp-content\\\/uploads\\\/2023\\\/08\\\/research_keyconcepts_childrentechnology-1.jpg\",\"datePublished\":\"2023-07-24T00:19:36+00:00\",\"dateModified\":\"2025-07-28T16:14:42+00:00\",\"breadcrumb\":{\"@id\":\"https:\\\/\\\/cafo.org\\\/es\\\/research-center\\\/key-concepts\\\/children-and-technology\\\/#breadcrumb\"},\"inLanguage\":\"es\",\"potentialAction\":[{\"@type\":\"ReadAction\",\"target\":[\"https:\\\/\\\/cafo.org\\\/es\\\/research-center\\\/key-concepts\\\/children-and-technology\\\/\"]}]},{\"@type\":\"ImageObject\",\"inLanguage\":\"es\",\"@id\":\"https:\\\/\\\/cafo.org\\\/es\\\/research-center\\\/key-concepts\\\/children-and-technology\\\/#primaryimage\",\"url\":\"https:\\\/\\\/cafo.org\\\/wp-content\\\/uploads\\\/2023\\\/08\\\/research_keyconcepts_childrentechnology-1.jpg\",\"contentUrl\":\"https:\\\/\\\/cafo.org\\\/wp-content\\\/uploads\\\/2023\\\/08\\\/research_keyconcepts_childrentechnology-1.jpg\"},{\"@type\":\"BreadcrumbList\",\"@id\":\"https:\\\/\\\/cafo.org\\\/es\\\/research-center\\\/key-concepts\\\/children-and-technology\\\/#breadcrumb\",\"itemListElement\":[{\"@type\":\"ListItem\",\"position\":1,\"name\":\"Home\",\"item\":\"https:\\\/\\\/cafo.org\\\/\"},{\"@type\":\"ListItem\",\"position\":2,\"name\":\"Research Center\",\"item\":\"https:\\\/\\\/cafo.org\\\/research-center\\\/\"},{\"@type\":\"ListItem\",\"position\":3,\"name\":\"Key Concepts\",\"item\":\"https:\\\/\\\/cafo.org\\\/research-center\\\/key-concepts\\\/\"},{\"@type\":\"ListItem\",\"position\":4,\"name\":\"Children and Technology\"}]},{\"@type\":\"WebSite\",\"@id\":\"https:\\\/\\\/cafo.org\\\/es\\\/#website\",\"url\":\"https:\\\/\\\/cafo.org\\\/es\\\/\",\"name\":\"Christian Alliance for Orphans\",\"description\":\"\",\"potentialAction\":[{\"@type\":\"SearchAction\",\"target\":{\"@type\":\"EntryPoint\",\"urlTemplate\":\"https:\\\/\\\/cafo.org\\\/es\\\/?s={search_term_string}\"},\"query-input\":{\"@type\":\"PropertyValueSpecification\",\"valueRequired\":true,\"valueName\":\"search_term_string\"}}],\"inLanguage\":\"es\"}]}<\/script>\n<!-- \/ Yoast SEO plugin. -->","yoast_head_json":{"title":"Ni\u00f1os y tecnolog\u00eda - Christian Alliance for Orphans","robots":{"index":"index","follow":"follow","max-snippet":"max-snippet:-1","max-image-preview":"max-image-preview:large","max-video-preview":"max-video-preview:-1"},"canonical":"https:\/\/cafo.org\/es\/research-center\/key-concepts\/children-and-technology\/","og_locale":"es_MX","og_type":"article","og_title":"Children and Technology - Christian Alliance for Orphans","og_description":"Key concepts Children and Technology Technology is everywhere. Technology has arguably transformed our lives for the better, impacting everything from our washing machines to our cars to the devices we are using to read this. The ability to access life-saving medical equipment and engage in video calls with loved ones from a world away are ... Read more","og_url":"https:\/\/cafo.org\/es\/research-center\/key-concepts\/children-and-technology\/","og_site_name":"Christian Alliance for Orphans","article_modified_time":"2025-07-28T16:14:42+00:00","og_image":[{"url":"https:\/\/cafo.org\/wp-content\/uploads\/2023\/08\/research_keyconcepts_childrentechnology-1.jpg","type":"","width":"","height":""}],"twitter_card":"summary_large_image","twitter_misc":{"Tiempo de lectura":"3 minutos"},"schema":{"@context":"https:\/\/schema.org","@graph":[{"@type":"WebPage","@id":"https:\/\/cafo.org\/es\/research-center\/key-concepts\/children-and-technology\/","url":"https:\/\/cafo.org\/es\/research-center\/key-concepts\/children-and-technology\/","name":"Ni\u00f1os y tecnolog\u00eda - Christian Alliance for Orphans","isPartOf":{"@id":"https:\/\/cafo.org\/es\/#website"},"primaryImageOfPage":{"@id":"https:\/\/cafo.org\/es\/research-center\/key-concepts\/children-and-technology\/#primaryimage"},"image":{"@id":"https:\/\/cafo.org\/es\/research-center\/key-concepts\/children-and-technology\/#primaryimage"},"thumbnailUrl":"https:\/\/cafo.org\/wp-content\/uploads\/2023\/08\/research_keyconcepts_childrentechnology-1.jpg","datePublished":"2023-07-24T00:19:36+00:00","dateModified":"2025-07-28T16:14:42+00:00","breadcrumb":{"@id":"https:\/\/cafo.org\/es\/research-center\/key-concepts\/children-and-technology\/#breadcrumb"},"inLanguage":"es","potentialAction":[{"@type":"ReadAction","target":["https:\/\/cafo.org\/es\/research-center\/key-concepts\/children-and-technology\/"]}]},{"@type":"ImageObject","inLanguage":"es","@id":"https:\/\/cafo.org\/es\/research-center\/key-concepts\/children-and-technology\/#primaryimage","url":"https:\/\/cafo.org\/wp-content\/uploads\/2023\/08\/research_keyconcepts_childrentechnology-1.jpg","contentUrl":"https:\/\/cafo.org\/wp-content\/uploads\/2023\/08\/research_keyconcepts_childrentechnology-1.jpg"},{"@type":"BreadcrumbList","@id":"https:\/\/cafo.org\/es\/research-center\/key-concepts\/children-and-technology\/#breadcrumb","itemListElement":[{"@type":"ListItem","position":1,"name":"Home","item":"https:\/\/cafo.org\/"},{"@type":"ListItem","position":2,"name":"Research Center","item":"https:\/\/cafo.org\/research-center\/"},{"@type":"ListItem","position":3,"name":"Key Concepts","item":"https:\/\/cafo.org\/research-center\/key-concepts\/"},{"@type":"ListItem","position":4,"name":"Children and Technology"}]},{"@type":"WebSite","@id":"https:\/\/cafo.org\/es\/#website","url":"https:\/\/cafo.org\/es\/","name":"Christian Alliance for Orphans","description":"","potentialAction":[{"@type":"SearchAction","target":{"@type":"EntryPoint","urlTemplate":"https:\/\/cafo.org\/es\/?s={search_term_string}"},"query-input":{"@type":"PropertyValueSpecification","valueRequired":true,"valueName":"search_term_string"}}],"inLanguage":"es"}]}},"_links":{"self":[{"href":"https:\/\/cafo.org\/es\/wp-json\/wp\/v2\/pages\/3531","targetHints":{"allow":["GET"]}}],"collection":[{"href":"https:\/\/cafo.org\/es\/wp-json\/wp\/v2\/pages"}],"about":[{"href":"https:\/\/cafo.org\/es\/wp-json\/wp\/v2\/types\/page"}],"author":[{"embeddable":true,"href":"https:\/\/cafo.org\/es\/wp-json\/wp\/v2\/users\/20"}],"replies":[{"embeddable":true,"href":"https:\/\/cafo.org\/es\/wp-json\/wp\/v2\/comments?post=3531"}],"version-history":[{"count":15,"href":"https:\/\/cafo.org\/es\/wp-json\/wp\/v2\/pages\/3531\/revisions"}],"predecessor-version":[{"id":22809,"href":"https:\/\/cafo.org\/es\/wp-json\/wp\/v2\/pages\/3531\/revisions\/22809"}],"up":[{"embeddable":true,"href":"https:\/\/cafo.org\/es\/wp-json\/wp\/v2\/pages\/3525"}],"wp:attachment":[{"href":"https:\/\/cafo.org\/es\/wp-json\/wp\/v2\/media?parent=3531"}],"curies":[{"name":"wp","href":"https:\/\/api.w.org\/{rel}","templated":true}]}}