{"id":3532,"date":"2023-07-23T20:19:36","date_gmt":"2023-07-24T00:19:36","guid":{"rendered":"https:\/\/cafo.org\/research-center\/topics\/sponsorship\/"},"modified":"2023-09-13T13:50:58","modified_gmt":"2023-09-13T17:50:58","slug":"sponsorship","status":"publish","type":"page","link":"https:\/\/cafo.org\/es\/research-center\/key-concepts\/sponsorship\/","title":{"rendered":"Patrocinio"},"content":{"rendered":"Conceptos clave\n<h1>\n\t\tPatrocinio\n\t<\/h1>\n<h2>\n\t\tQuieres lo que <em>mejor<\/em> para ni\u00f1os.\n\t<\/h2>\n\n\t\tEn todo el mundo, miles de programas utilizan un modelo de apadrinamiento como forma de conectar a los donantes con los ni\u00f1os y las familias que necesitan ayuda.  Participamos en programas de apadrinamiento porque queremos lo mejor para los ni\u00f1os, especialmente para los m\u00e1s vulnerables.\n\t\n<h2>\n\t\tEl patrocinio incluye <em>beneficios<\/em> y <em>riesgos<\/em>.\n\t<\/h2>\n\n\t\tComo cualquier programa, el apadrinamiento tiene el potencial de hacer mucho bien y mucho mal.  El apadrinamiento puede definirse como cualquier programa, normalmente financiado por donantes externos, que apoya el crecimiento y el desarrollo hol\u00edsticos de los ni\u00f1os, las familias y\/o las comunidades. Algunos programas de apadrinamiento vinculan a esos donantes con participantes espec\u00edficos del programa, mientras que otros son m\u00e1s amplios.\n\t\n<h2>\n\t\tJuntos podemos patrocinar <em>mejor<\/em>.\n\t<\/h2>\n\n\t\tEn la \u00faltima d\u00e9cada, organizaciones y donantes han reflexionado cr\u00edticamente sobre el funcionamiento de estos programas. Aunque la investigaci\u00f3n es limitada, existe un consenso entre las organizaciones sin \u00e1nimo de lucro sobre algunas \u00e1reas de preocupaci\u00f3n: la protecci\u00f3n de la infancia, la integridad financiera y la \u00e9tica en la narraci\u00f3n de historias, por nombrar algunas.\n\t\n\t<p>Afortunadamente, cada vez se reconocen m\u00e1s las directrices b\u00e1sicas de un programa de patrocinio saludable. Con una planificaci\u00f3n sensata y una consideraci\u00f3n cuidadosa, podemos dar la m\u00e1xima prioridad a los intereses de aquellos a quienes servimos.<\/p>\n\t\t\t\t<img loading=\"lazy\" decoding=\"async\" src=\"https:\/\/cafo.org\/wp-content\/uploads\/2023\/08\/global-network-vision-header-1.jpg\" alt=\"global-network-vision-header (1)\" itemprop=\"image\" height=\"920\" width=\"1192\" title=\"global-network-vision-header (1)\" onerror=\"this.style.display='none'\"  \/>\n\t\t\t\t<img loading=\"lazy\" decoding=\"async\" src=\"https:\/\/cafo.org\/wp-content\/uploads\/2023\/08\/Guidelines-for-Healthy-Sponsorship-Programs.jpg\" alt=\"Guidelines-for-Healthy-Sponsorship-Programs.jpg\" itemprop=\"image\" height=\"714\" width=\"1000\" title=\"Directrices para programas de patrocinio saludables.jpg\" onerror=\"this.style.display='none'\"  \/>\n<h2>\n\t\tEso es lo que <em>Directrices para programas de patrocinio saludables<\/em> es sobre.\n\t<\/h2>\n\n\t\tAcceda gratis al libro\n\t\n\t\t\t<a href=\"https:\/\/issuu.com\/christianalliancefororphans\/docs\/healthy_guidelines_final\" target=\"_blank\" rel=\"noopener\">\n\t\t\t\t\t\t\tLeer en ingl\u00e9s\n\t\t\t\t\t<\/a>\n<h2>\n\t\t\u00bfQui\u00e9n deber\u00eda leer este libro?\n\t<\/h2>\n\t\t\t <p>Responsables de programas, personal y voluntarios de organizaciones que ofrecen programas de apadrinamiento.<\/p>\t\t\n\t\t\t <p>Donantes a trav\u00e9s de programas de patrocinio.<\/p>\t\t\n\t\t\t <p>L\u00edderes de ministerios eclesi\u00e1sticos, personal y voluntarios que colaboran con organizaciones de patrocinio.<\/p>\t\t\n\t\t\t <p>Miembros de consejos de administraci\u00f3n y donantes de organizaciones patrocinadoras.<\/p>\t\t\n\t<h2>\n\t\t\u00bfQu\u00e9 aprender\u00e1s?\n\t<\/h2>\n\t\t\t <p>\u00bfQu\u00e9 es el patrocinio?<\/p>\t\t\n\t\t\t <p>\u00bfQu\u00e9 elementos debe incluir un programa de patrocinio saludable?<\/p>\t\t\n\t\t\t <p>\u00bfC\u00f3mo prev\u00e9n otras organizaciones el patrocinio?<\/p>\t\t\n\t\t\t <p>\u00bfQu\u00e9 cambios han introducido otros programas para que el apadrinamiento sea mejor para los ni\u00f1os?<\/p>\t\t\n\t\t\t <p>\u00bfC\u00f3mo podemos utilizar la herramienta de auditor\u00eda gratuita y desarrollar un plan para un patrocinio saludable?<\/p>\t\t\n\t\tDirectrices para un patrocinio saludable\n<h2>\n\t\t\u00bfQu\u00e9 es <em>incluido<\/em> en el libro?\n\t<\/h2>\n\t\t\t\t\t\t\t\t\t\t\t\t<h4> Orientaci\u00f3n clara <\/h4>\n\t\t\t\t\t\t\t\t\t\t\t\t<h5>Orientaci\u00f3n clara<\/h5>\n\t\t\t\t\t\t<p>Encontrar\u00e1 orientaci\u00f3n basada en pruebas, que va m\u00e1s all\u00e1 de la teor\u00eda y las opiniones para mostrarle lo que realmente funciona.<\/p>\t\t\t\t\t\n\t\t\t\t\t\t\t\t\t\t\t\t<h4> Explicaciones visuales <\/h4>\n\t\t\t\t\t\t\t\t\t\t\t\t<h5>Explicaciones visuales<\/h5>\n\t\t\t\t\t\t<p>Las infograf\u00edas que presentan y explican conceptos complejos simplificar\u00e1n y acelerar\u00e1n su aprendizaje.<\/p>\t\t\t\t\t\n\t\t\t\t\t\t\t\t\t\t\t\t<h4> Pasos pr\u00e1cticos <\/h4>\n\t\t\t\t\t\t\t\t\t\t\t\t<h5>Pasos pr\u00e1cticos<\/h5>\n\t\t\t\t\t\t<p>Unos pasos de acci\u00f3n claros le ayudar\u00e1n a poner en pr\u00e1ctica lo aprendido para mejorar su pr\u00e1ctica.<\/p>\t\t\t\t\t\n\t\t\t\t\t\t\t\t\t\t\t\t<h4> Recursos gratuitos <\/h4>\n\t\t\t\t\t\t\t\t\t\t\t\t<h5>Recursos gratuitos<\/h5>\n\t\t\t\t\t\t<p>Una lista curada de recursos relevantes le permitir\u00e1 profundizar en sus \u00e1reas de inter\u00e9s.<\/p>\t\t\t\t\t\n<h2>\n\t\tLeer <em>Directrices para programas de patrocinio saludables<\/em> \u00a1gratis hoy mismo!\n\t<\/h2>\n\t\t\t<a href=\"https:\/\/cafo.org\/es\/resources\/healthy-guidelines-for-sponsorship-programs\/\" target=\"_blank\" rel=\"noopener\">\n\t\t\t\t\t\t\tLeer en ingl\u00e9s\n\t\t\t\t\t<\/a>\n<h2>\n\t\t\u00danase a nosotros en el viaje de aprender a servir mejor a los ni\u00f1os y a las familias...<em>juntos<\/em>.\n\t<\/h2>","protected":false},"excerpt":{"rendered":"<p>Conceptos clave Apadrinamiento Usted quiere lo mejor para los ni\u00f1os. En todo el mundo, miles de programas utilizan un modelo de apadrinamiento como forma de conectar a los donantes con los ni\u00f1os y las familias que necesitan ayuda. Participamos en programas de apadrinamiento porque queremos lo mejor para los ni\u00f1os, especialmente para los m\u00e1s vulnerables. El apadrinamiento conlleva beneficios... <a title=\"Patrocinio\" class=\"read-more\" href=\"https:\/\/cafo.org\/es\/research-center\/key-concepts\/sponsorship\/\" aria-label=\"Leer m\u00e1s sobre Patrocinio\">Seguir leyendo<\/a><\/p>","protected":false},"author":20,"featured_media":0,"parent":3525,"menu_order":120,"comment_status":"closed","ping_status":"closed","template":"page-research-best-practices-initiative.php","meta":{"_acf_changed":false,"footnotes":""},"class_list":["post-3532","page","type-page","status-publish"],"acf":[],"yoast_head":"<!-- This site is optimized with the Yoast SEO plugin v27.4 - https:\/\/yoast.com\/product\/yoast-seo-wordpress\/ -->\n<title>Sponsorship - Christian Alliance for Orphans<\/title>\n<meta name=\"robots\" content=\"index, follow, max-snippet:-1, max-image-preview:large, max-video-preview:-1\" \/>\n<link rel=\"canonical\" href=\"https:\/\/cafo.org\/es\/research-center\/key-concepts\/sponsorship\/\" \/>\n<meta property=\"og:locale\" content=\"es_MX\" \/>\n<meta property=\"og:type\" content=\"article\" \/>\n<meta property=\"og:title\" content=\"Sponsorship - Christian Alliance for Orphans\" \/>\n<meta property=\"og:description\" content=\"Key concepts Sponsorship You want what&#8217;s best for children. Around the world, thousands of programs use a sponsorship model as a way to connect donors with children and families in need of support. We engage in sponsorship programs because we want what&#8217;s best for children &#8211; particularly those who are vulnerable. Sponsorship comes with benefits ... Read more\" \/>\n<meta property=\"og:url\" content=\"https:\/\/cafo.org\/es\/research-center\/key-concepts\/sponsorship\/\" \/>\n<meta property=\"og:site_name\" content=\"Christian Alliance for Orphans\" \/>\n<meta property=\"article:modified_time\" content=\"2023-09-13T17:50:58+00:00\" \/>\n<meta property=\"og:image\" content=\"https:\/\/cafo.org\/wp-content\/uploads\/2023\/08\/global-network-vision-header-1.jpg\" \/>\n<meta name=\"twitter:card\" content=\"summary_large_image\" \/>\n<meta name=\"twitter:label1\" content=\"Tiempo de lectura\" \/>\n\t<meta name=\"twitter:data1\" content=\"2 minutos\" \/>\n<script type=\"application\/ld+json\" class=\"yoast-schema-graph\">{\"@context\":\"https:\\\/\\\/schema.org\",\"@graph\":[{\"@type\":\"WebPage\",\"@id\":\"https:\\\/\\\/cafo.org\\\/es\\\/research-center\\\/key-concepts\\\/sponsorship\\\/\",\"url\":\"https:\\\/\\\/cafo.org\\\/es\\\/research-center\\\/key-concepts\\\/sponsorship\\\/\",\"name\":\"Sponsorship - Christian Alliance for Orphans\",\"isPartOf\":{\"@id\":\"https:\\\/\\\/cafo.org\\\/es\\\/#website\"},\"primaryImageOfPage\":{\"@id\":\"https:\\\/\\\/cafo.org\\\/es\\\/research-center\\\/key-concepts\\\/sponsorship\\\/#primaryimage\"},\"image\":{\"@id\":\"https:\\\/\\\/cafo.org\\\/es\\\/research-center\\\/key-concepts\\\/sponsorship\\\/#primaryimage\"},\"thumbnailUrl\":\"https:\\\/\\\/cafo.org\\\/wp-content\\\/uploads\\\/2023\\\/08\\\/global-network-vision-header-1.jpg\",\"datePublished\":\"2023-07-24T00:19:36+00:00\",\"dateModified\":\"2023-09-13T17:50:58+00:00\",\"breadcrumb\":{\"@id\":\"https:\\\/\\\/cafo.org\\\/es\\\/research-center\\\/key-concepts\\\/sponsorship\\\/#breadcrumb\"},\"inLanguage\":\"es\",\"potentialAction\":[{\"@type\":\"ReadAction\",\"target\":[\"https:\\\/\\\/cafo.org\\\/es\\\/research-center\\\/key-concepts\\\/sponsorship\\\/\"]}]},{\"@type\":\"ImageObject\",\"inLanguage\":\"es\",\"@id\":\"https:\\\/\\\/cafo.org\\\/es\\\/research-center\\\/key-concepts\\\/sponsorship\\\/#primaryimage\",\"url\":\"https:\\\/\\\/cafo.org\\\/wp-content\\\/uploads\\\/2023\\\/08\\\/global-network-vision-header-1.jpg\",\"contentUrl\":\"https:\\\/\\\/cafo.org\\\/wp-content\\\/uploads\\\/2023\\\/08\\\/global-network-vision-header-1.jpg\"},{\"@type\":\"BreadcrumbList\",\"@id\":\"https:\\\/\\\/cafo.org\\\/es\\\/research-center\\\/key-concepts\\\/sponsorship\\\/#breadcrumb\",\"itemListElement\":[{\"@type\":\"ListItem\",\"position\":1,\"name\":\"Home\",\"item\":\"https:\\\/\\\/cafo.org\\\/\"},{\"@type\":\"ListItem\",\"position\":2,\"name\":\"Research Center\",\"item\":\"https:\\\/\\\/cafo.org\\\/research-center\\\/\"},{\"@type\":\"ListItem\",\"position\":3,\"name\":\"Key Concepts\",\"item\":\"https:\\\/\\\/cafo.org\\\/research-center\\\/key-concepts\\\/\"},{\"@type\":\"ListItem\",\"position\":4,\"name\":\"Sponsorship\"}]},{\"@type\":\"WebSite\",\"@id\":\"https:\\\/\\\/cafo.org\\\/es\\\/#website\",\"url\":\"https:\\\/\\\/cafo.org\\\/es\\\/\",\"name\":\"Christian Alliance for Orphans\",\"description\":\"\",\"potentialAction\":[{\"@type\":\"SearchAction\",\"target\":{\"@type\":\"EntryPoint\",\"urlTemplate\":\"https:\\\/\\\/cafo.org\\\/es\\\/?s={search_term_string}\"},\"query-input\":{\"@type\":\"PropertyValueSpecification\",\"valueRequired\":true,\"valueName\":\"search_term_string\"}}],\"inLanguage\":\"es\"}]}<\/script>\n<!-- \/ Yoast SEO plugin. -->","yoast_head_json":{"title":"Patrocinio - Christian Alliance for Orphans","robots":{"index":"index","follow":"follow","max-snippet":"max-snippet:-1","max-image-preview":"max-image-preview:large","max-video-preview":"max-video-preview:-1"},"canonical":"https:\/\/cafo.org\/es\/research-center\/key-concepts\/sponsorship\/","og_locale":"es_MX","og_type":"article","og_title":"Sponsorship - Christian Alliance for Orphans","og_description":"Key concepts Sponsorship You want what&#8217;s best for children. Around the world, thousands of programs use a sponsorship model as a way to connect donors with children and families in need of support. We engage in sponsorship programs because we want what&#8217;s best for children &#8211; particularly those who are vulnerable. Sponsorship comes with benefits ... Read more","og_url":"https:\/\/cafo.org\/es\/research-center\/key-concepts\/sponsorship\/","og_site_name":"Christian Alliance for Orphans","article_modified_time":"2023-09-13T17:50:58+00:00","og_image":[{"url":"https:\/\/cafo.org\/wp-content\/uploads\/2023\/08\/global-network-vision-header-1.jpg","type":"","width":"","height":""}],"twitter_card":"summary_large_image","twitter_misc":{"Tiempo de lectura":"2 minutos"},"schema":{"@context":"https:\/\/schema.org","@graph":[{"@type":"WebPage","@id":"https:\/\/cafo.org\/es\/research-center\/key-concepts\/sponsorship\/","url":"https:\/\/cafo.org\/es\/research-center\/key-concepts\/sponsorship\/","name":"Patrocinio - Christian Alliance for Orphans","isPartOf":{"@id":"https:\/\/cafo.org\/es\/#website"},"primaryImageOfPage":{"@id":"https:\/\/cafo.org\/es\/research-center\/key-concepts\/sponsorship\/#primaryimage"},"image":{"@id":"https:\/\/cafo.org\/es\/research-center\/key-concepts\/sponsorship\/#primaryimage"},"thumbnailUrl":"https:\/\/cafo.org\/wp-content\/uploads\/2023\/08\/global-network-vision-header-1.jpg","datePublished":"2023-07-24T00:19:36+00:00","dateModified":"2023-09-13T17:50:58+00:00","breadcrumb":{"@id":"https:\/\/cafo.org\/es\/research-center\/key-concepts\/sponsorship\/#breadcrumb"},"inLanguage":"es","potentialAction":[{"@type":"ReadAction","target":["https:\/\/cafo.org\/es\/research-center\/key-concepts\/sponsorship\/"]}]},{"@type":"ImageObject","inLanguage":"es","@id":"https:\/\/cafo.org\/es\/research-center\/key-concepts\/sponsorship\/#primaryimage","url":"https:\/\/cafo.org\/wp-content\/uploads\/2023\/08\/global-network-vision-header-1.jpg","contentUrl":"https:\/\/cafo.org\/wp-content\/uploads\/2023\/08\/global-network-vision-header-1.jpg"},{"@type":"BreadcrumbList","@id":"https:\/\/cafo.org\/es\/research-center\/key-concepts\/sponsorship\/#breadcrumb","itemListElement":[{"@type":"ListItem","position":1,"name":"Home","item":"https:\/\/cafo.org\/"},{"@type":"ListItem","position":2,"name":"Research Center","item":"https:\/\/cafo.org\/research-center\/"},{"@type":"ListItem","position":3,"name":"Key Concepts","item":"https:\/\/cafo.org\/research-center\/key-concepts\/"},{"@type":"ListItem","position":4,"name":"Sponsorship"}]},{"@type":"WebSite","@id":"https:\/\/cafo.org\/es\/#website","url":"https:\/\/cafo.org\/es\/","name":"Christian Alliance for Orphans","description":"","potentialAction":[{"@type":"SearchAction","target":{"@type":"EntryPoint","urlTemplate":"https:\/\/cafo.org\/es\/?s={search_term_string}"},"query-input":{"@type":"PropertyValueSpecification","valueRequired":true,"valueName":"search_term_string"}}],"inLanguage":"es"}]}},"_links":{"self":[{"href":"https:\/\/cafo.org\/es\/wp-json\/wp\/v2\/pages\/3532","targetHints":{"allow":["GET"]}}],"collection":[{"href":"https:\/\/cafo.org\/es\/wp-json\/wp\/v2\/pages"}],"about":[{"href":"https:\/\/cafo.org\/es\/wp-json\/wp\/v2\/types\/page"}],"author":[{"embeddable":true,"href":"https:\/\/cafo.org\/es\/wp-json\/wp\/v2\/users\/20"}],"replies":[{"embeddable":true,"href":"https:\/\/cafo.org\/es\/wp-json\/wp\/v2\/comments?post=3532"}],"version-history":[{"count":11,"href":"https:\/\/cafo.org\/es\/wp-json\/wp\/v2\/pages\/3532\/revisions"}],"predecessor-version":[{"id":13442,"href":"https:\/\/cafo.org\/es\/wp-json\/wp\/v2\/pages\/3532\/revisions\/13442"}],"up":[{"embeddable":true,"href":"https:\/\/cafo.org\/es\/wp-json\/wp\/v2\/pages\/3525"}],"wp:attachment":[{"href":"https:\/\/cafo.org\/es\/wp-json\/wp\/v2\/media?parent=3532"}],"curies":[{"name":"wp","href":"https:\/\/api.w.org\/{rel}","templated":true}]}}